{"id":88,"date":"2021-09-17T16:20:34","date_gmt":"2021-09-17T19:20:34","guid":{"rendered":"https:\/\/protelim.com.br\/?post_type=product&#038;p=88"},"modified":"2024-06-10T19:49:24","modified_gmt":"2024-06-10T22:49:24","slug":"silicona-liquida-prot-sil","status":"publish","type":"product","link":"https:\/\/protelim.com.br\/es\/producto\/silicona-liquida-prot-sil\/","title":{"rendered":"PROT SIL SILICONA L\u00cdQUIDA"},"content":{"rendered":"<p><span style=\"font-weight: 400;\">PROT SIL es un producto l\u00edquido concentrado a base de silicona de secado r\u00e1pido que se utiliza para el acabado de neum\u00e1ticos, piezas de pl\u00e1stico y paneles.<\/span><\/p>\n<p>ENVASES: <span style=\"font-weight: 400;\">5L y 20L<\/span><\/p>\n","protected":false},"excerpt":{"rendered":"<p>PROT SIL es un producto l\u00edquido concentrado a base de silicona de secado r\u00e1pido que se utiliza para el acabado de neum\u00e1ticos, piezas de pl\u00e1stico y paneles. ENVASES: 5L y 20L<\/p>\n","protected":false},"featured_media":89,"template":"","meta":{"_acf_changed":false},"product_brand":[],"product_cat":[233,240,242,271,288,274],"product_tag":[],"class_list":{"0":"post-88","1":"product","2":"type-product","3":"status-publish","4":"has-post-thumbnail","6":"product_cat-segmento-automotriz","7":"product_cat-acabado","8":"product_cat-categorias","9":"product_cat-neumaticos-abrillantador","10":"product_cat-silicones-otros-productos","11":"product_cat-siliconas","13":"first","14":"instock","15":"shipping-taxable","16":"product-type-simple"},"acf":[],"_links":{"self":[{"href":"https:\/\/protelim.com.br\/es\/wp-json\/wp\/v2\/product\/88","targetHints":{"allow":["GET"]}}],"collection":[{"href":"https:\/\/protelim.com.br\/es\/wp-json\/wp\/v2\/product"}],"about":[{"href":"https:\/\/protelim.com.br\/es\/wp-json\/wp\/v2\/types\/product"}],"version-history":[{"count":3,"href":"https:\/\/protelim.com.br\/es\/wp-json\/wp\/v2\/product\/88\/revisions"}],"predecessor-version":[{"id":9247,"href":"https:\/\/protelim.com.br\/es\/wp-json\/wp\/v2\/product\/88\/revisions\/9247"}],"wp:featuredmedia":[{"embeddable":true,"href":"https:\/\/protelim.com.br\/es\/wp-json\/wp\/v2\/media\/89"}],"wp:attachment":[{"href":"https:\/\/protelim.com.br\/es\/wp-json\/wp\/v2\/media?parent=88"}],"wp:term":[{"taxonomy":"product_brand","embeddable":true,"href":"https:\/\/protelim.com.br\/es\/wp-json\/wp\/v2\/product_brand?post=88"},{"taxonomy":"product_cat","embeddable":true,"href":"https:\/\/protelim.com.br\/es\/wp-json\/wp\/v2\/product_cat?post=88"},{"taxonomy":"product_tag","embeddable":true,"href":"https:\/\/protelim.com.br\/es\/wp-json\/wp\/v2\/product_tag?post=88"}],"curies":[{"name":"wp","href":"https:\/\/api.w.org\/{rel}","templated":true}]}}