{"id":84,"date":"2021-09-17T16:17:07","date_gmt":"2021-09-17T19:17:07","guid":{"rendered":"https:\/\/protelim.com.br\/?post_type=product&#038;p=84"},"modified":"2025-01-20T12:31:23","modified_gmt":"2025-01-20T15:31:23","slug":"protegel-new-en-gel","status":"publish","type":"product","link":"https:\/\/protelim.com.br\/es\/producto\/protegel-new-en-gel\/","title":{"rendered":"PROTEGEL NEW &#8211; GEL"},"content":{"rendered":"<p><span style=\"font-weight: 400;\">PROTEGEL NEW es una mezcla de siliconas y glicerina, de uso externo, que act\u00faa como un gel negro, ya que revitaliza, protege y da brillo a las superficies, especialmente a los neum\u00e1ticos. Tambi\u00e9n evita la desecaci\u00f3n causada por la intemperie en las piezas de pl\u00e1stico, gomas y materiales sint\u00e9ticos sobre los que se aplica.<\/span><\/p>\n<p>EMBALAJE: <span style=\"font-weight: 400;\">3,6 Kg y 20 Kg<\/span><\/p>\n<p>PRESTACIONES:<\/p>\n<p><span style=\"font-weight: 400;\">Rendimiento \u00f3ptimo<\/span><\/p>\n<p><span style=\"font-weight: 400;\">F\u00e1cil de aplicar<\/span><\/p>\n<p><span style=\"font-weight: 400;\">Alto brillo<\/span><\/p>\n","protected":false},"excerpt":{"rendered":"<p>PROTEGEL NEW es una mezcla de siliconas y glicerina, de uso externo, que act\u00faa como un gel negro, ya que revitaliza, protege y da brillo a las superficies, especialmente a los neum\u00e1ticos. Tambi\u00e9n evita la desecaci\u00f3n causada por la intemperie en las piezas de pl\u00e1stico, gomas y materiales sint\u00e9ticos sobre los que se aplica. EMBALAJE: [&hellip;]<\/p>\n","protected":false},"featured_media":85,"template":"","meta":{"_acf_changed":false},"product_brand":[],"product_cat":[233,240,269,242,271,288,274],"product_tag":[],"class_list":{"0":"post-84","1":"product","2":"type-product","3":"status-publish","4":"has-post-thumbnail","6":"product_cat-segmento-automotriz","7":"product_cat-acabado","8":"product_cat-plasticos-y-vinilos","9":"product_cat-categorias","10":"product_cat-neumaticos-abrillantador","11":"product_cat-silicones-otros-productos","12":"product_cat-siliconas","14":"first","15":"instock","16":"shipping-taxable","17":"product-type-simple"},"acf":[],"_links":{"self":[{"href":"https:\/\/protelim.com.br\/es\/wp-json\/wp\/v2\/product\/84","targetHints":{"allow":["GET"]}}],"collection":[{"href":"https:\/\/protelim.com.br\/es\/wp-json\/wp\/v2\/product"}],"about":[{"href":"https:\/\/protelim.com.br\/es\/wp-json\/wp\/v2\/types\/product"}],"version-history":[{"count":3,"href":"https:\/\/protelim.com.br\/es\/wp-json\/wp\/v2\/product\/84\/revisions"}],"predecessor-version":[{"id":9650,"href":"https:\/\/protelim.com.br\/es\/wp-json\/wp\/v2\/product\/84\/revisions\/9650"}],"wp:featuredmedia":[{"embeddable":true,"href":"https:\/\/protelim.com.br\/es\/wp-json\/wp\/v2\/media\/85"}],"wp:attachment":[{"href":"https:\/\/protelim.com.br\/es\/wp-json\/wp\/v2\/media?parent=84"}],"wp:term":[{"taxonomy":"product_brand","embeddable":true,"href":"https:\/\/protelim.com.br\/es\/wp-json\/wp\/v2\/product_brand?post=84"},{"taxonomy":"product_cat","embeddable":true,"href":"https:\/\/protelim.com.br\/es\/wp-json\/wp\/v2\/product_cat?post=84"},{"taxonomy":"product_tag","embeddable":true,"href":"https:\/\/protelim.com.br\/es\/wp-json\/wp\/v2\/product_tag?post=84"}],"curies":[{"name":"wp","href":"https:\/\/api.w.org\/{rel}","templated":true}]}}