{"id":80,"date":"2021-09-17T16:14:47","date_gmt":"2021-09-17T19:14:47","guid":{"rendered":"https:\/\/protelim.com.br\/?post_type=product&#038;p=80"},"modified":"2024-06-10T19:49:46","modified_gmt":"2024-06-10T22:49:46","slug":"silicona-en-gel-automotriz-protegel","status":"publish","type":"product","link":"https:\/\/protelim.com.br\/es\/producto\/silicona-en-gel-automotriz-protegel\/","title":{"rendered":"PROTEGEL &#8211; SILICONE EM GEL AUTOMOTIVO"},"content":{"rendered":"<p><span style=\"font-weight: 400;\">PROTEGEL es un acabado de silicona t\u00e9cnicamente desarrollado para revitalizar paneles, piezas de pl\u00e1stico y gomas del interior de su veh\u00edculo. Este gel de silicona para autom\u00f3viles tambi\u00e9n puede aplicarse a neum\u00e1ticos, molduras y parachoques de pl\u00e1stico, evitando que las superficies se sequen y proporcionando un bonito brillo satinado.<\/span><\/p>\n<p>EMBALAJE: <span style=\"font-weight: 400;\">3,1 Kg<\/span><\/p>\n<p>PRESTACIONES:<\/p>\n<p><span style=\"font-weight: 400;\">Brillo moderado sin untuosidad<\/span><\/p>\n<p><span style=\"font-weight: 400;\">Alto poder de sujeci\u00f3n<\/span><\/p>\n<p><span style=\"font-weight: 400;\">Hidrataci\u00f3n de pl\u00e1sticos y cauchos<\/span><\/p>\n","protected":false},"excerpt":{"rendered":"<p>PROTEGEL es un acabado de silicona t\u00e9cnicamente desarrollado para revitalizar paneles, piezas de pl\u00e1stico y gomas del interior de su veh\u00edculo. Este gel de silicona para autom\u00f3viles tambi\u00e9n puede aplicarse a neum\u00e1ticos, molduras y parachoques de pl\u00e1stico, evitando que las superficies se sequen y proporcionando un bonito brillo satinado. EMBALAJE: 3,1 Kg PRESTACIONES: Brillo moderado [&hellip;]<\/p>\n","protected":false},"featured_media":81,"template":"","meta":{"_acf_changed":false},"product_brand":[],"product_cat":[233,240,269,242,288,274],"product_tag":[],"class_list":{"0":"post-80","1":"product","2":"type-product","3":"status-publish","4":"has-post-thumbnail","6":"product_cat-segmento-automotriz","7":"product_cat-acabado","8":"product_cat-plasticos-y-vinilos","9":"product_cat-categorias","10":"product_cat-silicones-otros-productos","11":"product_cat-siliconas","13":"first","14":"instock","15":"shipping-taxable","16":"product-type-simple"},"acf":[],"_links":{"self":[{"href":"https:\/\/protelim.com.br\/es\/wp-json\/wp\/v2\/product\/80","targetHints":{"allow":["GET"]}}],"collection":[{"href":"https:\/\/protelim.com.br\/es\/wp-json\/wp\/v2\/product"}],"about":[{"href":"https:\/\/protelim.com.br\/es\/wp-json\/wp\/v2\/types\/product"}],"version-history":[{"count":3,"href":"https:\/\/protelim.com.br\/es\/wp-json\/wp\/v2\/product\/80\/revisions"}],"predecessor-version":[{"id":9215,"href":"https:\/\/protelim.com.br\/es\/wp-json\/wp\/v2\/product\/80\/revisions\/9215"}],"wp:featuredmedia":[{"embeddable":true,"href":"https:\/\/protelim.com.br\/es\/wp-json\/wp\/v2\/media\/81"}],"wp:attachment":[{"href":"https:\/\/protelim.com.br\/es\/wp-json\/wp\/v2\/media?parent=80"}],"wp:term":[{"taxonomy":"product_brand","embeddable":true,"href":"https:\/\/protelim.com.br\/es\/wp-json\/wp\/v2\/product_brand?post=80"},{"taxonomy":"product_cat","embeddable":true,"href":"https:\/\/protelim.com.br\/es\/wp-json\/wp\/v2\/product_cat?post=80"},{"taxonomy":"product_tag","embeddable":true,"href":"https:\/\/protelim.com.br\/es\/wp-json\/wp\/v2\/product_tag?post=80"}],"curies":[{"name":"wp","href":"https:\/\/api.w.org\/{rel}","templated":true}]}}