{"id":78,"date":"2021-09-17T16:11:17","date_gmt":"2021-09-17T19:11:17","guid":{"rendered":"https:\/\/protelim.com.br\/?post_type=product&#038;p=78"},"modified":"2024-12-03T10:22:53","modified_gmt":"2024-12-03T13:22:53","slug":"limpia-neumatico-concentrado-prot-neumatico-c","status":"publish","type":"product","link":"https:\/\/protelim.com.br\/es\/producto\/limpia-neumatico-concentrado-prot-neumatico-c\/","title":{"rendered":"PROT PNEU C &#8211; LIMPIADOR DE NEUM\u00c1TICOS CONCENTRADO"},"content":{"rendered":"<p><span style=\"font-weight: 400;\">PROT PNEU C es un limpiador de neum\u00e1ticos concentrado. Su formulaci\u00f3n ha sido dise\u00f1ada para ofrecerle un excelente rendimiento y rendimiento del producto. Por su composici\u00f3n concentrada, proporciona renovaci\u00f3n, protecci\u00f3n y brillo duradero a neum\u00e1ticos, polainas y gomas en general. Debe utilizarse en autom\u00f3viles, autobuses y camiones, en superficies de goma y neum\u00e1ticos.<\/span><\/p>\n<p>ENVASES: <span style=\"font-weight: 400;\">5L, 20L y 50L<\/span><\/p>\n<p>PRESTACIONES:<\/p>\n<p><span style=\"font-weight: 400;\">Alto rendimiento<\/span><\/p>\n<p><span style=\"font-weight: 400;\">Acabado perfecto<\/span><\/p>\n","protected":false},"excerpt":{"rendered":"<p>PROT PNEU C es un limpiador de neum\u00e1ticos concentrado. Su formulaci\u00f3n ha sido dise\u00f1ada para ofrecerle un excelente rendimiento y rendimiento del producto. Por su composici\u00f3n concentrada, proporciona renovaci\u00f3n, protecci\u00f3n y brillo duradero a neum\u00e1ticos, polainas y gomas en general. Debe utilizarse en autom\u00f3viles, autobuses y camiones, en superficies de goma y neum\u00e1ticos. ENVASES: 5L, [&hellip;]<\/p>\n","protected":false},"featured_media":4628,"template":"","meta":{"_acf_changed":false},"product_brand":[],"product_cat":[233,240,242,271,294],"product_tag":[],"class_list":{"0":"post-78","1":"product","2":"type-product","3":"status-publish","4":"has-post-thumbnail","6":"product_cat-segmento-automotriz","7":"product_cat-acabado","8":"product_cat-categorias","9":"product_cat-neumaticos-abrillantador","10":"product_cat-limpia-neumaticos","12":"first","13":"instock","14":"shipping-taxable","15":"product-type-simple"},"acf":[],"_links":{"self":[{"href":"https:\/\/protelim.com.br\/es\/wp-json\/wp\/v2\/product\/78","targetHints":{"allow":["GET"]}}],"collection":[{"href":"https:\/\/protelim.com.br\/es\/wp-json\/wp\/v2\/product"}],"about":[{"href":"https:\/\/protelim.com.br\/es\/wp-json\/wp\/v2\/types\/product"}],"version-history":[{"count":3,"href":"https:\/\/protelim.com.br\/es\/wp-json\/wp\/v2\/product\/78\/revisions"}],"predecessor-version":[{"id":9637,"href":"https:\/\/protelim.com.br\/es\/wp-json\/wp\/v2\/product\/78\/revisions\/9637"}],"wp:featuredmedia":[{"embeddable":true,"href":"https:\/\/protelim.com.br\/es\/wp-json\/wp\/v2\/media\/4628"}],"wp:attachment":[{"href":"https:\/\/protelim.com.br\/es\/wp-json\/wp\/v2\/media?parent=78"}],"wp:term":[{"taxonomy":"product_brand","embeddable":true,"href":"https:\/\/protelim.com.br\/es\/wp-json\/wp\/v2\/product_brand?post=78"},{"taxonomy":"product_cat","embeddable":true,"href":"https:\/\/protelim.com.br\/es\/wp-json\/wp\/v2\/product_cat?post=78"},{"taxonomy":"product_tag","embeddable":true,"href":"https:\/\/protelim.com.br\/es\/wp-json\/wp\/v2\/product_tag?post=78"}],"curies":[{"name":"wp","href":"https:\/\/api.w.org\/{rel}","templated":true}]}}