{"id":76,"date":"2021-09-17T16:10:15","date_gmt":"2021-09-17T19:10:15","guid":{"rendered":"https:\/\/protelim.com.br\/?post_type=product&#038;p=76"},"modified":"2024-06-10T19:49:57","modified_gmt":"2024-06-10T22:49:57","slug":"limpia-neumaticos-prot-neumatico-blue","status":"publish","type":"product","link":"https:\/\/protelim.com.br\/es\/producto\/limpia-neumaticos-prot-neumatico-blue\/","title":{"rendered":"LIMPIADOR PROTECTOR DE NEUM\u00c1TICOS AZUL"},"content":{"rendered":"<p><span style=\"font-weight: 400;\">PROT PNEU BLUE es un limpiador de neum\u00e1ticos. Su formulaci\u00f3n ha sido dise\u00f1ada para conseguir un excelente acabado. Con su composici\u00f3n, proporciona renovaci\u00f3n, protecci\u00f3n y brillo duradero en neum\u00e1ticos, polainas y gomas en general. Se recomienda su uso en autom\u00f3viles, autobuses y camiones, y se aplica siempre sobre neum\u00e1ticos y gomas.<\/span><\/p>\n<p><b>ENVASES: <\/b><span style=\"font-weight: 400;\">5L, 20L y 50L<\/span><\/p>\n<p><b>PRESTACIONES:<\/b><\/p>\n<p><span style=\"font-weight: 400;\">Alto rendimiento<\/span><\/p>\n<p><span style=\"font-weight: 400;\">Acabado perfecto<\/span><\/p>\n","protected":false},"excerpt":{"rendered":"<p>PROT PNEU BLUE es un limpiador de neum\u00e1ticos. Su formulaci\u00f3n ha sido dise\u00f1ada para conseguir un excelente acabado. Con su composici\u00f3n, proporciona renovaci\u00f3n, protecci\u00f3n y brillo duradero en neum\u00e1ticos, polainas y gomas en general. Se recomienda su uso en autom\u00f3viles, autobuses y camiones, y se aplica siempre sobre neum\u00e1ticos y gomas. ENVASES: 5L, 20L y [&hellip;]<\/p>\n","protected":false},"featured_media":4630,"template":"","meta":{"_acf_changed":false},"product_brand":[],"product_cat":[233,240,242,271,294],"product_tag":[],"class_list":{"0":"post-76","1":"product","2":"type-product","3":"status-publish","4":"has-post-thumbnail","6":"product_cat-segmento-automotriz","7":"product_cat-acabado","8":"product_cat-categorias","9":"product_cat-neumaticos-abrillantador","10":"product_cat-limpia-neumaticos","12":"first","13":"instock","14":"shipping-taxable","15":"product-type-simple"},"acf":[],"_links":{"self":[{"href":"https:\/\/protelim.com.br\/es\/wp-json\/wp\/v2\/product\/76","targetHints":{"allow":["GET"]}}],"collection":[{"href":"https:\/\/protelim.com.br\/es\/wp-json\/wp\/v2\/product"}],"about":[{"href":"https:\/\/protelim.com.br\/es\/wp-json\/wp\/v2\/types\/product"}],"version-history":[{"count":2,"href":"https:\/\/protelim.com.br\/es\/wp-json\/wp\/v2\/product\/76\/revisions"}],"predecessor-version":[{"id":9205,"href":"https:\/\/protelim.com.br\/es\/wp-json\/wp\/v2\/product\/76\/revisions\/9205"}],"wp:featuredmedia":[{"embeddable":true,"href":"https:\/\/protelim.com.br\/es\/wp-json\/wp\/v2\/media\/4630"}],"wp:attachment":[{"href":"https:\/\/protelim.com.br\/es\/wp-json\/wp\/v2\/media?parent=76"}],"wp:term":[{"taxonomy":"product_brand","embeddable":true,"href":"https:\/\/protelim.com.br\/es\/wp-json\/wp\/v2\/product_brand?post=76"},{"taxonomy":"product_cat","embeddable":true,"href":"https:\/\/protelim.com.br\/es\/wp-json\/wp\/v2\/product_cat?post=76"},{"taxonomy":"product_tag","embeddable":true,"href":"https:\/\/protelim.com.br\/es\/wp-json\/wp\/v2\/product_tag?post=76"}],"curies":[{"name":"wp","href":"https:\/\/api.w.org\/{rel}","templated":true}]}}