{"id":70,"date":"2021-09-17T16:06:20","date_gmt":"2021-09-17T19:06:20","guid":{"rendered":"https:\/\/protelim.com.br\/?post_type=product&#038;p=70"},"modified":"2024-06-10T19:50:14","modified_gmt":"2024-06-10T22:50:14","slug":"prot-jet-20-cera-automotriz-protectora-pos-lavado","status":"publish","type":"product","link":"https:\/\/protelim.com.br\/es\/producto\/prot-jet-20-cera-automotriz-protectora-pos-lavado\/","title":{"rendered":"PROT JET 20 &#8211; CERA PROTECTORA PARA AUTOM\u00d3VILES (AFTERWASH)"},"content":{"rendered":"<p><span style=\"font-weight: 400;\">PROT JET 20 es un producto de acabado desarrollado para su aplicaci\u00f3n despu\u00e9s del lavado de coches, motos, autobuses, camiones, aviones y barcos, que proporciona a la superficie brillo y un tacto suave, adem\u00e1s de protegerla contra los agentes atmosf\u00e9ricos. Esta cera protectora para autom\u00f3viles es adecuada para todo tipo de pinturas. No aplicar cuando la superficie est\u00e9 caliente o a la luz del sol.<\/span><\/p>\n<p>ENVASES: <span style=\"font-weight: 400;\">5L y 20L<\/span><\/p>\n","protected":false},"excerpt":{"rendered":"<p>PROT JET 20 es un producto de acabado desarrollado para su aplicaci\u00f3n despu\u00e9s del lavado de coches, motos, autobuses, camiones, aviones y barcos, que proporciona a la superficie brillo y un tacto suave, adem\u00e1s de protegerla contra los agentes atmosf\u00e9ricos. Esta cera protectora para autom\u00f3viles es adecuada para todo tipo de pinturas. No aplicar cuando [&hellip;]<\/p>\n","protected":false},"featured_media":71,"template":"","meta":{"_acf_changed":false},"product_brand":[],"product_cat":[325,233,259,239,240,242,273],"product_tag":[],"class_list":{"0":"post-70","1":"product","2":"type-product","3":"status-publish","4":"has-post-thumbnail","6":"product_cat-proteccion-de-pinturas-categorias","7":"product_cat-segmento-automotriz","8":"product_cat-ceras-y-revestimientos","9":"product_cat-pulido-profesional","10":"product_cat-acabado","11":"product_cat-categorias","12":"product_cat-proteccion-de-pintura","14":"first","15":"instock","16":"shipping-taxable","17":"product-type-simple"},"acf":[],"_links":{"self":[{"href":"https:\/\/protelim.com.br\/es\/wp-json\/wp\/v2\/product\/70","targetHints":{"allow":["GET"]}}],"collection":[{"href":"https:\/\/protelim.com.br\/es\/wp-json\/wp\/v2\/product"}],"about":[{"href":"https:\/\/protelim.com.br\/es\/wp-json\/wp\/v2\/types\/product"}],"version-history":[{"count":2,"href":"https:\/\/protelim.com.br\/es\/wp-json\/wp\/v2\/product\/70\/revisions"}],"predecessor-version":[{"id":9238,"href":"https:\/\/protelim.com.br\/es\/wp-json\/wp\/v2\/product\/70\/revisions\/9238"}],"wp:featuredmedia":[{"embeddable":true,"href":"https:\/\/protelim.com.br\/es\/wp-json\/wp\/v2\/media\/71"}],"wp:attachment":[{"href":"https:\/\/protelim.com.br\/es\/wp-json\/wp\/v2\/media?parent=70"}],"wp:term":[{"taxonomy":"product_brand","embeddable":true,"href":"https:\/\/protelim.com.br\/es\/wp-json\/wp\/v2\/product_brand?post=70"},{"taxonomy":"product_cat","embeddable":true,"href":"https:\/\/protelim.com.br\/es\/wp-json\/wp\/v2\/product_cat?post=70"},{"taxonomy":"product_tag","embeddable":true,"href":"https:\/\/protelim.com.br\/es\/wp-json\/wp\/v2\/product_tag?post=70"}],"curies":[{"name":"wp","href":"https:\/\/api.w.org\/{rel}","templated":true}]}}