{"id":64,"date":"2021-09-17T15:57:46","date_gmt":"2021-09-17T18:57:46","guid":{"rendered":"https:\/\/protelim.com.br\/?post_type=product&#038;p=64"},"modified":"2024-04-21T03:00:01","modified_gmt":"2024-04-21T06:00:01","slug":"mult-200-max","status":"publish","type":"product","link":"https:\/\/protelim.com.br\/es\/producto\/mult-200-max\/","title":{"rendered":"MULT 200 MAX"},"content":{"rendered":"<p>PROT MULT 200 MAX fue desarrollado para ser utilizado como desengrasante alcalino, y su f\u00f3rmula de alta concentraci\u00f3n proporciona altas diluciones y, consecuentemente, un alto rendimiento. PROT MULT 200 MAX es un desengrasante alcalino con excelente poder detergente y humectante debido a su alta concentraci\u00f3n. PROT MULT 200 MAX est\u00e1 dise\u00f1ado para eliminar grasas, aceites y grasas de equipos, paredes, suelos y superficies en general dentro de las industrias.<\/p>\n<p>PROT MULT 200 MAX tambi\u00e9n es adecuado para eliminar la suciedad a base de aceite y grasa de coches, autobuses, camiones, barcos, aviones, piezas y maquinaria, proporcionando un alto poder de limpieza. PROT MULT 200 MAX es un producto que contiene tensioactivos biodegradables.<\/p>\n<p>ENVASES: 1,5L y 5L<\/p>\n<p>BENEFICIOS:<\/p>\n<p>Limpia sin esfuerzo<\/p>\n<p>Alta diluci\u00f3n<\/p>\n<p>Con tensioactivos biodegradables<\/p>\n","protected":false},"excerpt":{"rendered":"<p>PROT MULT 200 MAX fue desarrollado para ser utilizado como desengrasante alcalino, y su f\u00f3rmula de alta concentraci\u00f3n proporciona altas diluciones y, consecuentemente, un alto rendimiento. PROT MULT 200 MAX es un desengrasante alcalino con excelente poder detergente y humectante debido a su alta concentraci\u00f3n. PROT MULT 200 MAX est\u00e1 dise\u00f1ado para eliminar grasas, aceites [&hellip;]<\/p>\n","protected":false},"featured_media":4635,"template":"","meta":{"_acf_changed":false},"product_brand":[],"product_cat":[233,238,244,255,278,235,256,242,257,286,281],"product_tag":[311],"class_list":{"0":"post-64","1":"product","2":"type-product","3":"status-publish","4":"has-post-thumbnail","6":"product_cat-segmento-automotriz","7":"product_cat-lavado-profesional","8":"product_cat-desengrasantes-alcalinos","9":"product_cat-motor","10":"product_cat-limpiadores","11":"product_cat-linea-desincrustante","12":"product_cat-chassis","13":"product_cat-categorias","14":"product_cat-ruedas-cajas-de-ruedas-y-neumaticos","15":"product_cat-multiuso","16":"product_cat-desengrasantes-alcalinos-otros-productos","17":"product_tag-limpieza-de-chasis","19":"first","20":"instock","21":"shipping-taxable","22":"product-type-simple"},"acf":[],"_links":{"self":[{"href":"https:\/\/protelim.com.br\/es\/wp-json\/wp\/v2\/product\/64","targetHints":{"allow":["GET"]}}],"collection":[{"href":"https:\/\/protelim.com.br\/es\/wp-json\/wp\/v2\/product"}],"about":[{"href":"https:\/\/protelim.com.br\/es\/wp-json\/wp\/v2\/types\/product"}],"version-history":[{"count":4,"href":"https:\/\/protelim.com.br\/es\/wp-json\/wp\/v2\/product\/64\/revisions"}],"predecessor-version":[{"id":9270,"href":"https:\/\/protelim.com.br\/es\/wp-json\/wp\/v2\/product\/64\/revisions\/9270"}],"wp:featuredmedia":[{"embeddable":true,"href":"https:\/\/protelim.com.br\/es\/wp-json\/wp\/v2\/media\/4635"}],"wp:attachment":[{"href":"https:\/\/protelim.com.br\/es\/wp-json\/wp\/v2\/media?parent=64"}],"wp:term":[{"taxonomy":"product_brand","embeddable":true,"href":"https:\/\/protelim.com.br\/es\/wp-json\/wp\/v2\/product_brand?post=64"},{"taxonomy":"product_cat","embeddable":true,"href":"https:\/\/protelim.com.br\/es\/wp-json\/wp\/v2\/product_cat?post=64"},{"taxonomy":"product_tag","embeddable":true,"href":"https:\/\/protelim.com.br\/es\/wp-json\/wp\/v2\/product_tag?post=64"}],"curies":[{"name":"wp","href":"https:\/\/api.w.org\/{rel}","templated":true}]}}