{"id":62,"date":"2021-09-17T15:56:02","date_gmt":"2021-09-17T18:56:02","guid":{"rendered":"https:\/\/protelim.com.br\/?post_type=product&#038;p=62"},"modified":"2024-06-10T19:50:28","modified_gmt":"2024-06-10T22:50:28","slug":"bac-peroxy-limpiador-de-uso-general-de-alto-rendimiento","status":"publish","type":"product","link":"https:\/\/protelim.com.br\/es\/producto\/bac-peroxy-limpiador-de-uso-general-de-alto-rendimiento\/","title":{"rendered":"BAC PEROXY &#8211; LIMPIADOR DE USO GENERAL 9 EN 1 DE ALTO RENDIMIENTO"},"content":{"rendered":"<p>BAC PEROXY es un limpiador concentrado de alto rendimiento para uso general que combina el poder del per\u00f3xido de hidr\u00f3geno y los tensioactivos para facilitar la limpieza e higienizaci\u00f3n de superficies lavables muy sucias.<\/p>\n<p>Eficaz para la limpieza e higienizaci\u00f3n de tejidos en general, moho, lechada, azulejos, porcelana, sanitarios y m\u00e1s.<\/p>\n<p>Este producto contiene ox\u00edgeno activo, reduce los olores, elimina las manchas dif\u00edciles, la suciedad org\u00e1nica y no contiene cloro.<\/p>\n<p>Es un producto 9 en 1:<\/p>\n<p><span style=\"font-weight: 400;\">1 &#8211; Limpio<\/span><\/p>\n<p><span style=\"font-weight: 400;\">2 &#8211; Desinfecta<\/span><\/p>\n<p><span style=\"font-weight: 400;\">3 &#8211; Lej\u00eda<\/span><\/p>\n<p><span style=\"font-weight: 400;\">4 &#8211; Quitamanchas<\/span><\/p>\n<p><span style=\"font-weight: 400;\">5 &#8211; Acci\u00f3n fungicida<\/span><\/p>\n<p><span style=\"font-weight: 400;\">6 &#8211; Bloqueador de olores<\/span><\/p>\n<p><span style=\"font-weight: 400;\">7 &#8211; Neutralizador del pH<\/span><\/p>\n<p><span style=\"font-weight: 400;\">8 &#8211; Olores<\/span><\/p>\n<p><span style=\"font-weight: 400;\">9 &#8211; Acci\u00f3n bacteriost\u00e1tica<\/span><\/p>\n<p>ENVASES: <span style=\"font-weight: 400;\">1,5 L y 5 L<\/span><\/p>\n<p>PRESTACIONES:<\/p>\n<p><span style=\"font-weight: 400;\">Elimina manchas dif\u00edciles y org\u00e1nicas<\/span><\/p>\n<p><span style=\"font-weight: 400;\">Bloquea los olores<\/span><\/p>\n<p><span style=\"font-weight: 400;\">Tiene ox\u00edgeno activo<\/span><\/p>\n<p><span style=\"font-weight: 400;\">Sin cloro<\/span><\/p>\n","protected":false},"excerpt":{"rendered":"<p>BAC PEROXY es un limpiador concentrado de alto rendimiento para uso general que combina el poder del per\u00f3xido de hidr\u00f3geno y los tensioactivos para facilitar la limpieza e higienizaci\u00f3n de superficies lavables muy sucias. Eficaz para la limpieza e higienizaci\u00f3n de tejidos en general, moho, lechada, azulejos, porcelana, sanitarios y m\u00e1s. Este producto contiene ox\u00edgeno [&hellip;]<\/p>\n","protected":false},"featured_media":2121,"template":"","meta":{"_acf_changed":false},"product_brand":[],"product_cat":[233,241,278,240,279,242,275,295],"product_tag":[161,162,163,305],"class_list":{"0":"post-62","1":"product","2":"type-product","3":"status-publish","4":"has-post-thumbnail","6":"product_cat-segmento-automotriz","7":"product_cat-higiene-general-automotriz","8":"product_cat-limpiadores","9":"product_cat-acabado","10":"product_cat-tejidos-higiene-general-automotriz","11":"product_cat-categorias","12":"product_cat-tecidos","13":"product_cat-shp-sistema-higienizacion-protelim","14":"product_tag-protelim","15":"product_tag-bac-peroxy","16":"product_tag-limpeza","17":"product_tag-tratamiento-interno","19":"first","20":"instock","21":"shipping-taxable","22":"product-type-simple"},"acf":[],"_links":{"self":[{"href":"https:\/\/protelim.com.br\/es\/wp-json\/wp\/v2\/product\/62","targetHints":{"allow":["GET"]}}],"collection":[{"href":"https:\/\/protelim.com.br\/es\/wp-json\/wp\/v2\/product"}],"about":[{"href":"https:\/\/protelim.com.br\/es\/wp-json\/wp\/v2\/types\/product"}],"version-history":[{"count":4,"href":"https:\/\/protelim.com.br\/es\/wp-json\/wp\/v2\/product\/62\/revisions"}],"predecessor-version":[{"id":9345,"href":"https:\/\/protelim.com.br\/es\/wp-json\/wp\/v2\/product\/62\/revisions\/9345"}],"wp:featuredmedia":[{"embeddable":true,"href":"https:\/\/protelim.com.br\/es\/wp-json\/wp\/v2\/media\/2121"}],"wp:attachment":[{"href":"https:\/\/protelim.com.br\/es\/wp-json\/wp\/v2\/media?parent=62"}],"wp:term":[{"taxonomy":"product_brand","embeddable":true,"href":"https:\/\/protelim.com.br\/es\/wp-json\/wp\/v2\/product_brand?post=62"},{"taxonomy":"product_cat","embeddable":true,"href":"https:\/\/protelim.com.br\/es\/wp-json\/wp\/v2\/product_cat?post=62"},{"taxonomy":"product_tag","embeddable":true,"href":"https:\/\/protelim.com.br\/es\/wp-json\/wp\/v2\/product_tag?post=62"}],"curies":[{"name":"wp","href":"https:\/\/api.w.org\/{rel}","templated":true}]}}