{"id":4679,"date":"2023-10-06T18:34:53","date_gmt":"2023-10-06T21:34:53","guid":{"rendered":"https:\/\/protelim.com.br\/?post_type=product&#038;p=4679"},"modified":"2024-12-03T08:53:34","modified_gmt":"2024-12-03T11:53:34","slug":"fusion-mas-que-una-cera-coating-en-pasta","status":"publish","type":"product","link":"https:\/\/protelim.com.br\/es\/producto\/fusion-mas-que-una-cera-coating-en-pasta\/","title":{"rendered":"FUSION \u2013 M\u00c1S QUE UNA CERA, UN RECUBRIMIENTO EN PASTA"},"content":{"rendered":"<p>FUSION es un RECUBRIMIENTO EN PASTA desarrollado con tecnolog\u00eda de punta, combinando el desempe\u00f1o de la Carnauba Premium con la fusi\u00f3n de pol\u00edmeros sint\u00e9ticos, protegiendo la pintura de tu auto contra los efectos del sol y la intemperie por hasta 12 meses. Fusion promueve un brillo profundo, repelencia al agua y un tacto aterciopelado. Fusion proporciona resistencia qu\u00edmica y protege la pintura de la contaminaci\u00f3n, la niebla salina, la corrosi\u00f3n y la degradaci\u00f3n.<\/p>\n<p>BENEFICIOS:<br \/>\nProtecci\u00f3n extrema<br \/>\nEfecto hidrof\u00f3bico<br \/>\nprotecci\u00f3n ultravioleta<br \/>\nFusi\u00f3n de pol\u00edmeros sint\u00e9ticos SiO2 + Carnauba Premium<br \/>\nProtecci\u00f3n hasta por 12 meses<br \/>\nRendimiento alto<\/p>\n<p>EMBALAJE:<br \/>\n200g y 300g<\/p>\n<p>DILUCI\u00d3N:<br \/>\nPreparado para usar<\/p>\n","protected":false},"excerpt":{"rendered":"<p>FUSION es un RECUBRIMIENTO EN PASTA desarrollado con tecnolog\u00eda de punta, combinando el desempe\u00f1o de la Carnauba Premium con la fusi\u00f3n de pol\u00edmeros sint\u00e9ticos, protegiendo la pintura de tu auto contra los efectos del sol y la intemperie por hasta 12 meses. Fusion promueve un brillo profundo, repelencia al agua y un tacto aterciopelado. Fusion [&hellip;]<\/p>\n","protected":false},"featured_media":4680,"template":"","meta":{"_acf_changed":false},"product_brand":[],"product_cat":[325,233,259,239,240,242,273],"product_tag":[302],"class_list":{"0":"post-4679","1":"product","2":"type-product","3":"status-publish","4":"has-post-thumbnail","6":"product_cat-proteccion-de-pinturas-categorias","7":"product_cat-segmento-automotriz","8":"product_cat-ceras-y-revestimientos","9":"product_cat-pulido-profesional","10":"product_cat-acabado","11":"product_cat-categorias","12":"product_cat-proteccion-de-pintura","13":"product_tag-proteccion-de-pintura","15":"first","16":"instock","17":"shipping-taxable","18":"product-type-simple"},"acf":[],"_links":{"self":[{"href":"https:\/\/protelim.com.br\/es\/wp-json\/wp\/v2\/product\/4679","targetHints":{"allow":["GET"]}}],"collection":[{"href":"https:\/\/protelim.com.br\/es\/wp-json\/wp\/v2\/product"}],"about":[{"href":"https:\/\/protelim.com.br\/es\/wp-json\/wp\/v2\/types\/product"}],"version-history":[{"count":5,"href":"https:\/\/protelim.com.br\/es\/wp-json\/wp\/v2\/product\/4679\/revisions"}],"predecessor-version":[{"id":9620,"href":"https:\/\/protelim.com.br\/es\/wp-json\/wp\/v2\/product\/4679\/revisions\/9620"}],"wp:featuredmedia":[{"embeddable":true,"href":"https:\/\/protelim.com.br\/es\/wp-json\/wp\/v2\/media\/4680"}],"wp:attachment":[{"href":"https:\/\/protelim.com.br\/es\/wp-json\/wp\/v2\/media?parent=4679"}],"wp:term":[{"taxonomy":"product_brand","embeddable":true,"href":"https:\/\/protelim.com.br\/es\/wp-json\/wp\/v2\/product_brand?post=4679"},{"taxonomy":"product_cat","embeddable":true,"href":"https:\/\/protelim.com.br\/es\/wp-json\/wp\/v2\/product_cat?post=4679"},{"taxonomy":"product_tag","embeddable":true,"href":"https:\/\/protelim.com.br\/es\/wp-json\/wp\/v2\/product_tag?post=4679"}],"curies":[{"name":"wp","href":"https:\/\/api.w.org\/{rel}","templated":true}]}}