{"id":4133,"date":"2023-08-30T11:23:40","date_gmt":"2023-08-30T14:23:40","guid":{"rendered":"https:\/\/protelim.com.br\/?post_type=product&#038;p=4133"},"modified":"2024-06-10T19:30:23","modified_gmt":"2024-06-10T22:30:23","slug":"beer-wash-lava-auto-ultra-concentrado","status":"publish","type":"product","link":"https:\/\/protelim.com.br\/es\/producto\/beer-wash-lava-auto-ultra-concentrado\/","title":{"rendered":"BEER WASH &#8211; LAVADO DE COCHES ULTRA CONCENTRADO"},"content":{"rendered":"<p>BEER WASH es un producto de lavado neutro y biodegradable. BEER WASH forma una espuma densa que no da\u00f1a la pintura de su coche. BEER WASH proporciona una lubricaci\u00f3n excelente, as\u00ed como un aspecto brillante e intenso.<\/p>\n<p>ENVASE: 400ml<\/p>\n<p>PRESTACIONES:<\/p>\n<p><span style=\"font-weight: 400;\">Ultra concentrado<\/span><\/p>\n<p><span style=\"font-weight: 400;\">Espuma densa<\/span><\/p>\n<p><span style=\"font-weight: 400;\">Compatible con espuma<\/span><\/p>\n<p><span style=\"font-weight: 400;\">Con tensioactivos biodegradables<\/span><\/p>\n<p><span style=\"font-weight: 400;\">Incre\u00edble fragancia<\/span><\/p>\n","protected":false},"excerpt":{"rendered":"<p>BEER WASH es un producto de lavado neutro y biodegradable. BEER WASH forma una espuma densa que no da\u00f1a la pintura de su coche. BEER WASH proporciona una lubricaci\u00f3n excelente, as\u00ed como un aspecto brillante e intenso. ENVASE: 400ml PRESTACIONES: Ultra concentrado Espuma densa Compatible con espuma Con tensioactivos biodegradables Incre\u00edble fragancia<\/p>\n","protected":false},"featured_media":4134,"template":"","meta":{"_acf_changed":false},"product_brand":[],"product_cat":[233,238,254,283,242,258],"product_tag":[309],"class_list":{"0":"post-4133","1":"product","2":"type-product","3":"status-publish","4":"has-post-thumbnail","6":"product_cat-segmento-automotriz","7":"product_cat-lavado-profesional","8":"product_cat-carroceria-lataria","9":"product_cat-detergentes-neutros","10":"product_cat-categorias","11":"product_cat-capota-maritima","12":"product_tag-lava-autos","14":"first","15":"instock","16":"shipping-taxable","17":"product-type-simple"},"acf":[],"_links":{"self":[{"href":"https:\/\/protelim.com.br\/es\/wp-json\/wp\/v2\/product\/4133","targetHints":{"allow":["GET"]}}],"collection":[{"href":"https:\/\/protelim.com.br\/es\/wp-json\/wp\/v2\/product"}],"about":[{"href":"https:\/\/protelim.com.br\/es\/wp-json\/wp\/v2\/types\/product"}],"version-history":[{"count":5,"href":"https:\/\/protelim.com.br\/es\/wp-json\/wp\/v2\/product\/4133\/revisions"}],"predecessor-version":[{"id":9435,"href":"https:\/\/protelim.com.br\/es\/wp-json\/wp\/v2\/product\/4133\/revisions\/9435"}],"wp:featuredmedia":[{"embeddable":true,"href":"https:\/\/protelim.com.br\/es\/wp-json\/wp\/v2\/media\/4134"}],"wp:attachment":[{"href":"https:\/\/protelim.com.br\/es\/wp-json\/wp\/v2\/media?parent=4133"}],"wp:term":[{"taxonomy":"product_brand","embeddable":true,"href":"https:\/\/protelim.com.br\/es\/wp-json\/wp\/v2\/product_brand?post=4133"},{"taxonomy":"product_cat","embeddable":true,"href":"https:\/\/protelim.com.br\/es\/wp-json\/wp\/v2\/product_cat?post=4133"},{"taxonomy":"product_tag","embeddable":true,"href":"https:\/\/protelim.com.br\/es\/wp-json\/wp\/v2\/product_tag?post=4133"}],"curies":[{"name":"wp","href":"https:\/\/api.w.org\/{rel}","templated":true}]}}