{"id":39,"date":"2021-09-17T15:03:57","date_gmt":"2021-09-17T18:03:57","guid":{"rendered":"https:\/\/protelim.com.br\/?post_type=product&#038;p=39"},"modified":"2024-12-03T10:31:52","modified_gmt":"2024-12-03T13:31:52","slug":"brillo-max-producto-para-caja-de-rueda-acabado","status":"publish","type":"product","link":"https:\/\/protelim.com.br\/es\/producto\/brillo-max-producto-para-caja-de-rueda-acabado\/","title":{"rendered":"BRILHO MAX &#8211; PRODUCTO PARA CARCASAS DE RUEDAS (ACABADO)"},"content":{"rendered":"<p><span style=\"font-weight: 400;\">BRILHO MAX es un producto destinado al acabado y abrillantado de pasos de rueda y alfombrillas de goma. Su composici\u00f3n est\u00e1 dise\u00f1ada para proporcionarle un excelente rendimiento y desempe\u00f1o. Su composici\u00f3n ofrece renovaci\u00f3n, protecci\u00f3n y brillo duradero para los pasos de rueda, convirti\u00e9ndolo en la mejor opci\u00f3n para sustituir al gas\u00f3leo para este fin. BRILHO MAX es un producto de base acuosa y sin disolventes para los pasos de rueda.<\/span><\/p>\n<p>EMBALAJE: <span style=\"font-weight: 400;\">2.2L y 5L<\/span><\/p>\n<p>PRESTACIONES:<\/p>\n<p><span style=\"font-weight: 400;\">Renueva su aspecto<\/span><\/p>\n<p><span style=\"font-weight: 400;\">Secado r\u00e1pido<\/span><\/p>\n","protected":false},"excerpt":{"rendered":"<p>BRILHO MAX es un producto destinado al acabado y abrillantado de pasos de rueda y alfombrillas de goma. Su composici\u00f3n est\u00e1 dise\u00f1ada para proporcionarle un excelente rendimiento y desempe\u00f1o. Su composici\u00f3n ofrece renovaci\u00f3n, protecci\u00f3n y brillo duradero para los pasos de rueda, convirti\u00e9ndolo en la mejor opci\u00f3n para sustituir al gas\u00f3leo para este fin. BRILHO [&hellip;]<\/p>\n","protected":false},"featured_media":8648,"template":"","meta":{"_acf_changed":false},"product_brand":[],"product_cat":[233,240,264],"product_tag":[307],"class_list":{"0":"post-39","1":"product","2":"type-product","3":"status-publish","4":"has-post-thumbnail","6":"product_cat-segmento-automotriz","7":"product_cat-acabado","8":"product_cat-cajas-de-ruedas","9":"product_tag-ruedas-y-caja-de-ruedas","11":"first","12":"instock","13":"shipping-taxable","14":"product-type-simple"},"acf":[],"_links":{"self":[{"href":"https:\/\/protelim.com.br\/es\/wp-json\/wp\/v2\/product\/39","targetHints":{"allow":["GET"]}}],"collection":[{"href":"https:\/\/protelim.com.br\/es\/wp-json\/wp\/v2\/product"}],"about":[{"href":"https:\/\/protelim.com.br\/es\/wp-json\/wp\/v2\/types\/product"}],"version-history":[{"count":4,"href":"https:\/\/protelim.com.br\/es\/wp-json\/wp\/v2\/product\/39\/revisions"}],"predecessor-version":[{"id":9642,"href":"https:\/\/protelim.com.br\/es\/wp-json\/wp\/v2\/product\/39\/revisions\/9642"}],"wp:featuredmedia":[{"embeddable":true,"href":"https:\/\/protelim.com.br\/es\/wp-json\/wp\/v2\/media\/8648"}],"wp:attachment":[{"href":"https:\/\/protelim.com.br\/es\/wp-json\/wp\/v2\/media?parent=39"}],"wp:term":[{"taxonomy":"product_brand","embeddable":true,"href":"https:\/\/protelim.com.br\/es\/wp-json\/wp\/v2\/product_brand?post=39"},{"taxonomy":"product_cat","embeddable":true,"href":"https:\/\/protelim.com.br\/es\/wp-json\/wp\/v2\/product_cat?post=39"},{"taxonomy":"product_tag","embeddable":true,"href":"https:\/\/protelim.com.br\/es\/wp-json\/wp\/v2\/product_tag?post=39"}],"curies":[{"name":"wp","href":"https:\/\/api.w.org\/{rel}","templated":true}]}}