{"id":37,"date":"2021-09-17T15:02:17","date_gmt":"2021-09-17T18:02:17","guid":{"rendered":"https:\/\/protelim.com.br\/?post_type=product&#038;p=37"},"modified":"2024-12-03T10:32:49","modified_gmt":"2024-12-03T13:32:49","slug":"speedy-wax-nano-cera-rapida-de-carnauba-nano","status":"publish","type":"product","link":"https:\/\/protelim.com.br\/es\/producto\/speedy-wax-nano-cera-rapida-de-carnauba-nano\/","title":{"rendered":"SPEEDY WAX NANO &#8211; CERA R\u00c1PIDA DE CARNA\u00daBA NANO"},"content":{"rendered":"<p>SPEEDY WAX NANO es la cera ideal para quienes desean que su coche brille y est\u00e9 protegido de forma r\u00e1pida y sencilla. Su f\u00f3rmula compuesta por SiO2 y Carnauba NANO proporciona un brillo intenso y una protecci\u00f3n \u00f3ptima de la superficie aplicada. Esta cera de alto brillo act\u00faa como repelente hidr\u00f3fobo, lo que ayuda a preservar la protecci\u00f3n de la superficie de su veh\u00edculo durante mucho m\u00e1s tiempo. Apl\u00edquela y sienta el acabado aterciopelado y disfrute del brillo intenso en su coche.<\/p>\n<p>ENVASE: 600ml<\/p>\n<p>PRESTACIONES:<\/p>\n<p><span style=\"font-weight: 400;\">Brillo intenso<\/span><\/p>\n<p><span style=\"font-weight: 400;\">Repelencia hidr\u00f3foba<\/span><\/p>\n","protected":false},"excerpt":{"rendered":"<p>SPEEDY WAX NANO es la cera ideal para quienes desean que su coche brille y est\u00e9 protegido de forma r\u00e1pida y sencilla. Su f\u00f3rmula compuesta por SiO2 y Carnauba NANO proporciona un brillo intenso y una protecci\u00f3n \u00f3ptima de la superficie aplicada. Esta cera de alto brillo act\u00faa como repelente hidr\u00f3fobo, lo que ayuda a [&hellip;]<\/p>\n","protected":false},"featured_media":4631,"template":"","meta":{"_acf_changed":false},"product_brand":[],"product_cat":[325,233,259,239,240,242,273],"product_tag":[302],"class_list":{"0":"post-37","1":"product","2":"type-product","3":"status-publish","4":"has-post-thumbnail","6":"product_cat-proteccion-de-pinturas-categorias","7":"product_cat-segmento-automotriz","8":"product_cat-ceras-y-revestimientos","9":"product_cat-pulido-profesional","10":"product_cat-acabado","11":"product_cat-categorias","12":"product_cat-proteccion-de-pintura","13":"product_tag-proteccion-de-pintura","15":"first","16":"instock","17":"shipping-taxable","18":"product-type-simple"},"acf":[],"_links":{"self":[{"href":"https:\/\/protelim.com.br\/es\/wp-json\/wp\/v2\/product\/37","targetHints":{"allow":["GET"]}}],"collection":[{"href":"https:\/\/protelim.com.br\/es\/wp-json\/wp\/v2\/product"}],"about":[{"href":"https:\/\/protelim.com.br\/es\/wp-json\/wp\/v2\/types\/product"}],"version-history":[{"count":5,"href":"https:\/\/protelim.com.br\/es\/wp-json\/wp\/v2\/product\/37\/revisions"}],"predecessor-version":[{"id":9643,"href":"https:\/\/protelim.com.br\/es\/wp-json\/wp\/v2\/product\/37\/revisions\/9643"}],"wp:featuredmedia":[{"embeddable":true,"href":"https:\/\/protelim.com.br\/es\/wp-json\/wp\/v2\/media\/4631"}],"wp:attachment":[{"href":"https:\/\/protelim.com.br\/es\/wp-json\/wp\/v2\/media?parent=37"}],"wp:term":[{"taxonomy":"product_brand","embeddable":true,"href":"https:\/\/protelim.com.br\/es\/wp-json\/wp\/v2\/product_brand?post=37"},{"taxonomy":"product_cat","embeddable":true,"href":"https:\/\/protelim.com.br\/es\/wp-json\/wp\/v2\/product_cat?post=37"},{"taxonomy":"product_tag","embeddable":true,"href":"https:\/\/protelim.com.br\/es\/wp-json\/wp\/v2\/product_tag?post=37"}],"curies":[{"name":"wp","href":"https:\/\/api.w.org\/{rel}","templated":true}]}}