{"id":35,"date":"2021-09-17T15:00:09","date_gmt":"2021-09-17T18:00:09","guid":{"rendered":"https:\/\/protelim.com.br\/?post_type=product&#038;p=35"},"modified":"2024-06-10T19:51:38","modified_gmt":"2024-06-10T22:51:38","slug":"ultra-pro-mantenimiento-de-vidriado-automotriz","status":"publish","type":"product","link":"https:\/\/protelim.com.br\/es\/producto\/ultra-pro-mantenimiento-de-vidriado-automotriz\/","title":{"rendered":"ULTRA PRO &#8211; MANTENIMIENTO DE CRISTALES DE AUTOM\u00d3VILES"},"content":{"rendered":"<p>ULTRA PRO &#8211; MANTENIMIENTO DE LA VITRIFICACI\u00d3N AUTOMOVIL\u00cdSTICA es un producto de alto rendimiento y alta tecnolog\u00eda que forma un escudo protector a base de s\u00edlice (SiO2). Proporciona un irresistible toque de suavidad en la superficie de la pintura de su coche, moto, barco o avi\u00f3n. Posee una avanzada formulaci\u00f3n a base de Silanos y Siloxanos (pol\u00edmeros derivados del Silicio), proporcionando a\u00fan m\u00e1s protecci\u00f3n a la pintura de su veh\u00edculo. Es altamente recomendado para el mantenimiento de la vitrificaci\u00f3n (Recubrimiento) automotriz, ya que realza el toque sedoso, el brillo intenso y profundo, y mantiene su inversi\u00f3n con la vitrificaci\u00f3n de la pintura por mucho m\u00e1s tiempo. ULTRA PRO puede ser aplicado en cualquier tipo de superficie, incluso en aquellas que no han sido tratadas con esmaltes, y puede durar hasta 90 d\u00edas.<\/p>\n<p>ENVASE: 600ml<\/p>\n<p>PRESTACIONES:<\/p>\n<p><span style=\"font-weight: 400;\">Alta repelencia<\/span><\/p>\n<p><span style=\"font-weight: 400;\">Aumenta la vida \u00fatil de los vidrieros<\/span><\/p>\n","protected":false},"excerpt":{"rendered":"<p>ULTRA PRO &#8211; MANTENIMIENTO DE LA VITRIFICACI\u00d3N AUTOMOVIL\u00cdSTICA es un producto de alto rendimiento y alta tecnolog\u00eda que forma un escudo protector a base de s\u00edlice (SiO2). Proporciona un irresistible toque de suavidad en la superficie de la pintura de su coche, moto, barco o avi\u00f3n. Posee una avanzada formulaci\u00f3n a base de Silanos y [&hellip;]<\/p>\n","protected":false},"featured_media":8960,"template":"","meta":{"_acf_changed":false},"product_brand":[],"product_cat":[325,233,239,240,242,263,273],"product_tag":[302],"class_list":{"0":"post-35","1":"product","2":"type-product","3":"status-publish","4":"has-post-thumbnail","6":"product_cat-proteccion-de-pinturas-categorias","7":"product_cat-segmento-automotriz","8":"product_cat-pulido-profesional","9":"product_cat-acabado","10":"product_cat-categorias","11":"product_cat-mantenimiento-de-vitrificadores","12":"product_cat-proteccion-de-pintura","13":"product_tag-proteccion-de-pintura","15":"first","16":"instock","17":"shipping-taxable","18":"product-type-simple"},"acf":[],"_links":{"self":[{"href":"https:\/\/protelim.com.br\/es\/wp-json\/wp\/v2\/product\/35","targetHints":{"allow":["GET"]}}],"collection":[{"href":"https:\/\/protelim.com.br\/es\/wp-json\/wp\/v2\/product"}],"about":[{"href":"https:\/\/protelim.com.br\/es\/wp-json\/wp\/v2\/types\/product"}],"version-history":[{"count":4,"href":"https:\/\/protelim.com.br\/es\/wp-json\/wp\/v2\/product\/35\/revisions"}],"predecessor-version":[{"id":8962,"href":"https:\/\/protelim.com.br\/es\/wp-json\/wp\/v2\/product\/35\/revisions\/8962"}],"wp:featuredmedia":[{"embeddable":true,"href":"https:\/\/protelim.com.br\/es\/wp-json\/wp\/v2\/media\/8960"}],"wp:attachment":[{"href":"https:\/\/protelim.com.br\/es\/wp-json\/wp\/v2\/media?parent=35"}],"wp:term":[{"taxonomy":"product_brand","embeddable":true,"href":"https:\/\/protelim.com.br\/es\/wp-json\/wp\/v2\/product_brand?post=35"},{"taxonomy":"product_cat","embeddable":true,"href":"https:\/\/protelim.com.br\/es\/wp-json\/wp\/v2\/product_cat?post=35"},{"taxonomy":"product_tag","embeddable":true,"href":"https:\/\/protelim.com.br\/es\/wp-json\/wp\/v2\/product_tag?post=35"}],"curies":[{"name":"wp","href":"https:\/\/api.w.org\/{rel}","templated":true}]}}