{"id":33,"date":"2021-09-17T14:57:15","date_gmt":"2021-09-17T17:57:15","guid":{"rendered":"https:\/\/protelim.com.br\/?post_type=product&#038;p=33"},"modified":"2024-06-10T19:51:44","modified_gmt":"2024-06-10T22:51:44","slug":"coat-ceramic-proteccion-ceramica-automotriz","status":"publish","type":"product","link":"https:\/\/protelim.com.br\/es\/producto\/coat-ceramic-proteccion-ceramica-automotriz\/","title":{"rendered":"COAT CERAMIC &#8211; PROTECCI\u00d3N CER\u00c1MICA PARA AUTOM\u00d3VILES"},"content":{"rendered":"<p><span style=\"font-weight: 400;\">COAT CERAMIC es un excelente producto sint\u00e9tico de \u00faltima generaci\u00f3n. Su f\u00f3rmula distintiva combina los famosos componentes SiO2 (di\u00f3xido de silicio) y TiO2 (di\u00f3xido de titanio), que forman una pel\u00edcula transparente para la m\u00e1xima protecci\u00f3n de su coche, moto, barco o avi\u00f3n. Esta protecci\u00f3n cer\u00e1mica para autom\u00f3viles penetra en los poros microsc\u00f3picos de la pintura, sellando y proporcionando una acci\u00f3n ultra hidr\u00f3foba, lo que se traduce en una ventaja incre\u00edble a la hora de eliminar la suciedad, los ataques qu\u00edmicos, los excrementos de p\u00e1jaros y otros agentes nocivos de la pintura de su veh\u00edculo. COAT CERAMIC dura hasta 6 meses.<\/span><\/p>\n<p>ENVASE: 600ml<\/p>\n<p>PRESTACIONES:<\/p>\n<p><span style=\"font-weight: 400;\">Ultrabrillo con protecci\u00f3n UV<\/span><\/p>\n<p><span style=\"font-weight: 400;\">Protecci\u00f3n hidr\u00f3foba extremadamente duradera<\/span><\/p>\n","protected":false},"excerpt":{"rendered":"<p>COAT CERAMIC es un excelente producto sint\u00e9tico de \u00faltima generaci\u00f3n. Su f\u00f3rmula distintiva combina los famosos componentes SiO2 (di\u00f3xido de silicio) y TiO2 (di\u00f3xido de titanio), que forman una pel\u00edcula transparente para la m\u00e1xima protecci\u00f3n de su coche, moto, barco o avi\u00f3n. Esta protecci\u00f3n cer\u00e1mica para autom\u00f3viles penetra en los poros microsc\u00f3picos de la pintura, [&hellip;]<\/p>\n","protected":false},"featured_media":4625,"template":"","meta":{"_acf_changed":false},"product_brand":[],"product_cat":[325,233,259,239,240,242,273],"product_tag":[302],"class_list":{"0":"post-33","1":"product","2":"type-product","3":"status-publish","4":"has-post-thumbnail","6":"product_cat-proteccion-de-pinturas-categorias","7":"product_cat-segmento-automotriz","8":"product_cat-ceras-y-revestimientos","9":"product_cat-pulido-profesional","10":"product_cat-acabado","11":"product_cat-categorias","12":"product_cat-proteccion-de-pintura","13":"product_tag-proteccion-de-pintura","15":"first","16":"instock","17":"shipping-taxable","18":"product-type-simple"},"acf":[],"_links":{"self":[{"href":"https:\/\/protelim.com.br\/es\/wp-json\/wp\/v2\/product\/33","targetHints":{"allow":["GET"]}}],"collection":[{"href":"https:\/\/protelim.com.br\/es\/wp-json\/wp\/v2\/product"}],"about":[{"href":"https:\/\/protelim.com.br\/es\/wp-json\/wp\/v2\/types\/product"}],"version-history":[{"count":3,"href":"https:\/\/protelim.com.br\/es\/wp-json\/wp\/v2\/product\/33\/revisions"}],"predecessor-version":[{"id":9343,"href":"https:\/\/protelim.com.br\/es\/wp-json\/wp\/v2\/product\/33\/revisions\/9343"}],"wp:featuredmedia":[{"embeddable":true,"href":"https:\/\/protelim.com.br\/es\/wp-json\/wp\/v2\/media\/4625"}],"wp:attachment":[{"href":"https:\/\/protelim.com.br\/es\/wp-json\/wp\/v2\/media?parent=33"}],"wp:term":[{"taxonomy":"product_brand","embeddable":true,"href":"https:\/\/protelim.com.br\/es\/wp-json\/wp\/v2\/product_brand?post=33"},{"taxonomy":"product_cat","embeddable":true,"href":"https:\/\/protelim.com.br\/es\/wp-json\/wp\/v2\/product_cat?post=33"},{"taxonomy":"product_tag","embeddable":true,"href":"https:\/\/protelim.com.br\/es\/wp-json\/wp\/v2\/product_tag?post=33"}],"curies":[{"name":"wp","href":"https:\/\/api.w.org\/{rel}","templated":true}]}}