{"id":31,"date":"2021-09-17T14:54:49","date_gmt":"2021-09-17T17:54:49","guid":{"rendered":"https:\/\/protelim.com.br\/?post_type=product&#038;p=31"},"modified":"2024-11-26T17:30:56","modified_gmt":"2024-11-26T20:30:56","slug":"power-tire-sellador-de-neumaticos","status":"publish","type":"product","link":"https:\/\/protelim.com.br\/es\/producto\/power-tire-sellador-de-neumaticos\/","title":{"rendered":"POWER TIRE &#8211; SELLADOR DE NEUM\u00c1TICOS"},"content":{"rendered":"<p>Posee una f\u00f3rmula avanzada que proporciona una alta fijaci\u00f3n y una incre\u00edble repelencia al agua, evitando que el producto se lave f\u00e1cilmente en el agua.<\/p>\n<p>ENVASES: 500ml y 1,5L<\/p>\n<p>BENEF\u00cdCIOS:<\/p>\n<p>Brillo intenso<\/p>\n<p>De larga duraci\u00f3n<\/p>\n<p>Resistente al agua<\/p>\n","protected":false},"excerpt":{"rendered":"<p>Posee una f\u00f3rmula avanzada que proporciona una alta fijaci\u00f3n y una incre\u00edble repelencia al agua, evitando que el producto se lave f\u00e1cilmente en el agua. ENVASES: 500ml y 1,5L BENEF\u00cdCIOS: Brillo intenso De larga duraci\u00f3n Resistente al agua<\/p>\n","protected":false},"featured_media":4636,"template":"","meta":{"_acf_changed":false},"product_brand":[],"product_cat":[233,240,242,272,293],"product_tag":[312],"class_list":{"0":"post-31","1":"product","2":"type-product","3":"status-publish","4":"has-post-thumbnail","6":"product_cat-segmento-automotriz","7":"product_cat-acabado","8":"product_cat-categorias","9":"product_cat-neumaticos-sellantes","10":"product_cat-selantes","11":"product_tag-proteccion-de-neumaticos","13":"first","14":"instock","15":"shipping-taxable","16":"product-type-simple"},"acf":[],"_links":{"self":[{"href":"https:\/\/protelim.com.br\/es\/wp-json\/wp\/v2\/product\/31","targetHints":{"allow":["GET"]}}],"collection":[{"href":"https:\/\/protelim.com.br\/es\/wp-json\/wp\/v2\/product"}],"about":[{"href":"https:\/\/protelim.com.br\/es\/wp-json\/wp\/v2\/types\/product"}],"version-history":[{"count":7,"href":"https:\/\/protelim.com.br\/es\/wp-json\/wp\/v2\/product\/31\/revisions"}],"predecessor-version":[{"id":9614,"href":"https:\/\/protelim.com.br\/es\/wp-json\/wp\/v2\/product\/31\/revisions\/9614"}],"wp:featuredmedia":[{"embeddable":true,"href":"https:\/\/protelim.com.br\/es\/wp-json\/wp\/v2\/media\/4636"}],"wp:attachment":[{"href":"https:\/\/protelim.com.br\/es\/wp-json\/wp\/v2\/media?parent=31"}],"wp:term":[{"taxonomy":"product_brand","embeddable":true,"href":"https:\/\/protelim.com.br\/es\/wp-json\/wp\/v2\/product_brand?post=31"},{"taxonomy":"product_cat","embeddable":true,"href":"https:\/\/protelim.com.br\/es\/wp-json\/wp\/v2\/product_cat?post=31"},{"taxonomy":"product_tag","embeddable":true,"href":"https:\/\/protelim.com.br\/es\/wp-json\/wp\/v2\/product_tag?post=31"}],"curies":[{"name":"wp","href":"https:\/\/api.w.org\/{rel}","templated":true}]}}