{"id":29,"date":"2021-09-17T14:52:46","date_gmt":"2021-09-17T17:52:46","guid":{"rendered":"https:\/\/protelim.com.br\/?post_type=product&#038;p=29"},"modified":"2024-11-26T17:32:13","modified_gmt":"2024-11-26T20:32:13","slug":"black-x-sellante-de-neumatico","status":"publish","type":"product","link":"https:\/\/protelim.com.br\/es\/producto\/black-x-sellante-de-neumatico\/","title":{"rendered":"BLACK X &#8211; SELLADOR DE NEUM\u00c1TICOS"},"content":{"rendered":"<div class=\"ytp-title-channel\">\n<div class=\"ytp-title-expanded-overlay\" aria-hidden=\"true\">\n<div class=\"ytp-title-expanded-heading\">\n<p><span style=\"font-weight: 400;\">BLACK X es un sellador de neum\u00e1ticos con un alto poder de fraguado y una alt\u00edsima repelencia al agua. Su formulaci\u00f3n est\u00e1 dise\u00f1ada para ofrecerle un rendimiento y unas prestaciones excelentes.<\/span><\/p>\n<p>ENVASES: 500ml y 1,5L<\/p>\n<p>PRESTACIONES:<\/p>\n<p><span style=\"font-weight: 400;\">Larga duraci\u00f3n<\/span><\/p>\n<p><span style=\"font-weight: 400;\">Resistencia al agua<\/span><\/p>\n<\/div>\n<\/div>\n<\/div>\n","protected":false},"excerpt":{"rendered":"<p>BLACK X es un sellador de neum\u00e1ticos con un alto poder de fraguado y una alt\u00edsima repelencia al agua. Su formulaci\u00f3n est\u00e1 dise\u00f1ada para ofrecerle un rendimiento y unas prestaciones excelentes. ENVASES: 500ml y 1,5L PRESTACIONES: Larga duraci\u00f3n Resistencia al agua<\/p>\n","protected":false},"featured_media":4623,"template":"","meta":{"_acf_changed":false},"product_brand":[],"product_cat":[233,240,242,272,293],"product_tag":[312],"class_list":{"0":"post-29","1":"product","2":"type-product","3":"status-publish","4":"has-post-thumbnail","6":"product_cat-segmento-automotriz","7":"product_cat-acabado","8":"product_cat-categorias","9":"product_cat-neumaticos-sellantes","10":"product_cat-selantes","11":"product_tag-proteccion-de-neumaticos","13":"first","14":"instock","15":"shipping-taxable","16":"product-type-simple"},"acf":[],"_links":{"self":[{"href":"https:\/\/protelim.com.br\/es\/wp-json\/wp\/v2\/product\/29","targetHints":{"allow":["GET"]}}],"collection":[{"href":"https:\/\/protelim.com.br\/es\/wp-json\/wp\/v2\/product"}],"about":[{"href":"https:\/\/protelim.com.br\/es\/wp-json\/wp\/v2\/types\/product"}],"version-history":[{"count":4,"href":"https:\/\/protelim.com.br\/es\/wp-json\/wp\/v2\/product\/29\/revisions"}],"predecessor-version":[{"id":9615,"href":"https:\/\/protelim.com.br\/es\/wp-json\/wp\/v2\/product\/29\/revisions\/9615"}],"wp:featuredmedia":[{"embeddable":true,"href":"https:\/\/protelim.com.br\/es\/wp-json\/wp\/v2\/media\/4623"}],"wp:attachment":[{"href":"https:\/\/protelim.com.br\/es\/wp-json\/wp\/v2\/media?parent=29"}],"wp:term":[{"taxonomy":"product_brand","embeddable":true,"href":"https:\/\/protelim.com.br\/es\/wp-json\/wp\/v2\/product_brand?post=29"},{"taxonomy":"product_cat","embeddable":true,"href":"https:\/\/protelim.com.br\/es\/wp-json\/wp\/v2\/product_cat?post=29"},{"taxonomy":"product_tag","embeddable":true,"href":"https:\/\/protelim.com.br\/es\/wp-json\/wp\/v2\/product_tag?post=29"}],"curies":[{"name":"wp","href":"https:\/\/api.w.org\/{rel}","templated":true}]}}