{"id":25,"date":"2021-09-17T14:50:25","date_gmt":"2021-09-17T17:50:25","guid":{"rendered":"https:\/\/protelim.com.br\/?post_type=product&#038;p=25"},"modified":"2024-06-10T19:52:00","modified_gmt":"2024-06-10T22:52:00","slug":"apc-limpiador-de-alto-rendimiento","status":"publish","type":"product","link":"https:\/\/protelim.com.br\/es\/producto\/apc-limpiador-de-alto-rendimiento\/","title":{"rendered":"APC PROTELIM (POLIVALENTE)"},"content":{"rendered":"<p><span style=\"font-weight: 400;\">APC Protelim es un limpiador m\u00faltiple instant\u00e1neo, listo para usar, con un poder de limpieza mucho mayor. Ha sido desarrollado para la limpieza en profundidad de superficies con suciedad variada. Con la combinaci\u00f3n perfecta de componentes en su f\u00f3rmula, dispersa las part\u00edculas de suciedad, facilitando la eliminaci\u00f3n de residuos. Por tener un pH equilibrado y respetar las instrucciones de uso, no altera las caracter\u00edsticas de las superficies. Limpia instant\u00e1neamente y sin esfuerzo.<\/span><\/p>\n<p>ENVASE: 500 ml<\/p>\n<p>PRESTACIONES:<\/p>\n<p><span style=\"font-weight: 400;\">Puede aplicarse sobre cuero, pl\u00e1stico, vinilo y tela.<\/span><\/p>\n<p><span style=\"font-weight: 400;\">Elimina la grasa<\/span><\/p>\n","protected":false},"excerpt":{"rendered":"<p>APC Protelim es un limpiador m\u00faltiple instant\u00e1neo, listo para usar, con un poder de limpieza mucho mayor. Ha sido desarrollado para la limpieza en profundidad de superficies con suciedad variada. Con la combinaci\u00f3n perfecta de componentes en su f\u00f3rmula, dispersa las part\u00edculas de suciedad, facilitando la eliminaci\u00f3n de residuos. Por tener un pH equilibrado y [&hellip;]<\/p>\n","protected":false},"featured_media":2312,"template":"","meta":{"_acf_changed":false},"product_brand":[],"product_cat":[233,277,241,278,279,242,286,295],"product_tag":[305],"class_list":{"0":"post-25","1":"product","2":"type-product","3":"status-publish","4":"has-post-thumbnail","6":"product_cat-segmento-automotriz","7":"product_cat-cuero-higiene-general-automotriz","8":"product_cat-higiene-general-automotriz","9":"product_cat-limpiadores","10":"product_cat-tejidos-higiene-general-automotriz","11":"product_cat-categorias","12":"product_cat-multiuso","13":"product_cat-shp-sistema-higienizacion-protelim","14":"product_tag-tratamiento-interno","16":"first","17":"instock","18":"shipping-taxable","19":"product-type-simple"},"acf":[],"_links":{"self":[{"href":"https:\/\/protelim.com.br\/es\/wp-json\/wp\/v2\/product\/25","targetHints":{"allow":["GET"]}}],"collection":[{"href":"https:\/\/protelim.com.br\/es\/wp-json\/wp\/v2\/product"}],"about":[{"href":"https:\/\/protelim.com.br\/es\/wp-json\/wp\/v2\/types\/product"}],"version-history":[{"count":4,"href":"https:\/\/protelim.com.br\/es\/wp-json\/wp\/v2\/product\/25\/revisions"}],"predecessor-version":[{"id":9347,"href":"https:\/\/protelim.com.br\/es\/wp-json\/wp\/v2\/product\/25\/revisions\/9347"}],"wp:featuredmedia":[{"embeddable":true,"href":"https:\/\/protelim.com.br\/es\/wp-json\/wp\/v2\/media\/2312"}],"wp:attachment":[{"href":"https:\/\/protelim.com.br\/es\/wp-json\/wp\/v2\/media?parent=25"}],"wp:term":[{"taxonomy":"product_brand","embeddable":true,"href":"https:\/\/protelim.com.br\/es\/wp-json\/wp\/v2\/product_brand?post=25"},{"taxonomy":"product_cat","embeddable":true,"href":"https:\/\/protelim.com.br\/es\/wp-json\/wp\/v2\/product_cat?post=25"},{"taxonomy":"product_tag","embeddable":true,"href":"https:\/\/protelim.com.br\/es\/wp-json\/wp\/v2\/product_tag?post=25"}],"curies":[{"name":"wp","href":"https:\/\/api.w.org\/{rel}","templated":true}]}}