{"id":2391,"date":"2023-03-09T16:11:38","date_gmt":"2023-03-09T19:11:38","guid":{"rendered":"https:\/\/protelim.com.br\/?post_type=product&#038;p=2391"},"modified":"2024-12-03T09:59:48","modified_gmt":"2024-12-03T12:59:48","slug":"chrome-metal-polish-pulidor-de-metales","status":"publish","type":"product","link":"https:\/\/protelim.com.br\/es\/producto\/chrome-metal-polish-pulidor-de-metales\/","title":{"rendered":"CHROME METAL POLISH &#8211; PULIDOR DE METALES"},"content":{"rendered":"<p><span style=\"font-weight: 400;\">CHROME METAL POLISH es un abrillantador y protector de metales de alto rendimiento dise\u00f1ado para eliminar la contaminaci\u00f3n, la oxidaci\u00f3n y las manchas de los metales. Se utiliza en aluminio, cromo, cobre, lat\u00f3n, acero inoxidable, entre otros. Su f\u00f3rmula contiene abrasivos con alto grado de dureza, agentes anticorrosivos y SiO2, que protegen contra la oxidaci\u00f3n y opacidad de los metales.<\/span><\/p>\n<p>ENVASE: <span style=\"font-weight: 400;\">150 g<\/span><\/p>\n<p>PRESTACIONES:<\/p>\n<p><span style=\"font-weight: 400;\">Limpia y protege<\/span><\/p>\n<p><span style=\"font-weight: 400;\">Alto poder de brillo<\/span><\/p>\n<p><span style=\"font-weight: 400;\">Elimina la oxidaci\u00f3n<\/span><\/p>\n<p><span style=\"font-weight: 400;\">Ultraprotecci\u00f3n hasta 4 meses<\/span><\/p>\n","protected":false},"excerpt":{"rendered":"<p>CHROME METAL POLISH es un abrillantador y protector de metales de alto rendimiento dise\u00f1ado para eliminar la contaminaci\u00f3n, la oxidaci\u00f3n y las manchas de los metales. Se utiliza en aluminio, cromo, cobre, lat\u00f3n, acero inoxidable, entre otros. Su f\u00f3rmula contiene abrasivos con alto grado de dureza, agentes anticorrosivos y SiO2, que protegen contra la oxidaci\u00f3n [&hellip;]<\/p>\n","protected":false},"featured_media":2392,"template":"","meta":{"_acf_changed":false},"product_brand":[],"product_cat":[233,239,261,242,289],"product_tag":[161,219,220,221],"class_list":{"0":"post-2391","1":"product","2":"type-product","3":"status-publish","4":"has-post-thumbnail","6":"product_cat-segmento-automotriz","7":"product_cat-pulido-profesional","8":"product_cat-pulidores","9":"product_cat-categorias","10":"product_cat-pulidores-otros-productos","11":"product_tag-protelim","12":"product_tag-polidor","13":"product_tag-polidor-de-metais","14":"product_tag-chrome-metal-polish","16":"first","17":"instock","18":"shipping-taxable","19":"product-type-simple"},"acf":[],"_links":{"self":[{"href":"https:\/\/protelim.com.br\/es\/wp-json\/wp\/v2\/product\/2391","targetHints":{"allow":["GET"]}}],"collection":[{"href":"https:\/\/protelim.com.br\/es\/wp-json\/wp\/v2\/product"}],"about":[{"href":"https:\/\/protelim.com.br\/es\/wp-json\/wp\/v2\/types\/product"}],"version-history":[{"count":6,"href":"https:\/\/protelim.com.br\/es\/wp-json\/wp\/v2\/product\/2391\/revisions"}],"predecessor-version":[{"id":9624,"href":"https:\/\/protelim.com.br\/es\/wp-json\/wp\/v2\/product\/2391\/revisions\/9624"}],"wp:featuredmedia":[{"embeddable":true,"href":"https:\/\/protelim.com.br\/es\/wp-json\/wp\/v2\/media\/2392"}],"wp:attachment":[{"href":"https:\/\/protelim.com.br\/es\/wp-json\/wp\/v2\/media?parent=2391"}],"wp:term":[{"taxonomy":"product_brand","embeddable":true,"href":"https:\/\/protelim.com.br\/es\/wp-json\/wp\/v2\/product_brand?post=2391"},{"taxonomy":"product_cat","embeddable":true,"href":"https:\/\/protelim.com.br\/es\/wp-json\/wp\/v2\/product_cat?post=2391"},{"taxonomy":"product_tag","embeddable":true,"href":"https:\/\/protelim.com.br\/es\/wp-json\/wp\/v2\/product_tag?post=2391"}],"curies":[{"name":"wp","href":"https:\/\/api.w.org\/{rel}","templated":true}]}}