{"id":234,"date":"2021-09-17T18:40:35","date_gmt":"2021-09-17T21:40:35","guid":{"rendered":"https:\/\/protelim.com.br\/?post_type=product&#038;p=234"},"modified":"2024-06-10T19:31:53","modified_gmt":"2024-06-10T22:31:53","slug":"limpia-aluminio-prot-refri","status":"publish","type":"product","link":"https:\/\/protelim.com.br\/es\/producto\/limpia-aluminio-prot-refri\/","title":{"rendered":"LIMPIADOR DE ALUMINIO PROT REFRI"},"content":{"rendered":"<p>PROT REFRI es un producto profesional con un olor caracter\u00edstico que debe aplicarse con EPI. Los \u00e1cidos se encargan de desincrustar el aluminio, d\u00e1ndole un nuevo aspecto.<\/p>\n<p>ENVASES: 5L y 50L<\/p>\n<p>PRESTACIONES:<\/p>\n<p>F\u00e1cil de aplicar<\/p>\n<p>Elimina la suciedad<\/p>\n<p>Abrillanta r\u00e1pidamente el aluminio<\/p>\n","protected":false},"excerpt":{"rendered":"<p>PROT REFRI es un producto profesional con un olor caracter\u00edstico que debe aplicarse con EPI. Los \u00e1cidos se encargan de desincrustar el aluminio, d\u00e1ndole un nuevo aspecto. ENVASES: 5L y 50L PRESTACIONES: F\u00e1cil de aplicar Elimina la suciedad Abrillanta r\u00e1pidamente el aluminio<\/p>\n","protected":false},"featured_media":235,"template":"","meta":{"_acf_changed":false},"product_brand":[],"product_cat":[252,249,237],"product_tag":[],"class_list":{"0":"post-234","1":"product","2":"type-product","3":"status-publish","4":"has-post-thumbnail","6":"product_cat-desincrustante-limpiadores-especiales","7":"product_cat-limpiadores-especiales","8":"product_cat-refrigeracion-predial","10":"first","11":"instock","12":"shipping-taxable","13":"product-type-simple"},"acf":[],"_links":{"self":[{"href":"https:\/\/protelim.com.br\/es\/wp-json\/wp\/v2\/product\/234","targetHints":{"allow":["GET"]}}],"collection":[{"href":"https:\/\/protelim.com.br\/es\/wp-json\/wp\/v2\/product"}],"about":[{"href":"https:\/\/protelim.com.br\/es\/wp-json\/wp\/v2\/types\/product"}],"version-history":[{"count":4,"href":"https:\/\/protelim.com.br\/es\/wp-json\/wp\/v2\/product\/234\/revisions"}],"predecessor-version":[{"id":9272,"href":"https:\/\/protelim.com.br\/es\/wp-json\/wp\/v2\/product\/234\/revisions\/9272"}],"wp:featuredmedia":[{"embeddable":true,"href":"https:\/\/protelim.com.br\/es\/wp-json\/wp\/v2\/media\/235"}],"wp:attachment":[{"href":"https:\/\/protelim.com.br\/es\/wp-json\/wp\/v2\/media?parent=234"}],"wp:term":[{"taxonomy":"product_brand","embeddable":true,"href":"https:\/\/protelim.com.br\/es\/wp-json\/wp\/v2\/product_brand?post=234"},{"taxonomy":"product_cat","embeddable":true,"href":"https:\/\/protelim.com.br\/es\/wp-json\/wp\/v2\/product_cat?post=234"},{"taxonomy":"product_tag","embeddable":true,"href":"https:\/\/protelim.com.br\/es\/wp-json\/wp\/v2\/product_tag?post=234"}],"curies":[{"name":"wp","href":"https:\/\/api.w.org\/{rel}","templated":true}]}}