{"id":2333,"date":"2023-01-24T14:36:35","date_gmt":"2023-01-24T17:36:35","guid":{"rendered":"https:\/\/protelim.com.br\/?post_type=product&#038;p=2333"},"modified":"2024-12-03T10:02:26","modified_gmt":"2024-12-03T13:02:26","slug":"power-wash-lava-auto-neutro-protelim","status":"publish","type":"product","link":"https:\/\/protelim.com.br\/es\/producto\/power-wash-lava-auto-neutro-protelim\/","title":{"rendered":"POWER WASH &#8211; LAVADO NEUTRO"},"content":{"rendered":"<p>Power Wash es un t\u00fanel de lavado neutro con un alto contenido en Espuma Estable, ultra concentrado, con una diluci\u00f3n de hasta 1:500, que ofrece una gran relaci\u00f3n calidad-precio.<\/p>\n<p>Su f\u00f3rmula contiene tensioactivos biodegradables y pol\u00edmeros de alto brillo, que proporcionan un excelente acabado, ayudando a reducir la tensi\u00f3n superficial y a eliminar la suciedad con gran facilidad, as\u00ed como una agradable fragancia a cereza silvestre.<\/p>\n<p>No da\u00f1a piezas como cristales, vinilos, molduras, cromados y pl\u00e1sticos. No elimina la cera ya que tiene un pH equilibrado y ofrece total seguridad a sus usuarios.<\/p>\n<p>ENVASES: 500ml &#8211; 1,5L &#8211; 5L<\/p>\n<p>PRESTACIONES:<\/p>\n<p>Superconcentrado<\/p>\n<p>Tensioactivos biodegradables<\/p>\n<p>Pol\u00edmeros de alto brillo<\/p>\n","protected":false},"excerpt":{"rendered":"<p>Power Wash es un t\u00fanel de lavado neutro con un alto contenido en Espuma Estable, ultra concentrado, con una diluci\u00f3n de hasta 1:500, que ofrece una gran relaci\u00f3n calidad-precio. Su f\u00f3rmula contiene tensioactivos biodegradables y pol\u00edmeros de alto brillo, que proporcionan un excelente acabado, ayudando a reducir la tensi\u00f3n superficial y a eliminar la suciedad [&hellip;]<\/p>\n","protected":false},"featured_media":2306,"template":"","meta":{"_acf_changed":false},"product_brand":[],"product_cat":[233,238,254,283,242,258],"product_tag":[309],"class_list":{"0":"post-2333","1":"product","2":"type-product","3":"status-publish","4":"has-post-thumbnail","6":"product_cat-segmento-automotriz","7":"product_cat-lavado-profesional","8":"product_cat-carroceria-lataria","9":"product_cat-detergentes-neutros","10":"product_cat-categorias","11":"product_cat-capota-maritima","12":"product_tag-lava-autos","14":"first","15":"instock","16":"shipping-taxable","17":"product-type-simple"},"acf":[],"_links":{"self":[{"href":"https:\/\/protelim.com.br\/es\/wp-json\/wp\/v2\/product\/2333","targetHints":{"allow":["GET"]}}],"collection":[{"href":"https:\/\/protelim.com.br\/es\/wp-json\/wp\/v2\/product"}],"about":[{"href":"https:\/\/protelim.com.br\/es\/wp-json\/wp\/v2\/types\/product"}],"version-history":[{"count":5,"href":"https:\/\/protelim.com.br\/es\/wp-json\/wp\/v2\/product\/2333\/revisions"}],"predecessor-version":[{"id":9626,"href":"https:\/\/protelim.com.br\/es\/wp-json\/wp\/v2\/product\/2333\/revisions\/9626"}],"wp:featuredmedia":[{"embeddable":true,"href":"https:\/\/protelim.com.br\/es\/wp-json\/wp\/v2\/media\/2306"}],"wp:attachment":[{"href":"https:\/\/protelim.com.br\/es\/wp-json\/wp\/v2\/media?parent=2333"}],"wp:term":[{"taxonomy":"product_brand","embeddable":true,"href":"https:\/\/protelim.com.br\/es\/wp-json\/wp\/v2\/product_brand?post=2333"},{"taxonomy":"product_cat","embeddable":true,"href":"https:\/\/protelim.com.br\/es\/wp-json\/wp\/v2\/product_cat?post=2333"},{"taxonomy":"product_tag","embeddable":true,"href":"https:\/\/protelim.com.br\/es\/wp-json\/wp\/v2\/product_tag?post=2333"}],"curies":[{"name":"wp","href":"https:\/\/api.w.org\/{rel}","templated":true}]}}