{"id":232,"date":"2021-09-17T18:39:40","date_gmt":"2021-09-17T21:39:40","guid":{"rendered":"https:\/\/protelim.com.br\/?post_type=product&#038;p=232"},"modified":"2024-06-10T19:32:01","modified_gmt":"2024-06-10T22:32:01","slug":"limpia-aluminio-prot-refri-plus","status":"publish","type":"product","link":"https:\/\/protelim.com.br\/es\/producto\/limpia-aluminio-prot-refri-plus\/","title":{"rendered":"LIMPIADOR DE ALUMINIO PROT REFRI PLUS"},"content":{"rendered":"<p>PROT REFRI PLUS es un desincrustante \u00e1cido concentrado, indicado para la limpieza de bater\u00edas de aire acondicionado en general, con la mejor relaci\u00f3n calidad-precio.<\/p>\n<p>ENVASE: 5 LITROS<\/p>\n<p>PRESTACIONES:<\/p>\n<p>Limpia y abrillanta eficazmente<\/p>\n<p>Acci\u00f3n r\u00e1pida en la eliminaci\u00f3n de \u00f3xidos<\/p>\n","protected":false},"excerpt":{"rendered":"<p>PROT REFRI PLUS es un desincrustante \u00e1cido concentrado, indicado para la limpieza de bater\u00edas de aire acondicionado en general, con la mejor relaci\u00f3n calidad-precio. ENVASE: 5 LITROS PRESTACIONES: Limpia y abrillanta eficazmente Acci\u00f3n r\u00e1pida en la eliminaci\u00f3n de \u00f3xidos<\/p>\n","protected":false},"featured_media":233,"template":"","meta":{"_acf_changed":false},"product_brand":[],"product_cat":[252,249,237],"product_tag":[],"class_list":{"0":"post-232","1":"product","2":"type-product","3":"status-publish","4":"has-post-thumbnail","6":"product_cat-desincrustante-limpiadores-especiales","7":"product_cat-limpiadores-especiales","8":"product_cat-refrigeracion-predial","10":"first","11":"instock","12":"shipping-taxable","13":"product-type-simple"},"acf":[],"_links":{"self":[{"href":"https:\/\/protelim.com.br\/es\/wp-json\/wp\/v2\/product\/232","targetHints":{"allow":["GET"]}}],"collection":[{"href":"https:\/\/protelim.com.br\/es\/wp-json\/wp\/v2\/product"}],"about":[{"href":"https:\/\/protelim.com.br\/es\/wp-json\/wp\/v2\/types\/product"}],"version-history":[{"count":4,"href":"https:\/\/protelim.com.br\/es\/wp-json\/wp\/v2\/product\/232\/revisions"}],"predecessor-version":[{"id":9274,"href":"https:\/\/protelim.com.br\/es\/wp-json\/wp\/v2\/product\/232\/revisions\/9274"}],"wp:featuredmedia":[{"embeddable":true,"href":"https:\/\/protelim.com.br\/es\/wp-json\/wp\/v2\/media\/233"}],"wp:attachment":[{"href":"https:\/\/protelim.com.br\/es\/wp-json\/wp\/v2\/media?parent=232"}],"wp:term":[{"taxonomy":"product_brand","embeddable":true,"href":"https:\/\/protelim.com.br\/es\/wp-json\/wp\/v2\/product_brand?post=232"},{"taxonomy":"product_cat","embeddable":true,"href":"https:\/\/protelim.com.br\/es\/wp-json\/wp\/v2\/product_cat?post=232"},{"taxonomy":"product_tag","embeddable":true,"href":"https:\/\/protelim.com.br\/es\/wp-json\/wp\/v2\/product_tag?post=232"}],"curies":[{"name":"wp","href":"https:\/\/api.w.org\/{rel}","templated":true}]}}