{"id":2316,"date":"2023-01-16T12:33:47","date_gmt":"2023-01-16T15:33:47","guid":{"rendered":"https:\/\/protelim.com.br\/?post_type=product&#038;p=2316"},"modified":"2024-06-10T19:31:00","modified_gmt":"2024-06-10T22:31:00","slug":"revitax-revitalizador-y-protector-de-plasticos","status":"publish","type":"product","link":"https:\/\/protelim.com.br\/es\/producto\/revitax-revitalizador-y-protector-de-plasticos\/","title":{"rendered":"REVITAX &#8211; REVITALIZANTE Y PROTECTOR DE PL\u00c1STICOS"},"content":{"rendered":"<p>REVITAX Protelim es un revitalizante y protector de pl\u00e1sticos de \u00faltima generaci\u00f3n. Su avanzada f\u00f3rmula contiene SiO2, protecci\u00f3n UV y materias primas esenciales que revitalizan y protegen las superficies internas y externas contra los efectos del tiempo y la degradaci\u00f3n prematura. REVITAX Protelim restaura con calidad diversos tipos de superficies de pl\u00e1stico, vinilo y caucho, como parachoques, paneles de autom\u00f3viles, laterales interiores de puertas y cap\u00f3s.<\/p>\n<p>REVITAX Protelim proporciona hasta 8 meses de protecci\u00f3n en pl\u00e1sticos internos y hasta 3 meses en pl\u00e1sticos externos.<\/p>\n<p>ENVASE: 500 ml<\/p>\n<p>PRESTACIONES:<\/p>\n<p>Protecci\u00f3n basada en SiO2<\/p>\n<p>Protecci\u00f3n UV<\/p>\n<p>Restaura el aspecto original<\/p>\n<p>Protege hasta 8 meses de las inclemencias del tiempo<\/p>\n","protected":false},"excerpt":{"rendered":"<p>REVITAX Protelim es un revitalizante y protector de pl\u00e1sticos de \u00faltima generaci\u00f3n. Su avanzada f\u00f3rmula contiene SiO2, protecci\u00f3n UV y materias primas esenciales que revitalizan y protegen las superficies internas y externas contra los efectos del tiempo y la degradaci\u00f3n prematura. REVITAX Protelim restaura con calidad diversos tipos de superficies de pl\u00e1stico, vinilo y caucho, [&hellip;]<\/p>\n","protected":false},"featured_media":2318,"template":"","meta":{"_acf_changed":false},"product_brand":[],"product_cat":[233,240,269,270],"product_tag":[161,216,217,305,310],"class_list":{"0":"post-2316","1":"product","2":"type-product","3":"status-publish","4":"has-post-thumbnail","6":"product_cat-segmento-automotriz","7":"product_cat-acabado","8":"product_cat-plasticos-y-vinilos","9":"product_cat-capota-maritima-acabado","10":"product_tag-protelim","11":"product_tag-revitax","12":"product_tag-revitalizador-de-plasticos","13":"product_tag-tratamiento-interno","14":"product_tag-revitalizador-de-plastico","16":"first","17":"instock","18":"shipping-taxable","19":"product-type-simple"},"acf":[],"_links":{"self":[{"href":"https:\/\/protelim.com.br\/es\/wp-json\/wp\/v2\/product\/2316","targetHints":{"allow":["GET"]}}],"collection":[{"href":"https:\/\/protelim.com.br\/es\/wp-json\/wp\/v2\/product"}],"about":[{"href":"https:\/\/protelim.com.br\/es\/wp-json\/wp\/v2\/types\/product"}],"version-history":[{"count":5,"href":"https:\/\/protelim.com.br\/es\/wp-json\/wp\/v2\/product\/2316\/revisions"}],"predecessor-version":[{"id":9351,"href":"https:\/\/protelim.com.br\/es\/wp-json\/wp\/v2\/product\/2316\/revisions\/9351"}],"wp:featuredmedia":[{"embeddable":true,"href":"https:\/\/protelim.com.br\/es\/wp-json\/wp\/v2\/media\/2318"}],"wp:attachment":[{"href":"https:\/\/protelim.com.br\/es\/wp-json\/wp\/v2\/media?parent=2316"}],"wp:term":[{"taxonomy":"product_brand","embeddable":true,"href":"https:\/\/protelim.com.br\/es\/wp-json\/wp\/v2\/product_brand?post=2316"},{"taxonomy":"product_cat","embeddable":true,"href":"https:\/\/protelim.com.br\/es\/wp-json\/wp\/v2\/product_cat?post=2316"},{"taxonomy":"product_tag","embeddable":true,"href":"https:\/\/protelim.com.br\/es\/wp-json\/wp\/v2\/product_tag?post=2316"}],"curies":[{"name":"wp","href":"https:\/\/api.w.org\/{rel}","templated":true}]}}