{"id":230,"date":"2021-09-17T18:38:18","date_gmt":"2021-09-17T21:38:18","guid":{"rendered":"https:\/\/protelim.com.br\/?post_type=product&#038;p=230"},"modified":"2024-06-10T19:32:10","modified_gmt":"2024-06-10T22:32:10","slug":"desinfectante-bactericida-prot-ecco-air-talco","status":"publish","type":"product","link":"https:\/\/protelim.com.br\/es\/producto\/desinfectante-bactericida-prot-ecco-air-talco\/","title":{"rendered":"PROT ECCO AIR TALCO DESINFECTANTE BACTERICIDA"},"content":{"rendered":"<p>PROT ECCO DS AIR TALCO es un producto bactericida de alto poder desinfectante para superficies y ambientes como aviones, coches, autobuses, viviendas y oficinas que necesiten higienizaci\u00f3n, limpieza y desodorizaci\u00f3n.<\/p>\n<p>ENVASES: 1L y 5L<\/p>\n<p>BENEFICIOS:<\/p>\n<p>Elimina el 99,9% de los g\u00e9rmenes y bacterias<\/p>\n<p>Fragancia suave<\/p>\n","protected":false},"excerpt":{"rendered":"<p>PROT ECCO DS AIR TALCO es un producto bactericida de alto poder desinfectante para superficies y ambientes como aviones, coches, autobuses, viviendas y oficinas que necesiten higienizaci\u00f3n, limpieza y desodorizaci\u00f3n. ENVASES: 1L y 5L BENEFICIOS: Elimina el 99,9% de los g\u00e9rmenes y bacterias Fragancia suave<\/p>\n","protected":false},"featured_media":231,"template":"","meta":{"_acf_changed":false},"product_brand":[],"product_cat":[248,251,237],"product_tag":[],"class_list":{"0":"post-230","1":"product","2":"type-product","3":"status-publish","4":"has-post-thumbnail","6":"product_cat-bactericida","7":"product_cat-desinfectante","8":"product_cat-refrigeracion-predial","10":"first","11":"instock","12":"shipping-taxable","13":"product-type-simple"},"acf":[],"_links":{"self":[{"href":"https:\/\/protelim.com.br\/es\/wp-json\/wp\/v2\/product\/230","targetHints":{"allow":["GET"]}}],"collection":[{"href":"https:\/\/protelim.com.br\/es\/wp-json\/wp\/v2\/product"}],"about":[{"href":"https:\/\/protelim.com.br\/es\/wp-json\/wp\/v2\/types\/product"}],"version-history":[{"count":4,"href":"https:\/\/protelim.com.br\/es\/wp-json\/wp\/v2\/product\/230\/revisions"}],"predecessor-version":[{"id":9266,"href":"https:\/\/protelim.com.br\/es\/wp-json\/wp\/v2\/product\/230\/revisions\/9266"}],"wp:featuredmedia":[{"embeddable":true,"href":"https:\/\/protelim.com.br\/es\/wp-json\/wp\/v2\/media\/231"}],"wp:attachment":[{"href":"https:\/\/protelim.com.br\/es\/wp-json\/wp\/v2\/media?parent=230"}],"wp:term":[{"taxonomy":"product_brand","embeddable":true,"href":"https:\/\/protelim.com.br\/es\/wp-json\/wp\/v2\/product_brand?post=230"},{"taxonomy":"product_cat","embeddable":true,"href":"https:\/\/protelim.com.br\/es\/wp-json\/wp\/v2\/product_cat?post=230"},{"taxonomy":"product_tag","embeddable":true,"href":"https:\/\/protelim.com.br\/es\/wp-json\/wp\/v2\/product_tag?post=230"}],"curies":[{"name":"wp","href":"https:\/\/api.w.org\/{rel}","templated":true}]}}