{"id":226,"date":"2021-09-17T18:37:15","date_gmt":"2021-09-17T21:37:15","guid":{"rendered":"https:\/\/protelim.com.br\/?post_type=product&#038;p=226"},"modified":"2024-06-10T19:32:19","modified_gmt":"2024-06-10T22:32:19","slug":"bactericida-prot-ecco-ds-air-neutro","status":"publish","type":"product","link":"https:\/\/protelim.com.br\/es\/producto\/bactericida-prot-ecco-ds-air-neutro\/","title":{"rendered":"PROT ECCO DS AIR BACTERICIDA NEUTRO"},"content":{"rendered":"<p><span style=\"font-weight: 400;\">PROT ECCO DS AIR NEUTRO es un producto bactericida de alto poder desinfectante para superficies y ambientes como aviones, coches, autobuses, viviendas y oficinas que necesiten higienizaci\u00f3n, limpieza y desodorizaci\u00f3n.<\/span><\/p>\n<p>ENVASES: <span style=\"font-weight: 400;\">1L y 5L<\/span><\/p>\n<p>PRESTACIONES:<\/p>\n<p><span style=\"font-weight: 400;\">Producto hipoalerg\u00e9nico<\/span><\/p>\n<p><span style=\"font-weight: 400;\">pH neutro<\/span><\/p>\n<p><span style=\"font-weight: 400;\">Sin perfume<\/span><\/p>\n","protected":false},"excerpt":{"rendered":"<p>PROT ECCO DS AIR NEUTRO es un producto bactericida de alto poder desinfectante para superficies y ambientes como aviones, coches, autobuses, viviendas y oficinas que necesiten higienizaci\u00f3n, limpieza y desodorizaci\u00f3n. ENVASES: 1L y 5L PRESTACIONES: Producto hipoalerg\u00e9nico pH neutro Sin perfume<\/p>\n","protected":false},"featured_media":227,"template":"","meta":{"_acf_changed":false},"product_brand":[],"product_cat":[233,248,240,242,237,287,265],"product_tag":[],"class_list":{"0":"post-226","1":"product","2":"type-product","3":"status-publish","4":"has-post-thumbnail","6":"product_cat-segmento-automotriz","7":"product_cat-bactericida","8":"product_cat-acabado","9":"product_cat-categorias","10":"product_cat-refrigeracion-predial","11":"product_cat-bactericidas-otros-productos","12":"product_cat-bactericidas","14":"first","15":"instock","16":"shipping-taxable","17":"product-type-simple"},"acf":[],"_links":{"self":[{"href":"https:\/\/protelim.com.br\/es\/wp-json\/wp\/v2\/product\/226","targetHints":{"allow":["GET"]}}],"collection":[{"href":"https:\/\/protelim.com.br\/es\/wp-json\/wp\/v2\/product"}],"about":[{"href":"https:\/\/protelim.com.br\/es\/wp-json\/wp\/v2\/types\/product"}],"version-history":[{"count":5,"href":"https:\/\/protelim.com.br\/es\/wp-json\/wp\/v2\/product\/226\/revisions"}],"predecessor-version":[{"id":9252,"href":"https:\/\/protelim.com.br\/es\/wp-json\/wp\/v2\/product\/226\/revisions\/9252"}],"wp:featuredmedia":[{"embeddable":true,"href":"https:\/\/protelim.com.br\/es\/wp-json\/wp\/v2\/media\/227"}],"wp:attachment":[{"href":"https:\/\/protelim.com.br\/es\/wp-json\/wp\/v2\/media?parent=226"}],"wp:term":[{"taxonomy":"product_brand","embeddable":true,"href":"https:\/\/protelim.com.br\/es\/wp-json\/wp\/v2\/product_brand?post=226"},{"taxonomy":"product_cat","embeddable":true,"href":"https:\/\/protelim.com.br\/es\/wp-json\/wp\/v2\/product_cat?post=226"},{"taxonomy":"product_tag","embeddable":true,"href":"https:\/\/protelim.com.br\/es\/wp-json\/wp\/v2\/product_tag?post=226"}],"curies":[{"name":"wp","href":"https:\/\/api.w.org\/{rel}","templated":true}]}}