{"id":223,"date":"2021-09-17T18:36:05","date_gmt":"2021-09-17T21:36:05","guid":{"rendered":"https:\/\/protelim.com.br\/?post_type=product&#038;p=223"},"modified":"2024-06-10T19:32:26","modified_gmt":"2024-06-10T22:32:26","slug":"bactericida-prot-ecco-ds-air-marine","status":"publish","type":"product","link":"https:\/\/protelim.com.br\/es\/producto\/bactericida-prot-ecco-ds-air-marine\/","title":{"rendered":"PROT ECCO DS AIR BACTERICIDA MARINO"},"content":{"rendered":"<p>PROT ECCO DS AIR MARINE es un producto bactericida de alto poder desinfectante para superficies y ambientes como aviones, coches, autobuses, viviendas y oficinas que necesiten higienizaci\u00f3n, limpieza y desodorizaci\u00f3n.<\/p>\n<p>ENVASES: 1L y 5L<\/p>\n<p>PRESTACIONES:<\/p>\n<p>Elimina el 99,9% de los g\u00e9rmenes y bacterias<\/p>\n<p>Tiene una fragancia suave<\/p>\n","protected":false},"excerpt":{"rendered":"<p>PROT ECCO DS AIR MARINE es un producto bactericida de alto poder desinfectante para superficies y ambientes como aviones, coches, autobuses, viviendas y oficinas que necesiten higienizaci\u00f3n, limpieza y desodorizaci\u00f3n. ENVASES: 1L y 5L PRESTACIONES: Elimina el 99,9% de los g\u00e9rmenes y bacterias Tiene una fragancia suave<\/p>\n","protected":false},"featured_media":224,"template":"","meta":{"_acf_changed":false},"product_brand":[],"product_cat":[233,248,240,242,237,287,265],"product_tag":[],"class_list":{"0":"post-223","1":"product","2":"type-product","3":"status-publish","4":"has-post-thumbnail","6":"product_cat-segmento-automotriz","7":"product_cat-bactericida","8":"product_cat-acabado","9":"product_cat-categorias","10":"product_cat-refrigeracion-predial","11":"product_cat-bactericidas-otros-productos","12":"product_cat-bactericidas","14":"first","15":"instock","16":"shipping-taxable","17":"product-type-simple"},"acf":[],"_links":{"self":[{"href":"https:\/\/protelim.com.br\/es\/wp-json\/wp\/v2\/product\/223","targetHints":{"allow":["GET"]}}],"collection":[{"href":"https:\/\/protelim.com.br\/es\/wp-json\/wp\/v2\/product"}],"about":[{"href":"https:\/\/protelim.com.br\/es\/wp-json\/wp\/v2\/types\/product"}],"version-history":[{"count":3,"href":"https:\/\/protelim.com.br\/es\/wp-json\/wp\/v2\/product\/223\/revisions"}],"predecessor-version":[{"id":9255,"href":"https:\/\/protelim.com.br\/es\/wp-json\/wp\/v2\/product\/223\/revisions\/9255"}],"wp:featuredmedia":[{"embeddable":true,"href":"https:\/\/protelim.com.br\/es\/wp-json\/wp\/v2\/media\/224"}],"wp:attachment":[{"href":"https:\/\/protelim.com.br\/es\/wp-json\/wp\/v2\/media?parent=223"}],"wp:term":[{"taxonomy":"product_brand","embeddable":true,"href":"https:\/\/protelim.com.br\/es\/wp-json\/wp\/v2\/product_brand?post=223"},{"taxonomy":"product_cat","embeddable":true,"href":"https:\/\/protelim.com.br\/es\/wp-json\/wp\/v2\/product_cat?post=223"},{"taxonomy":"product_tag","embeddable":true,"href":"https:\/\/protelim.com.br\/es\/wp-json\/wp\/v2\/product_tag?post=223"}],"curies":[{"name":"wp","href":"https:\/\/api.w.org\/{rel}","templated":true}]}}