{"id":218,"date":"2021-09-17T18:33:06","date_gmt":"2021-09-17T21:33:06","guid":{"rendered":"https:\/\/protelim.com.br\/?post_type=product&#038;p=218"},"modified":"2024-06-10T19:32:40","modified_gmt":"2024-06-10T22:32:40","slug":"bactericida-prot-ecco-ds-air-lavanda","status":"publish","type":"product","link":"https:\/\/protelim.com.br\/es\/producto\/bactericida-prot-ecco-ds-air-lavanda\/","title":{"rendered":"PROT ECCO DS AIR LAVANDA BACTERICIDA"},"content":{"rendered":"<p>PROT ECCO DS AIR LAVANDA es un producto bactericida de alto poder desinfectante para superficies y ambientes como aviones, coches, autobuses, viviendas y oficinas que necesiten higienizaci\u00f3n, limpieza y desodorizaci\u00f3n.<\/p>\n<p>ENVASES: 1L y 5L<\/p>\n<p>PRESTACIONES:<\/p>\n<p>Elimina el 99,9% de los g\u00e9rmenes y bacterias<\/p>\n<p>Tiene una fragancia suave<\/p>\n","protected":false},"excerpt":{"rendered":"<p>PROT ECCO DS AIR LAVANDA es un producto bactericida de alto poder desinfectante para superficies y ambientes como aviones, coches, autobuses, viviendas y oficinas que necesiten higienizaci\u00f3n, limpieza y desodorizaci\u00f3n. ENVASES: 1L y 5L PRESTACIONES: Elimina el 99,9% de los g\u00e9rmenes y bacterias Tiene una fragancia suave<\/p>\n","protected":false},"featured_media":219,"template":"","meta":{"_acf_changed":false},"product_brand":[],"product_cat":[233,248,240,242,237,287,265],"product_tag":[],"class_list":{"0":"post-218","1":"product","2":"type-product","3":"status-publish","4":"has-post-thumbnail","6":"product_cat-segmento-automotriz","7":"product_cat-bactericida","8":"product_cat-acabado","9":"product_cat-categorias","10":"product_cat-refrigeracion-predial","11":"product_cat-bactericidas-otros-productos","12":"product_cat-bactericidas","14":"first","15":"instock","16":"shipping-taxable","17":"product-type-simple"},"acf":[],"_links":{"self":[{"href":"https:\/\/protelim.com.br\/es\/wp-json\/wp\/v2\/product\/218","targetHints":{"allow":["GET"]}}],"collection":[{"href":"https:\/\/protelim.com.br\/es\/wp-json\/wp\/v2\/product"}],"about":[{"href":"https:\/\/protelim.com.br\/es\/wp-json\/wp\/v2\/types\/product"}],"version-history":[{"count":3,"href":"https:\/\/protelim.com.br\/es\/wp-json\/wp\/v2\/product\/218\/revisions"}],"predecessor-version":[{"id":9256,"href":"https:\/\/protelim.com.br\/es\/wp-json\/wp\/v2\/product\/218\/revisions\/9256"}],"wp:featuredmedia":[{"embeddable":true,"href":"https:\/\/protelim.com.br\/es\/wp-json\/wp\/v2\/media\/219"}],"wp:attachment":[{"href":"https:\/\/protelim.com.br\/es\/wp-json\/wp\/v2\/media?parent=218"}],"wp:term":[{"taxonomy":"product_brand","embeddable":true,"href":"https:\/\/protelim.com.br\/es\/wp-json\/wp\/v2\/product_brand?post=218"},{"taxonomy":"product_cat","embeddable":true,"href":"https:\/\/protelim.com.br\/es\/wp-json\/wp\/v2\/product_cat?post=218"},{"taxonomy":"product_tag","embeddable":true,"href":"https:\/\/protelim.com.br\/es\/wp-json\/wp\/v2\/product_tag?post=218"}],"curies":[{"name":"wp","href":"https:\/\/api.w.org\/{rel}","templated":true}]}}