{"id":20,"date":"2021-09-17T14:42:41","date_gmt":"2021-09-17T17:42:41","guid":{"rendered":"https:\/\/protelim.com.br\/?post_type=product&#038;p=20"},"modified":"2024-12-03T10:37:08","modified_gmt":"2024-12-03T13:37:08","slug":"plastic-new-renovador-de-plasticos-gomas-y-vinilos","status":"publish","type":"product","link":"https:\/\/protelim.com.br\/es\/producto\/plastic-new-renovador-de-plasticos-gomas-y-vinilos\/","title":{"rendered":"PLASTIC NEW &#8211; RENOVADOR DE PL\u00c1STICOS, GOMAS Y VINILOS"},"content":{"rendered":"<p>PLASTIC NEW es un potente renovador de pl\u00e1sticos, gomas y vinilos para uso interno y externo. Su composici\u00f3n combina componentes de primera calidad que ayudan a proteger las superficies de las piezas contra la acci\u00f3n del tiempo, evitando su desecaci\u00f3n y degradaci\u00f3n prematura. Es adecuado para coches, autobuses, barcos, camiones, etc. El revitalizador de pl\u00e1sticos de automoci\u00f3n PLASTIC NEW es de larga duraci\u00f3n, no fatiga y deja su veh\u00edculo como nuevo.<\/p>\n<p>ENVASE: 500 ml<\/p>\n<p>PRESTACIONES:<\/p>\n<p><span style=\"font-weight: 400;\">Restaurar y dejar como nuevo<\/span><\/p>\n<p><span style=\"font-weight: 400;\">Protecci\u00f3n contra la intemperie<\/span><\/p>\n<p><span style=\"font-weight: 400;\">Uso interno y externo<\/span><\/p>\n<p><span style=\"font-weight: 400;\">Tiene un aspecto brillante<\/span><\/p>\n","protected":false},"excerpt":{"rendered":"<p>PLASTIC NEW es un potente renovador de pl\u00e1sticos, gomas y vinilos para uso interno y externo. Su composici\u00f3n combina componentes de primera calidad que ayudan a proteger las superficies de las piezas contra la acci\u00f3n del tiempo, evitando su desecaci\u00f3n y degradaci\u00f3n prematura. Es adecuado para coches, autobuses, barcos, camiones, etc. El revitalizador de pl\u00e1sticos [&hellip;]<\/p>\n","protected":false},"featured_media":2125,"template":"","meta":{"_acf_changed":false},"product_brand":[],"product_cat":[233,240,269,270],"product_tag":[310],"class_list":{"0":"post-20","1":"product","2":"type-product","3":"status-publish","4":"has-post-thumbnail","6":"product_cat-segmento-automotriz","7":"product_cat-acabado","8":"product_cat-plasticos-y-vinilos","9":"product_cat-capota-maritima-acabado","10":"product_tag-revitalizador-de-plastico","12":"first","13":"instock","14":"shipping-taxable","15":"product-type-simple"},"acf":[],"_links":{"self":[{"href":"https:\/\/protelim.com.br\/es\/wp-json\/wp\/v2\/product\/20","targetHints":{"allow":["GET"]}}],"collection":[{"href":"https:\/\/protelim.com.br\/es\/wp-json\/wp\/v2\/product"}],"about":[{"href":"https:\/\/protelim.com.br\/es\/wp-json\/wp\/v2\/types\/product"}],"version-history":[{"count":6,"href":"https:\/\/protelim.com.br\/es\/wp-json\/wp\/v2\/product\/20\/revisions"}],"predecessor-version":[{"id":9647,"href":"https:\/\/protelim.com.br\/es\/wp-json\/wp\/v2\/product\/20\/revisions\/9647"}],"wp:featuredmedia":[{"embeddable":true,"href":"https:\/\/protelim.com.br\/es\/wp-json\/wp\/v2\/media\/2125"}],"wp:attachment":[{"href":"https:\/\/protelim.com.br\/es\/wp-json\/wp\/v2\/media?parent=20"}],"wp:term":[{"taxonomy":"product_brand","embeddable":true,"href":"https:\/\/protelim.com.br\/es\/wp-json\/wp\/v2\/product_brand?post=20"},{"taxonomy":"product_cat","embeddable":true,"href":"https:\/\/protelim.com.br\/es\/wp-json\/wp\/v2\/product_cat?post=20"},{"taxonomy":"product_tag","embeddable":true,"href":"https:\/\/protelim.com.br\/es\/wp-json\/wp\/v2\/product_tag?post=20"}],"curies":[{"name":"wp","href":"https:\/\/api.w.org\/{rel}","templated":true}]}}