{"id":195,"date":"2021-09-17T18:16:25","date_gmt":"2021-09-17T21:16:25","guid":{"rendered":"https:\/\/protelim.com.br\/?post_type=product&#038;p=195"},"modified":"2024-12-03T10:09:27","modified_gmt":"2024-12-03T13:09:27","slug":"prot-ativ-800-desincrustante-acido","status":"publish","type":"product","link":"https:\/\/protelim.com.br\/es\/producto\/prot-ativ-800-desincrustante-acido\/","title":{"rendered":"PROT ATIV 800 &#8211; DETERGENTE DESCRUSTANTE \u00c1CIDO"},"content":{"rendered":"<p><span style=\"font-weight: 400;\">PROT ATIV 800 es un detergente desincrustante \u00e1cido superconcentrado para la eliminaci\u00f3n de \u00f3xidos y abrillantado de metales. Puede utilizarse en motores, ruedas y chasis de veh\u00edculos en general.<\/span><\/p>\n<p>ENVASES: 1,5L, 5L, 20L y 50L<\/p>\n<p>PRESTACIONES:<\/p>\n<p>Elimina los \u00f3xidos<\/p>\n<p>Pulido de metales<\/p>\n","protected":false},"excerpt":{"rendered":"<p>PROT ATIV 800 es un detergente desincrustante \u00e1cido superconcentrado para la eliminaci\u00f3n de \u00f3xidos y abrillantado de metales. Puede utilizarse en motores, ruedas y chasis de veh\u00edculos en general. ENVASES: 1,5L, 5L, 20L y 50L PRESTACIONES: Elimina los \u00f3xidos Pulido de metales<\/p>\n","protected":false},"featured_media":2402,"template":"","meta":{"_acf_changed":false},"product_brand":[],"product_cat":[233,243,235,242],"product_tag":[311],"class_list":{"0":"post-195","1":"product","2":"type-product","3":"status-publish","4":"has-post-thumbnail","6":"product_cat-segmento-automotriz","7":"product_cat-desincrustante-acido","8":"product_cat-linea-desincrustante","9":"product_cat-categorias","10":"product_tag-limpieza-de-chasis","12":"first","13":"instock","14":"shipping-taxable","15":"product-type-simple"},"acf":[],"_links":{"self":[{"href":"https:\/\/protelim.com.br\/es\/wp-json\/wp\/v2\/product\/195","targetHints":{"allow":["GET"]}}],"collection":[{"href":"https:\/\/protelim.com.br\/es\/wp-json\/wp\/v2\/product"}],"about":[{"href":"https:\/\/protelim.com.br\/es\/wp-json\/wp\/v2\/types\/product"}],"version-history":[{"count":3,"href":"https:\/\/protelim.com.br\/es\/wp-json\/wp\/v2\/product\/195\/revisions"}],"predecessor-version":[{"id":9630,"href":"https:\/\/protelim.com.br\/es\/wp-json\/wp\/v2\/product\/195\/revisions\/9630"}],"wp:featuredmedia":[{"embeddable":true,"href":"https:\/\/protelim.com.br\/es\/wp-json\/wp\/v2\/media\/2402"}],"wp:attachment":[{"href":"https:\/\/protelim.com.br\/es\/wp-json\/wp\/v2\/media?parent=195"}],"wp:term":[{"taxonomy":"product_brand","embeddable":true,"href":"https:\/\/protelim.com.br\/es\/wp-json\/wp\/v2\/product_brand?post=195"},{"taxonomy":"product_cat","embeddable":true,"href":"https:\/\/protelim.com.br\/es\/wp-json\/wp\/v2\/product_cat?post=195"},{"taxonomy":"product_tag","embeddable":true,"href":"https:\/\/protelim.com.br\/es\/wp-json\/wp\/v2\/product_tag?post=195"}],"curies":[{"name":"wp","href":"https:\/\/api.w.org\/{rel}","templated":true}]}}