{"id":193,"date":"2021-09-17T18:15:25","date_gmt":"2021-09-17T21:15:25","guid":{"rendered":"https:\/\/protelim.com.br\/?post_type=product&#038;p=193"},"modified":"2024-12-03T10:11:24","modified_gmt":"2024-12-03T13:11:24","slug":"desincrustante-acido-prot-ativ-400","status":"publish","type":"product","link":"https:\/\/protelim.com.br\/es\/producto\/desincrustante-acido-prot-ativ-400\/","title":{"rendered":"PROT ATIV 400 &#8211; DESCRUSTANTE DEL \u00c1CIDO"},"content":{"rendered":"<p><span style=\"font-weight: 400;\">PROT ATIV 400 es un detergente profesional concentrado. Contiene una combinaci\u00f3n de \u00e1cidos especiales y tensioactivos adecuadamente equilibrados, generando resultados eficaces en la eliminaci\u00f3n de suciedad como barro, aceite, grasa, holl\u00edn de asfalto, etc. Se recomienda para la limpieza y eliminaci\u00f3n de suciedad en \u00e1reas como: limpieza de piezas, chasis de veh\u00edculos, motores, ruedas, carrocer\u00edas, maleteros de aluminio, suelos de talleres, patios de maniobras, naves de lavado autom\u00e1tico o no autom\u00e1tico, t\u00faneles de lavado, gasolineras, empresas de transporte en general, concesionarios, entre otros.<\/span><\/p>\n<p>ENVASES: 1,5L, 5L, 50L<\/p>\n<p>PRESTACIONES:<\/p>\n<p><span style=\"font-weight: 400;\">Elimina los \u00f3xidos<\/span><\/p>\n<p><span style=\"font-weight: 400;\">Pulido de metales<\/span><\/p>\n","protected":false},"excerpt":{"rendered":"<p>PROT ATIV 400 es un detergente profesional concentrado. Contiene una combinaci\u00f3n de \u00e1cidos especiales y tensioactivos adecuadamente equilibrados, generando resultados eficaces en la eliminaci\u00f3n de suciedad como barro, aceite, grasa, holl\u00edn de asfalto, etc. Se recomienda para la limpieza y eliminaci\u00f3n de suciedad en \u00e1reas como: limpieza de piezas, chasis de veh\u00edculos, motores, ruedas, carrocer\u00edas, [&hellip;]<\/p>\n","protected":false},"featured_media":2404,"template":"","meta":{"_acf_changed":false},"product_brand":[],"product_cat":[233,243,235,242],"product_tag":[161,223,311],"class_list":{"0":"post-193","1":"product","2":"type-product","3":"status-publish","4":"has-post-thumbnail","6":"product_cat-segmento-automotriz","7":"product_cat-desincrustante-acido","8":"product_cat-linea-desincrustante","9":"product_cat-categorias","10":"product_tag-protelim","11":"product_tag-ativ-400","12":"product_tag-limpieza-de-chasis","14":"first","15":"instock","16":"shipping-taxable","17":"product-type-simple"},"acf":[],"_links":{"self":[{"href":"https:\/\/protelim.com.br\/es\/wp-json\/wp\/v2\/product\/193","targetHints":{"allow":["GET"]}}],"collection":[{"href":"https:\/\/protelim.com.br\/es\/wp-json\/wp\/v2\/product"}],"about":[{"href":"https:\/\/protelim.com.br\/es\/wp-json\/wp\/v2\/types\/product"}],"version-history":[{"count":6,"href":"https:\/\/protelim.com.br\/es\/wp-json\/wp\/v2\/product\/193\/revisions"}],"predecessor-version":[{"id":9631,"href":"https:\/\/protelim.com.br\/es\/wp-json\/wp\/v2\/product\/193\/revisions\/9631"}],"wp:featuredmedia":[{"embeddable":true,"href":"https:\/\/protelim.com.br\/es\/wp-json\/wp\/v2\/media\/2404"}],"wp:attachment":[{"href":"https:\/\/protelim.com.br\/es\/wp-json\/wp\/v2\/media?parent=193"}],"wp:term":[{"taxonomy":"product_brand","embeddable":true,"href":"https:\/\/protelim.com.br\/es\/wp-json\/wp\/v2\/product_brand?post=193"},{"taxonomy":"product_cat","embeddable":true,"href":"https:\/\/protelim.com.br\/es\/wp-json\/wp\/v2\/product_cat?post=193"},{"taxonomy":"product_tag","embeddable":true,"href":"https:\/\/protelim.com.br\/es\/wp-json\/wp\/v2\/product_tag?post=193"}],"curies":[{"name":"wp","href":"https:\/\/api.w.org\/{rel}","templated":true}]}}