{"id":189,"date":"2021-09-17T18:04:33","date_gmt":"2021-09-17T21:04:33","guid":{"rendered":"https:\/\/protelim.com.br\/?post_type=product&#038;p=189"},"modified":"2024-06-10T19:33:06","modified_gmt":"2024-06-10T22:33:06","slug":"cristalizador-de-vidrios-prot-water-off","status":"publish","type":"product","link":"https:\/\/protelim.com.br\/es\/producto\/cristalizador-de-vidrios-prot-water-off\/","title":{"rendered":"PROT WATER OFF &#8211; CRISTALIZADOR DE VIDRIO"},"content":{"rendered":"<p>PROT WATER OFF es un cristalizador general para cristales. Su innovadora f\u00f3rmula a base de agua crea una pel\u00edcula invisible sobre el cristal.<\/p>\n<p>Cuando se utiliza en lunas para autom\u00f3viles, aviaci\u00f3n y n\u00e1utica, proporciona mayor seguridad al conductor, ya que aumenta incre\u00edblemente la visibilidad a velocidades superiores a 80 km\/h en d\u00edas de lluvia.<\/p>\n<p>En acristalamientos de edificios, como cajas, ventanas, fachadas, entre otros, facilita la eliminaci\u00f3n de la suciedad y mejora el aspecto visual del vidrio, proporcionando facilidad y reducci\u00f3n en la limpieza.<\/p>\n<p>ENVASE: 200 ml<\/p>\n<p>PRESTACIONES:<\/p>\n<p><span style=\"font-weight: 400;\">Protecci\u00f3n duradera<\/span><\/p>\n<p><span style=\"font-weight: 400;\">Mayor visibilidad<\/span><\/p>\n<p><span style=\"font-weight: 400;\">Antimanchas<\/span><\/p>\n","protected":false},"excerpt":{"rendered":"<p>PROT WATER OFF es un cristalizador general para cristales. Su innovadora f\u00f3rmula a base de agua crea una pel\u00edcula invisible sobre el cristal. Cuando se utiliza en lunas para autom\u00f3viles, aviaci\u00f3n y n\u00e1utica, proporciona mayor seguridad al conductor, ya que aumenta incre\u00edblemente la visibilidad a velocidades superiores a 80 km\/h en d\u00edas de lluvia. En [&hellip;]<\/p>\n","protected":false},"featured_media":2314,"template":"","meta":{"_acf_changed":false},"product_brand":[],"product_cat":[233,241,240,280,276],"product_tag":[303],"class_list":{"0":"post-189","1":"product","2":"type-product","3":"status-publish","4":"has-post-thumbnail","6":"product_cat-segmento-automotriz","7":"product_cat-higiene-general-automotriz","8":"product_cat-acabado","9":"product_cat-vidrios-higiene-general-automotriz","10":"product_cat-vidrios","11":"product_tag-tratamiento-de-vidrios","13":"first","14":"instock","15":"shipping-taxable","16":"product-type-simple"},"acf":[],"_links":{"self":[{"href":"https:\/\/protelim.com.br\/es\/wp-json\/wp\/v2\/product\/189","targetHints":{"allow":["GET"]}}],"collection":[{"href":"https:\/\/protelim.com.br\/es\/wp-json\/wp\/v2\/product"}],"about":[{"href":"https:\/\/protelim.com.br\/es\/wp-json\/wp\/v2\/types\/product"}],"version-history":[{"count":2,"href":"https:\/\/protelim.com.br\/es\/wp-json\/wp\/v2\/product\/189\/revisions"}],"predecessor-version":[{"id":9369,"href":"https:\/\/protelim.com.br\/es\/wp-json\/wp\/v2\/product\/189\/revisions\/9369"}],"wp:featuredmedia":[{"embeddable":true,"href":"https:\/\/protelim.com.br\/es\/wp-json\/wp\/v2\/media\/2314"}],"wp:attachment":[{"href":"https:\/\/protelim.com.br\/es\/wp-json\/wp\/v2\/media?parent=189"}],"wp:term":[{"taxonomy":"product_brand","embeddable":true,"href":"https:\/\/protelim.com.br\/es\/wp-json\/wp\/v2\/product_brand?post=189"},{"taxonomy":"product_cat","embeddable":true,"href":"https:\/\/protelim.com.br\/es\/wp-json\/wp\/v2\/product_cat?post=189"},{"taxonomy":"product_tag","embeddable":true,"href":"https:\/\/protelim.com.br\/es\/wp-json\/wp\/v2\/product_tag?post=189"}],"curies":[{"name":"wp","href":"https:\/\/api.w.org\/{rel}","templated":true}]}}