{"id":1837,"date":"2022-06-30T13:07:01","date_gmt":"2022-06-30T16:07:01","guid":{"rendered":"https:\/\/protelim.com.br\/?post_type=product&#038;p=1837"},"modified":"2024-04-22T02:00:35","modified_gmt":"2024-04-22T05:00:35","slug":"ipa-revelador-de-holograma","status":"publish","type":"product","link":"https:\/\/protelim.com.br\/es\/producto\/ipa-revelador-de-holograma\/","title":{"rendered":"IPA &#8211; DESARROLLADOR DE HOLOGRAMAS"},"content":{"rendered":"<p><span style=\"font-weight: 400;\">El IPA es un revelador de hologramas que permite al pulidor eliminar los residuos dejados por los productos de pulido. Normalmente se utiliza en las fases de repintado y acabado. Su f\u00f3rmula permite una inspecci\u00f3n r\u00e1pida, dejando visibles los defectos de la pintura o revelando los hologramas.<\/span><\/p>\n<p>ENVASES: <span style=\"font-weight: 400;\">500ml y 5L<\/span><\/p>\n<p>PRESTACIONES:<\/p>\n<p><span style=\"font-weight: 400;\">Secado r\u00e1pido<\/span><\/p>\n<p><span style=\"font-weight: 400;\">No inflamable<\/span><\/p>\n","protected":false},"excerpt":{"rendered":"<p>El IPA es un revelador de hologramas que permite al pulidor eliminar los residuos dejados por los productos de pulido. Normalmente se utiliza en las fases de repintado y acabado. Su f\u00f3rmula permite una inspecci\u00f3n r\u00e1pida, dejando visibles los defectos de la pintura o revelando los hologramas. ENVASES: 500ml y 5L PRESTACIONES: Secado r\u00e1pido No [&hellip;]<\/p>\n","protected":false},"featured_media":4633,"template":"","meta":{"_acf_changed":false},"product_brand":[],"product_cat":[233,239,262],"product_tag":[],"class_list":{"0":"post-1837","1":"product","2":"type-product","3":"status-publish","4":"has-post-thumbnail","6":"product_cat-segmento-automotriz","7":"product_cat-pulido-profesional","8":"product_cat-revelador-de-hologramas","10":"first","11":"instock","12":"shipping-taxable","13":"product-type-simple"},"acf":[],"_links":{"self":[{"href":"https:\/\/protelim.com.br\/es\/wp-json\/wp\/v2\/product\/1837","targetHints":{"allow":["GET"]}}],"collection":[{"href":"https:\/\/protelim.com.br\/es\/wp-json\/wp\/v2\/product"}],"about":[{"href":"https:\/\/protelim.com.br\/es\/wp-json\/wp\/v2\/types\/product"}],"version-history":[{"count":2,"href":"https:\/\/protelim.com.br\/es\/wp-json\/wp\/v2\/product\/1837\/revisions"}],"predecessor-version":[{"id":9363,"href":"https:\/\/protelim.com.br\/es\/wp-json\/wp\/v2\/product\/1837\/revisions\/9363"}],"wp:featuredmedia":[{"embeddable":true,"href":"https:\/\/protelim.com.br\/es\/wp-json\/wp\/v2\/media\/4633"}],"wp:attachment":[{"href":"https:\/\/protelim.com.br\/es\/wp-json\/wp\/v2\/media?parent=1837"}],"wp:term":[{"taxonomy":"product_brand","embeddable":true,"href":"https:\/\/protelim.com.br\/es\/wp-json\/wp\/v2\/product_brand?post=1837"},{"taxonomy":"product_cat","embeddable":true,"href":"https:\/\/protelim.com.br\/es\/wp-json\/wp\/v2\/product_cat?post=1837"},{"taxonomy":"product_tag","embeddable":true,"href":"https:\/\/protelim.com.br\/es\/wp-json\/wp\/v2\/product_tag?post=1837"}],"curies":[{"name":"wp","href":"https:\/\/api.w.org\/{rel}","templated":true}]}}