{"id":179,"date":"2021-09-17T17:55:29","date_gmt":"2021-09-17T20:55:29","guid":{"rendered":"https:\/\/protelim.com.br\/?post_type=product&#038;p=179"},"modified":"2024-06-10T19:44:08","modified_gmt":"2024-06-10T22:44:08","slug":"detergente-multiuso-prot-mult","status":"publish","type":"product","link":"https:\/\/protelim.com.br\/es\/producto\/detergente-multiuso-prot-mult\/","title":{"rendered":"DETERGENTE MULTIUSOS PROT MULT"},"content":{"rendered":"<p>PROT MULT es un detergente multiusos concentrado con altas diluciones, que se ha desarrollado para sustituir a los desengrasantes a base de disolventes de petr\u00f3leo.<\/p>\n<p>A base de agua, elimina una gran variedad de suciedad, incluida la grasa y el holl\u00edn. Tambi\u00e9n puede utilizarse en suelos, equipos en general, pistas, hornos, m\u00e1quinas textiles, carretillas elevadoras, impresoras, dep\u00f3sitos y motores. No contiene fenoles, cresoles, disolventes clorados, lej\u00edas, amoniaco ni otros disolventes t\u00f3xicos.<\/p>\n<p>Es un producto que contiene tensioactivos biodegradables.<\/p>\n<h6><b>ENVASE: <\/b><\/h6>\n<h6><span style=\"font-weight: 400;\">5 LITROS<\/span><\/h6>\n<h6><b>DILUCI\u00d3N: <\/b><\/h6>\n<h6><span style=\"font-weight: 400;\">1:5<\/span><\/h6>\n","protected":false},"excerpt":{"rendered":"<p>PROT MULT es un detergente multiusos concentrado con altas diluciones, que se ha desarrollado para sustituir a los desengrasantes a base de disolventes de petr\u00f3leo. A base de agua, elimina una gran variedad de suciedad, incluida la grasa y el holl\u00edn. Tambi\u00e9n puede utilizarse en suelos, equipos en general, pistas, hornos, m\u00e1quinas textiles, carretillas elevadoras, [&hellip;]<\/p>\n","protected":false},"featured_media":180,"template":"","meta":{"_acf_changed":false},"product_brand":[],"product_cat":[233,242,286],"product_tag":[],"class_list":{"0":"post-179","1":"product","2":"type-product","3":"status-publish","4":"has-post-thumbnail","6":"product_cat-segmento-automotriz","7":"product_cat-categorias","8":"product_cat-multiuso","10":"first","11":"instock","12":"shipping-taxable","13":"product-type-simple"},"acf":[],"_links":{"self":[{"href":"https:\/\/protelim.com.br\/es\/wp-json\/wp\/v2\/product\/179","targetHints":{"allow":["GET"]}}],"collection":[{"href":"https:\/\/protelim.com.br\/es\/wp-json\/wp\/v2\/product"}],"about":[{"href":"https:\/\/protelim.com.br\/es\/wp-json\/wp\/v2\/types\/product"}],"version-history":[{"count":3,"href":"https:\/\/protelim.com.br\/es\/wp-json\/wp\/v2\/product\/179\/revisions"}],"predecessor-version":[{"id":9195,"href":"https:\/\/protelim.com.br\/es\/wp-json\/wp\/v2\/product\/179\/revisions\/9195"}],"wp:featuredmedia":[{"embeddable":true,"href":"https:\/\/protelim.com.br\/es\/wp-json\/wp\/v2\/media\/180"}],"wp:attachment":[{"href":"https:\/\/protelim.com.br\/es\/wp-json\/wp\/v2\/media?parent=179"}],"wp:term":[{"taxonomy":"product_brand","embeddable":true,"href":"https:\/\/protelim.com.br\/es\/wp-json\/wp\/v2\/product_brand?post=179"},{"taxonomy":"product_cat","embeddable":true,"href":"https:\/\/protelim.com.br\/es\/wp-json\/wp\/v2\/product_cat?post=179"},{"taxonomy":"product_tag","embeddable":true,"href":"https:\/\/protelim.com.br\/es\/wp-json\/wp\/v2\/product_tag?post=179"}],"curies":[{"name":"wp","href":"https:\/\/api.w.org\/{rel}","templated":true}]}}