{"id":175,"date":"2021-09-17T17:52:59","date_gmt":"2021-09-17T20:52:59","guid":{"rendered":"https:\/\/protelim.com.br\/?post_type=product&#038;p=175"},"modified":"2024-06-10T19:44:23","modified_gmt":"2024-06-10T22:44:23","slug":"prot-carp-20-limpia-alfombras-y-tapetes","status":"publish","type":"product","link":"https:\/\/protelim.com.br\/es\/producto\/prot-carp-20-limpia-alfombras-y-tapetes\/","title":{"rendered":"CARP 20 &#8211; LIMPIADOR DE MOQUETAS Y ALFOMBRAS"},"content":{"rendered":"<p><span style=\"font-weight: 400;\">CARP 20 es un limpiador de moquetas y alfombras que ha sido cuidadosamente desarrollado para ayudarle a limpiar estos tejidos. Es un producto l\u00edquido, concentrado y con abundante formaci\u00f3n de espuma que permite lavar alfombras y moquetas casi en seco. Adem\u00e1s de limpiar, reaviva los colores y protege las fibras m\u00e1s delicadas que componen moquetas y alfombras. Debido a su formulaci\u00f3n concentrada, proporciona un alto rendimiento y evita as\u00ed el desperdicio.<\/span><\/p>\n<p>ENVASES<span style=\"font-weight: 400;\">: 1,5L, 5L, 20L y 50L<\/span><\/p>\n<p>PRESTACIONES:<\/p>\n<p><span style=\"font-weight: 400;\">No da\u00f1a las fibras del tejido<\/span><\/p>\n<p><span style=\"font-weight: 400;\">Perfume de larga duraci\u00f3n<\/span><\/p>\n","protected":false},"excerpt":{"rendered":"<p>CARP 20 es un limpiador de moquetas y alfombras que ha sido cuidadosamente desarrollado para ayudarle a limpiar estos tejidos. Es un producto l\u00edquido, concentrado y con abundante formaci\u00f3n de espuma que permite lavar alfombras y moquetas casi en seco. Adem\u00e1s de limpiar, reaviva los colores y protege las fibras m\u00e1s delicadas que componen moquetas [&hellip;]<\/p>\n","protected":false},"featured_media":4624,"template":"","meta":{"_acf_changed":false},"product_brand":[],"product_cat":[233,238,241,240,279,242,258,275,295],"product_tag":[305],"class_list":{"0":"post-175","1":"product","2":"type-product","3":"status-publish","4":"has-post-thumbnail","6":"product_cat-segmento-automotriz","7":"product_cat-lavado-profesional","8":"product_cat-higiene-general-automotriz","9":"product_cat-acabado","10":"product_cat-tejidos-higiene-general-automotriz","11":"product_cat-categorias","12":"product_cat-capota-maritima","13":"product_cat-tecidos","14":"product_cat-shp-sistema-higienizacion-protelim","15":"product_tag-tratamiento-interno","17":"first","18":"instock","19":"shipping-taxable","20":"product-type-simple"},"acf":[],"_links":{"self":[{"href":"https:\/\/protelim.com.br\/es\/wp-json\/wp\/v2\/product\/175","targetHints":{"allow":["GET"]}}],"collection":[{"href":"https:\/\/protelim.com.br\/es\/wp-json\/wp\/v2\/product"}],"about":[{"href":"https:\/\/protelim.com.br\/es\/wp-json\/wp\/v2\/types\/product"}],"version-history":[{"count":3,"href":"https:\/\/protelim.com.br\/es\/wp-json\/wp\/v2\/product\/175\/revisions"}],"predecessor-version":[{"id":9361,"href":"https:\/\/protelim.com.br\/es\/wp-json\/wp\/v2\/product\/175\/revisions\/9361"}],"wp:featuredmedia":[{"embeddable":true,"href":"https:\/\/protelim.com.br\/es\/wp-json\/wp\/v2\/media\/4624"}],"wp:attachment":[{"href":"https:\/\/protelim.com.br\/es\/wp-json\/wp\/v2\/media?parent=175"}],"wp:term":[{"taxonomy":"product_brand","embeddable":true,"href":"https:\/\/protelim.com.br\/es\/wp-json\/wp\/v2\/product_brand?post=175"},{"taxonomy":"product_cat","embeddable":true,"href":"https:\/\/protelim.com.br\/es\/wp-json\/wp\/v2\/product_cat?post=175"},{"taxonomy":"product_tag","embeddable":true,"href":"https:\/\/protelim.com.br\/es\/wp-json\/wp\/v2\/product_tag?post=175"}],"curies":[{"name":"wp","href":"https:\/\/api.w.org\/{rel}","templated":true}]}}