{"id":1740,"date":"2022-05-18T17:16:39","date_gmt":"2022-05-18T20:16:39","guid":{"rendered":"https:\/\/protelim.com.br\/?post_type=product&#038;p=1740"},"modified":"2024-12-03T10:03:30","modified_gmt":"2024-12-03T13:03:30","slug":"leather-cleaner-limpia-cuero","status":"publish","type":"product","link":"https:\/\/protelim.com.br\/es\/producto\/leather-cleaner-limpia-cuero\/","title":{"rendered":"LEATHER CLEANER"},"content":{"rendered":"<p>Leather Cleaner de Protelim es un producto dise\u00f1ado para la limpieza en profundidad de superficies revestidas de cuero natural o sint\u00e9tico. Leather Cleaner posee tensioactivos biodegradables de \u00faltima generaci\u00f3n, es neutro y act\u00faa s\u00f3lo sobre la suciedad, eliminando las impurezas m\u00e1s profundas con extrema facilidad, sin da\u00f1ar la zona a limpiar. La superficie del cuero est\u00e1 pigmentada y tiene un aspecto rugoso, que requiere un proceso de limpieza correcto. Leather Cleaner no elimina la pintura del cuero, no es abrasivo ni corrosivo y tiene un pH neutro, dejando un aspecto natural y una agradable fragancia.<\/p>\n<p>ENVASE: 500 ML<\/p>\n<p>PRESTACIONES:<\/p>\n<p><span style=\"font-weight: 400;\">pH neutro<\/span><\/p>\n<p><span style=\"font-weight: 400;\">Alto rendimiento<\/span><\/p>\n<p><span style=\"font-weight: 400;\">Conserva la pigmentaci\u00f3n del cuero<\/span><\/p>\n<p><span style=\"font-weight: 400;\">Limpia en profundidad y sin esfuerzo<\/span><\/p>\n","protected":false},"excerpt":{"rendered":"<p>Leather Cleaner de Protelim es un producto dise\u00f1ado para la limpieza en profundidad de superficies revestidas de cuero natural o sint\u00e9tico. Leather Cleaner posee tensioactivos biodegradables de \u00faltima generaci\u00f3n, es neutro y act\u00faa s\u00f3lo sobre la suciedad, eliminando las impurezas m\u00e1s profundas con extrema facilidad, sin da\u00f1ar la zona a limpiar. La superficie del cuero [&hellip;]<\/p>\n","protected":false},"featured_media":1742,"template":"","meta":{"_acf_changed":false},"product_brand":[],"product_cat":[233,277,241],"product_tag":[304],"class_list":{"0":"post-1740","1":"product","2":"type-product","3":"status-publish","4":"has-post-thumbnail","6":"product_cat-segmento-automotriz","7":"product_cat-cuero-higiene-general-automotriz","8":"product_cat-higiene-general-automotriz","9":"product_tag-tratamiento-de-cuero","11":"first","12":"instock","13":"shipping-taxable","14":"product-type-simple"},"acf":[],"_links":{"self":[{"href":"https:\/\/protelim.com.br\/es\/wp-json\/wp\/v2\/product\/1740","targetHints":{"allow":["GET"]}}],"collection":[{"href":"https:\/\/protelim.com.br\/es\/wp-json\/wp\/v2\/product"}],"about":[{"href":"https:\/\/protelim.com.br\/es\/wp-json\/wp\/v2\/types\/product"}],"version-history":[{"count":5,"href":"https:\/\/protelim.com.br\/es\/wp-json\/wp\/v2\/product\/1740\/revisions"}],"predecessor-version":[{"id":9627,"href":"https:\/\/protelim.com.br\/es\/wp-json\/wp\/v2\/product\/1740\/revisions\/9627"}],"wp:featuredmedia":[{"embeddable":true,"href":"https:\/\/protelim.com.br\/es\/wp-json\/wp\/v2\/media\/1742"}],"wp:attachment":[{"href":"https:\/\/protelim.com.br\/es\/wp-json\/wp\/v2\/media?parent=1740"}],"wp:term":[{"taxonomy":"product_brand","embeddable":true,"href":"https:\/\/protelim.com.br\/es\/wp-json\/wp\/v2\/product_brand?post=1740"},{"taxonomy":"product_cat","embeddable":true,"href":"https:\/\/protelim.com.br\/es\/wp-json\/wp\/v2\/product_cat?post=1740"},{"taxonomy":"product_tag","embeddable":true,"href":"https:\/\/protelim.com.br\/es\/wp-json\/wp\/v2\/product_tag?post=1740"}],"curies":[{"name":"wp","href":"https:\/\/api.w.org\/{rel}","templated":true}]}}