{"id":1739,"date":"2022-05-18T17:13:20","date_gmt":"2022-05-18T20:13:20","guid":{"rendered":"https:\/\/protelim.com.br\/?post_type=product&#038;p=1739"},"modified":"2024-12-03T10:05:41","modified_gmt":"2024-12-03T13:05:41","slug":"star-limpia-neumaticos","status":"publish","type":"product","link":"https:\/\/protelim.com.br\/es\/producto\/star-limpia-neumaticos\/","title":{"rendered":"STAR &#8211; BRILLO DE NEUM\u00c1TICOS"},"content":{"rendered":"<p><span style=\"font-weight: 400;\">Star ha sido desarrollado para dar un brillo especial y preservar los neum\u00e1ticos de coches, camiones, autobuses y otros, proporcionando una protecci\u00f3n duradera y dejando los neum\u00e1ticos como nuevos y con un brillo intenso. Su f\u00f3rmula contiene micropart\u00edculas de brillo. PROTELIM STAR es un color negro de primera calidad, creado especialmente para los entusiastas del autom\u00f3vil.<\/span><\/p>\n<p>ENVASES: 500ml y 1,5L<\/p>\n<p>PRESTACIONES:<\/p>\n<p><span style=\"font-weight: 400;\">Efecto mojado<\/span><\/p>\n<p><span style=\"font-weight: 400;\">Brillo intenso<\/span><\/p>\n<p><span style=\"font-weight: 400;\">Contiene part\u00edculas de purpurina<\/span><\/p>\n<p><span style=\"font-weight: 400;\">Protecci\u00f3n de los neum\u00e1ticos<\/span><\/p>\n","protected":false},"excerpt":{"rendered":"<p>Star ha sido desarrollado para dar un brillo especial y preservar los neum\u00e1ticos de coches, camiones, autobuses y otros, proporcionando una protecci\u00f3n duradera y dejando los neum\u00e1ticos como nuevos y con un brillo intenso. Su f\u00f3rmula contiene micropart\u00edculas de brillo. PROTELIM STAR es un color negro de primera calidad, creado especialmente para los entusiastas del [&hellip;]<\/p>\n","protected":false},"featured_media":4638,"template":"","meta":{"_acf_changed":false},"product_brand":[],"product_cat":[233,240,242,271,294],"product_tag":[312],"class_list":{"0":"post-1739","1":"product","2":"type-product","3":"status-publish","4":"has-post-thumbnail","6":"product_cat-segmento-automotriz","7":"product_cat-acabado","8":"product_cat-categorias","9":"product_cat-neumaticos-abrillantador","10":"product_cat-limpia-neumaticos","11":"product_tag-proteccion-de-neumaticos","13":"first","14":"instock","15":"shipping-taxable","16":"product-type-simple"},"acf":[],"_links":{"self":[{"href":"https:\/\/protelim.com.br\/es\/wp-json\/wp\/v2\/product\/1739","targetHints":{"allow":["GET"]}}],"collection":[{"href":"https:\/\/protelim.com.br\/es\/wp-json\/wp\/v2\/product"}],"about":[{"href":"https:\/\/protelim.com.br\/es\/wp-json\/wp\/v2\/types\/product"}],"version-history":[{"count":5,"href":"https:\/\/protelim.com.br\/es\/wp-json\/wp\/v2\/product\/1739\/revisions"}],"predecessor-version":[{"id":9628,"href":"https:\/\/protelim.com.br\/es\/wp-json\/wp\/v2\/product\/1739\/revisions\/9628"}],"wp:featuredmedia":[{"embeddable":true,"href":"https:\/\/protelim.com.br\/es\/wp-json\/wp\/v2\/media\/4638"}],"wp:attachment":[{"href":"https:\/\/protelim.com.br\/es\/wp-json\/wp\/v2\/media?parent=1739"}],"wp:term":[{"taxonomy":"product_brand","embeddable":true,"href":"https:\/\/protelim.com.br\/es\/wp-json\/wp\/v2\/product_brand?post=1739"},{"taxonomy":"product_cat","embeddable":true,"href":"https:\/\/protelim.com.br\/es\/wp-json\/wp\/v2\/product_cat?post=1739"},{"taxonomy":"product_tag","embeddable":true,"href":"https:\/\/protelim.com.br\/es\/wp-json\/wp\/v2\/product_tag?post=1739"}],"curies":[{"name":"wp","href":"https:\/\/api.w.org\/{rel}","templated":true}]}}