{"id":171,"date":"2021-09-17T17:49:30","date_gmt":"2021-09-17T20:49:30","guid":{"rendered":"https:\/\/protelim.com.br\/?post_type=product&#038;p=171"},"modified":"2024-12-03T10:16:33","modified_gmt":"2024-12-03T13:16:33","slug":"prot-cuero-revitalizador-de-cuero","status":"publish","type":"product","link":"https:\/\/protelim.com.br\/es\/producto\/prot-cuero-revitalizador-de-cuero\/","title":{"rendered":"LEATHER &#8211; HIDRATANTE"},"content":{"rendered":"<p><span style=\"font-weight: 400;\">LEATHER protege el cuero, devolvi\u00e9ndole su aspecto nuevo sin dejar restos de grasa, suaviz\u00e1ndolo y evitando que se agriete. Su f\u00f3rmula equilibrada con PH neutro contiene aceites especiales y emulsionantes que revitalizan el cuero. Puede utilizarse en tapicer\u00edas de coches, barcos, aviones, oficinas, hogares, chaquetas, zapatos, cinturones, carteras, bolsos y mucho m\u00e1s.<\/span><\/p>\n<p>ENVASE: 500 ml<\/p>\n<p>PRESTACIONES:<\/p>\n<p><span style=\"font-weight: 400;\">Restaura y protege<\/span><\/p>\n<p><span style=\"font-weight: 400;\">No deja residuos<\/span><\/p>\n<p><span style=\"font-weight: 400;\">Revitalizador del cuero<\/span><\/p>\n","protected":false},"excerpt":{"rendered":"<p>LEATHER protege el cuero, devolvi\u00e9ndole su aspecto nuevo sin dejar restos de grasa, suaviz\u00e1ndolo y evitando que se agriete. Su f\u00f3rmula equilibrada con PH neutro contiene aceites especiales y emulsionantes que revitalizan el cuero. Puede utilizarse en tapicer\u00edas de coches, barcos, aviones, oficinas, hogares, chaquetas, zapatos, cinturones, carteras, bolsos y mucho m\u00e1s. ENVASE: 500 ml [&hellip;]<\/p>\n","protected":false},"featured_media":1847,"template":"","meta":{"_acf_changed":false},"product_brand":[],"product_cat":[233,277,241,240,266],"product_tag":[304],"class_list":{"0":"post-171","1":"product","2":"type-product","3":"status-publish","4":"has-post-thumbnail","6":"product_cat-segmento-automotriz","7":"product_cat-cuero-higiene-general-automotriz","8":"product_cat-higiene-general-automotriz","9":"product_cat-acabado","10":"product_cat-cuero","11":"product_tag-tratamiento-de-cuero","13":"first","14":"instock","15":"shipping-taxable","16":"product-type-simple"},"acf":[],"_links":{"self":[{"href":"https:\/\/protelim.com.br\/es\/wp-json\/wp\/v2\/product\/171","targetHints":{"allow":["GET"]}}],"collection":[{"href":"https:\/\/protelim.com.br\/es\/wp-json\/wp\/v2\/product"}],"about":[{"href":"https:\/\/protelim.com.br\/es\/wp-json\/wp\/v2\/types\/product"}],"version-history":[{"count":4,"href":"https:\/\/protelim.com.br\/es\/wp-json\/wp\/v2\/product\/171\/revisions"}],"predecessor-version":[{"id":9634,"href":"https:\/\/protelim.com.br\/es\/wp-json\/wp\/v2\/product\/171\/revisions\/9634"}],"wp:featuredmedia":[{"embeddable":true,"href":"https:\/\/protelim.com.br\/es\/wp-json\/wp\/v2\/media\/1847"}],"wp:attachment":[{"href":"https:\/\/protelim.com.br\/es\/wp-json\/wp\/v2\/media?parent=171"}],"wp:term":[{"taxonomy":"product_brand","embeddable":true,"href":"https:\/\/protelim.com.br\/es\/wp-json\/wp\/v2\/product_brand?post=171"},{"taxonomy":"product_cat","embeddable":true,"href":"https:\/\/protelim.com.br\/es\/wp-json\/wp\/v2\/product_cat?post=171"},{"taxonomy":"product_tag","embeddable":true,"href":"https:\/\/protelim.com.br\/es\/wp-json\/wp\/v2\/product_tag?post=171"}],"curies":[{"name":"wp","href":"https:\/\/api.w.org\/{rel}","templated":true}]}}