{"id":17,"date":"2021-09-17T14:39:57","date_gmt":"2021-09-17T17:39:57","guid":{"rendered":"https:\/\/protelim.com.br\/?post_type=product&#038;p=17"},"modified":"2024-06-10T19:52:16","modified_gmt":"2024-06-10T22:52:16","slug":"motor-shine-barniz-protector-de-motor-chasis-y-cajas-de-rueda","status":"publish","type":"product","link":"https:\/\/protelim.com.br\/es\/producto\/motor-shine-barniz-protector-de-motor-chasis-y-cajas-de-rueda\/","title":{"rendered":"MOTOR SHINE &#8211; BARNIZ PROTECTOR PARA MOTORES, CHASIS Y CARCASAS DE RUEDAS"},"content":{"rendered":"<p><span style=\"font-weight: 400;\">MOTOR SHINE es un producto especialmente desarrollado para proteger, abrillantar y renovar las partes met\u00e1licas, pl\u00e1sticas, engomadas y pintadas del compartimiento del motor, chasis y carcasas de las ruedas. Producido con materias primas de \u00faltima generaci\u00f3n, este excelente abrillantador para motores de autom\u00f3viles soporta temperaturas extremadamente altas y proporciona una pel\u00edcula que protege, abrillanta y proporciona un acabado impecable, evitando posibles oxidaciones y corrosiones. Este abrillantador de motor, chasis y pasos de rueda es perfecto para su veh\u00edculo.<\/span><\/p>\n<p>ENVASES: 500ml y 1,5L<\/p>\n<p>PRESTACIONES:<\/p>\n<p><span style=\"font-weight: 400;\">Brillo y protecci\u00f3n.<\/span><\/p>\n<p><span style=\"font-weight: 400;\">Evita la oxidaci\u00f3n.<\/span><\/p>\n<p><span style=\"font-weight: 400;\">No inflamable<\/span><\/p>\n<p><span style=\"font-weight: 400;\">Aplicable a carcasas de ruedas.<\/span><\/p>\n<p><span style=\"font-weight: 400;\">Protecci\u00f3n con SIO\u00b2.<\/span><\/p>\n<p><span style=\"font-weight: 400;\">Contiene anticorrosivos y antioxidantes.<\/span><\/p>\n","protected":false},"excerpt":{"rendered":"<p>MOTOR SHINE es un producto especialmente desarrollado para proteger, abrillantar y renovar las partes met\u00e1licas, pl\u00e1sticas, engomadas y pintadas del compartimiento del motor, chasis y carcasas de las ruedas. Producido con materias primas de \u00faltima generaci\u00f3n, este excelente abrillantador para motores de autom\u00f3viles soporta temperaturas extremadamente altas y proporciona una pel\u00edcula que protege, abrillanta y [&hellip;]<\/p>\n","protected":false},"featured_media":2282,"template":"","meta":{"_acf_changed":false},"product_brand":[],"product_cat":[233,267,240,264],"product_tag":[301],"class_list":{"0":"post-17","1":"product","2":"type-product","3":"status-publish","4":"has-post-thumbnail","6":"product_cat-segmento-automotriz","7":"product_cat-motores","8":"product_cat-acabado","9":"product_cat-cajas-de-ruedas","10":"product_tag-barniz-de-motor","12":"first","13":"instock","14":"shipping-taxable","15":"product-type-simple"},"acf":[],"_links":{"self":[{"href":"https:\/\/protelim.com.br\/es\/wp-json\/wp\/v2\/product\/17","targetHints":{"allow":["GET"]}}],"collection":[{"href":"https:\/\/protelim.com.br\/es\/wp-json\/wp\/v2\/product"}],"about":[{"href":"https:\/\/protelim.com.br\/es\/wp-json\/wp\/v2\/types\/product"}],"version-history":[{"count":3,"href":"https:\/\/protelim.com.br\/es\/wp-json\/wp\/v2\/product\/17\/revisions"}],"predecessor-version":[{"id":9359,"href":"https:\/\/protelim.com.br\/es\/wp-json\/wp\/v2\/product\/17\/revisions\/9359"}],"wp:featuredmedia":[{"embeddable":true,"href":"https:\/\/protelim.com.br\/es\/wp-json\/wp\/v2\/media\/2282"}],"wp:attachment":[{"href":"https:\/\/protelim.com.br\/es\/wp-json\/wp\/v2\/media?parent=17"}],"wp:term":[{"taxonomy":"product_brand","embeddable":true,"href":"https:\/\/protelim.com.br\/es\/wp-json\/wp\/v2\/product_brand?post=17"},{"taxonomy":"product_cat","embeddable":true,"href":"https:\/\/protelim.com.br\/es\/wp-json\/wp\/v2\/product_cat?post=17"},{"taxonomy":"product_tag","embeddable":true,"href":"https:\/\/protelim.com.br\/es\/wp-json\/wp\/v2\/product_tag?post=17"}],"curies":[{"name":"wp","href":"https:\/\/api.w.org\/{rel}","templated":true}]}}