{"id":169,"date":"2021-09-17T17:48:23","date_gmt":"2021-09-17T20:48:23","guid":{"rendered":"https:\/\/protelim.com.br\/?post_type=product&#038;p=169"},"modified":"2024-06-10T19:44:49","modified_gmt":"2024-06-10T22:44:49","slug":"secante-liquido-prot-rinse-sec","status":"publish","type":"product","link":"https:\/\/protelim.com.br\/es\/producto\/secante-liquido-prot-rinse-sec\/","title":{"rendered":"PROT RINSE SEC SECANTE L\u00cdQUIDO"},"content":{"rendered":"<p>PROT RINSE SEC es un abrillantador para lavavajillas. Es un aditivo secante l\u00edquido a base de tensioactivos no i\u00f3nicos que reducen la tensi\u00f3n superficial del agua. Indicado para acelerar el secado de los utensilios lavados en lavavajillas autom\u00e1ticos.<\/p>\n<p>ENVASE: 5L y 20L<\/p>\n<p>BENEFICIOS:<\/p>\n<p>Tensioactivos no i\u00f3nicos<\/p>\n<p>Acelerador de secado<\/p>\n","protected":false},"excerpt":{"rendered":"<p>PROT RINSE SEC es un abrillantador para lavavajillas. Es un aditivo secante l\u00edquido a base de tensioactivos no i\u00f3nicos que reducen la tensi\u00f3n superficial del agua. Indicado para acelerar el secado de los utensilios lavados en lavavajillas autom\u00e1ticos. ENVASE: 5L y 20L BENEFICIOS: Tensioactivos no i\u00f3nicos Acelerador de secado<\/p>\n","protected":false},"featured_media":170,"template":"","meta":{"_acf_changed":false},"product_brand":[],"product_cat":[247,236],"product_tag":[],"class_list":{"0":"post-169","1":"product","2":"type-product","3":"status-publish","4":"has-post-thumbnail","6":"product_cat-secante","7":"product_cat-cocina-industrial","9":"first","10":"instock","11":"shipping-taxable","12":"product-type-simple"},"acf":[],"_links":{"self":[{"href":"https:\/\/protelim.com.br\/es\/wp-json\/wp\/v2\/product\/169","targetHints":{"allow":["GET"]}}],"collection":[{"href":"https:\/\/protelim.com.br\/es\/wp-json\/wp\/v2\/product"}],"about":[{"href":"https:\/\/protelim.com.br\/es\/wp-json\/wp\/v2\/types\/product"}],"version-history":[{"count":2,"href":"https:\/\/protelim.com.br\/es\/wp-json\/wp\/v2\/product\/169\/revisions"}],"predecessor-version":[{"id":9264,"href":"https:\/\/protelim.com.br\/es\/wp-json\/wp\/v2\/product\/169\/revisions\/9264"}],"wp:featuredmedia":[{"embeddable":true,"href":"https:\/\/protelim.com.br\/es\/wp-json\/wp\/v2\/media\/170"}],"wp:attachment":[{"href":"https:\/\/protelim.com.br\/es\/wp-json\/wp\/v2\/media?parent=169"}],"wp:term":[{"taxonomy":"product_brand","embeddable":true,"href":"https:\/\/protelim.com.br\/es\/wp-json\/wp\/v2\/product_brand?post=169"},{"taxonomy":"product_cat","embeddable":true,"href":"https:\/\/protelim.com.br\/es\/wp-json\/wp\/v2\/product_cat?post=169"},{"taxonomy":"product_tag","embeddable":true,"href":"https:\/\/protelim.com.br\/es\/wp-json\/wp\/v2\/product_tag?post=169"}],"curies":[{"name":"wp","href":"https:\/\/api.w.org\/{rel}","templated":true}]}}