{"id":163,"date":"2021-09-17T17:45:00","date_gmt":"2021-09-17T20:45:00","guid":{"rendered":"https:\/\/protelim.com.br\/?post_type=product&#038;p=163"},"modified":"2024-06-10T19:45:17","modified_gmt":"2024-06-10T22:45:17","slug":"detergente-alcalino-lava-platos-con-cloro-prot-rinse-dish-clor","status":"publish","type":"product","link":"https:\/\/protelim.com.br\/es\/producto\/detergente-alcalino-lava-platos-con-cloro-prot-rinse-dish-clor\/","title":{"rendered":"DETERGENTE ALCALINO &#8211; CLORADO LAVAVAJILLAS PROT RINSE DISH CHLOR"},"content":{"rendered":"<p>PROT RINSE DISH CLOR es un detergente alcalino clorado dise\u00f1ado para su uso en el proceso de lavado de vajilla en lavavajillas autom\u00e1ticos de cocinas industriales y profesionales. PROT RINSE DISH CLOR es un producto alcalino clorado recomendado para el lavado de platos, tazas, cubiertos, vasos, bandejas, fuentes, etc. PROT RINSE DISH CLOR es capaz de eliminar las manchas y conservar los materiales inalterados. Este producto debe utilizarse en sistemas de dosificaci\u00f3n autom\u00e1tica y no debe utilizarse manualmente. PROT RINSE DISH CLOR tambi\u00e9n es eficaz en la eliminaci\u00f3n de suciedades pesadas, como grasas y aceites carbonizados de origen vegetal o animal. Producto autorizado por el SIF para uso en establecimientos bajo la \u00e9gida de la inspecci\u00f3n federal (frigor\u00edficos y lecher\u00edas). PROT RINSE DISH CLOR es un producto biodegradable.<\/p>\n<p>ENVASES: 5L y 20L<\/p>\n<p>BENEFICIOS:<\/p>\n<p>Detergente alcalino<\/p>\n<p>Producto biodegradable<\/p>\n","protected":false},"excerpt":{"rendered":"<p>PROT RINSE DISH CLOR es un detergente alcalino clorado dise\u00f1ado para su uso en el proceso de lavado de vajilla en lavavajillas autom\u00e1ticos de cocinas industriales y profesionales. PROT RINSE DISH CLOR es un producto alcalino clorado recomendado para el lavado de platos, tazas, cubiertos, vasos, bandejas, fuentes, etc. PROT RINSE DISH CLOR es capaz [&hellip;]<\/p>\n","protected":false},"featured_media":164,"template":"","meta":{"_acf_changed":false},"product_brand":[],"product_cat":[246,236],"product_tag":[],"class_list":{"0":"post-163","1":"product","2":"type-product","3":"status-publish","4":"has-post-thumbnail","6":"product_cat-detergente","7":"product_cat-cocina-industrial","9":"first","10":"instock","11":"shipping-taxable","12":"product-type-simple"},"acf":[],"_links":{"self":[{"href":"https:\/\/protelim.com.br\/es\/wp-json\/wp\/v2\/product\/163","targetHints":{"allow":["GET"]}}],"collection":[{"href":"https:\/\/protelim.com.br\/es\/wp-json\/wp\/v2\/product"}],"about":[{"href":"https:\/\/protelim.com.br\/es\/wp-json\/wp\/v2\/types\/product"}],"version-history":[{"count":2,"href":"https:\/\/protelim.com.br\/es\/wp-json\/wp\/v2\/product\/163\/revisions"}],"predecessor-version":[{"id":9262,"href":"https:\/\/protelim.com.br\/es\/wp-json\/wp\/v2\/product\/163\/revisions\/9262"}],"wp:featuredmedia":[{"embeddable":true,"href":"https:\/\/protelim.com.br\/es\/wp-json\/wp\/v2\/media\/164"}],"wp:attachment":[{"href":"https:\/\/protelim.com.br\/es\/wp-json\/wp\/v2\/media?parent=163"}],"wp:term":[{"taxonomy":"product_brand","embeddable":true,"href":"https:\/\/protelim.com.br\/es\/wp-json\/wp\/v2\/product_brand?post=163"},{"taxonomy":"product_cat","embeddable":true,"href":"https:\/\/protelim.com.br\/es\/wp-json\/wp\/v2\/product_cat?post=163"},{"taxonomy":"product_tag","embeddable":true,"href":"https:\/\/protelim.com.br\/es\/wp-json\/wp\/v2\/product_tag?post=163"}],"curies":[{"name":"wp","href":"https:\/\/api.w.org\/{rel}","templated":true}]}}