{"id":157,"date":"2021-09-17T17:42:04","date_gmt":"2021-09-17T20:42:04","guid":{"rendered":"https:\/\/protelim.com.br\/?post_type=product&#038;p=157"},"modified":"2024-06-10T19:45:44","modified_gmt":"2024-06-10T22:45:44","slug":"desincrustante-alcalino-limpia-parrilla-prot-grill-plus","status":"publish","type":"product","link":"https:\/\/protelim.com.br\/es\/producto\/desincrustante-alcalino-limpia-parrilla-prot-grill-plus\/","title":{"rendered":"DESINCRUSTANTE ALCALINO &#8211; LIMPIADOR DE PARRILLAS PROT GRILL PLUS"},"content":{"rendered":"<p>PROT GRILL PLUS ha sido desarrollado para desincrustar la grasa carbonizada. PROT GRILL PLUS es un producto concentrado, biodegradable y de alto rendimiento, adecuado para su uso en todo tipo de cocinas industriales y comerciales, hoteles, moteles, asadores, restaurantes, frigor\u00edficos y otros lugares que necesiten un producto eficaz para la limpieza y desincrustaci\u00f3n de hornos, campanas, parrillas y freidoras, donde los dep\u00f3sitos de grasa carbonizada son frecuentes y dif\u00edciles de eliminar. PROT GRILL PLUS es un producto de alto rendimiento para la limpieza a fondo de equipos y utensilios de cocina en general. El producto no debe utilizarse en superficies sensibles como el aluminio. PROT GRILL PLUS es un producto biodegradable.<\/p>\n<p>ENVASE: 5 LITROS<\/p>\n","protected":false},"excerpt":{"rendered":"<p>PROT GRILL PLUS ha sido desarrollado para desincrustar la grasa carbonizada. PROT GRILL PLUS es un producto concentrado, biodegradable y de alto rendimiento, adecuado para su uso en todo tipo de cocinas industriales y comerciales, hoteles, moteles, asadores, restaurantes, frigor\u00edficos y otros lugares que necesiten un producto eficaz para la limpieza y desincrustaci\u00f3n de hornos, [&hellip;]<\/p>\n","protected":false},"featured_media":158,"template":"","meta":{"_acf_changed":false},"product_brand":[],"product_cat":[245,236],"product_tag":[],"class_list":{"0":"post-157","1":"product","2":"type-product","3":"status-publish","4":"has-post-thumbnail","6":"product_cat-descalcificador","7":"product_cat-cocina-industrial","9":"first","10":"instock","11":"shipping-taxable","12":"product-type-simple"},"acf":[],"_links":{"self":[{"href":"https:\/\/protelim.com.br\/es\/wp-json\/wp\/v2\/product\/157","targetHints":{"allow":["GET"]}}],"collection":[{"href":"https:\/\/protelim.com.br\/es\/wp-json\/wp\/v2\/product"}],"about":[{"href":"https:\/\/protelim.com.br\/es\/wp-json\/wp\/v2\/types\/product"}],"version-history":[{"count":2,"href":"https:\/\/protelim.com.br\/es\/wp-json\/wp\/v2\/product\/157\/revisions"}],"predecessor-version":[{"id":9263,"href":"https:\/\/protelim.com.br\/es\/wp-json\/wp\/v2\/product\/157\/revisions\/9263"}],"wp:featuredmedia":[{"embeddable":true,"href":"https:\/\/protelim.com.br\/es\/wp-json\/wp\/v2\/media\/158"}],"wp:attachment":[{"href":"https:\/\/protelim.com.br\/es\/wp-json\/wp\/v2\/media?parent=157"}],"wp:term":[{"taxonomy":"product_brand","embeddable":true,"href":"https:\/\/protelim.com.br\/es\/wp-json\/wp\/v2\/product_brand?post=157"},{"taxonomy":"product_cat","embeddable":true,"href":"https:\/\/protelim.com.br\/es\/wp-json\/wp\/v2\/product_cat?post=157"},{"taxonomy":"product_tag","embeddable":true,"href":"https:\/\/protelim.com.br\/es\/wp-json\/wp\/v2\/product_tag?post=157"}],"curies":[{"name":"wp","href":"https:\/\/api.w.org\/{rel}","templated":true}]}}