{"id":154,"date":"2021-09-17T17:38:31","date_gmt":"2021-09-17T20:38:31","guid":{"rendered":"https:\/\/protelim.com.br\/?post_type=product&#038;p=154"},"modified":"2024-06-10T19:45:53","modified_gmt":"2024-06-10T22:45:53","slug":"power-cut-compuesto-de-pulido-automotriz","status":"publish","type":"product","link":"https:\/\/protelim.com.br\/es\/producto\/power-cut-compuesto-de-pulido-automotriz\/","title":{"rendered":"POWER CUT &#8211; COMPUESTO PARA PULIDO DE AUTOM\u00d3VILES"},"content":{"rendered":"<p><span style=\"font-weight: 400;\">POWER CUT es un compuesto de pulido para autom\u00f3viles a base de agua y sin silicona. Con un rendimiento y un poder de corte extremadamente altos, elimina marcas de lija de grano 1000 a 1500.<\/span><\/p>\n<p><span style=\"font-weight: 400;\">Por su facilidad de aplicaci\u00f3n y eliminaci\u00f3n, es adecuado para todo tipo de pinturas, incluidos los barnices de gran dureza.<\/span><\/p>\n<p>ENVASE: <span style=\"font-weight: 400;\">1 Kg<\/span><\/p>\n<p>PRESTACIONES:<\/p>\n<p><span style=\"font-weight: 400;\">Alto poder de corte<\/span><\/p>\n<p><span style=\"font-weight: 400;\">Elimina las marcas del papel de lija P1200<\/span><\/p>\n<p><span style=\"font-weight: 400;\">No contiene ceras ni siliconas<\/span><\/p>\n<p><span style=\"font-weight: 400;\">Elimina r\u00e1pidamente incluso los ara\u00f1azos m\u00e1s dif\u00edciles<\/span><\/p>\n","protected":false},"excerpt":{"rendered":"<p>POWER CUT es un compuesto de pulido para autom\u00f3viles a base de agua y sin silicona. Con un rendimiento y un poder de corte extremadamente altos, elimina marcas de lija de grano 1000 a 1500. Por su facilidad de aplicaci\u00f3n y eliminaci\u00f3n, es adecuado para todo tipo de pinturas, incluidos los barnices de gran dureza. [&hellip;]<\/p>\n","protected":false},"featured_media":155,"template":"","meta":{"_acf_changed":false},"product_brand":[],"product_cat":[233,239,260],"product_tag":[],"class_list":{"0":"post-154","1":"product","2":"type-product","3":"status-publish","4":"has-post-thumbnail","6":"product_cat-segmento-automotriz","7":"product_cat-pulido-profesional","8":"product_cat-masilla-de-polir","10":"first","11":"instock","12":"shipping-taxable","13":"product-type-simple"},"acf":[],"_links":{"self":[{"href":"https:\/\/protelim.com.br\/es\/wp-json\/wp\/v2\/product\/154","targetHints":{"allow":["GET"]}}],"collection":[{"href":"https:\/\/protelim.com.br\/es\/wp-json\/wp\/v2\/product"}],"about":[{"href":"https:\/\/protelim.com.br\/es\/wp-json\/wp\/v2\/types\/product"}],"version-history":[{"count":2,"href":"https:\/\/protelim.com.br\/es\/wp-json\/wp\/v2\/product\/154\/revisions"}],"predecessor-version":[{"id":9230,"href":"https:\/\/protelim.com.br\/es\/wp-json\/wp\/v2\/product\/154\/revisions\/9230"}],"wp:featuredmedia":[{"embeddable":true,"href":"https:\/\/protelim.com.br\/es\/wp-json\/wp\/v2\/media\/155"}],"wp:attachment":[{"href":"https:\/\/protelim.com.br\/es\/wp-json\/wp\/v2\/media?parent=154"}],"wp:term":[{"taxonomy":"product_brand","embeddable":true,"href":"https:\/\/protelim.com.br\/es\/wp-json\/wp\/v2\/product_brand?post=154"},{"taxonomy":"product_cat","embeddable":true,"href":"https:\/\/protelim.com.br\/es\/wp-json\/wp\/v2\/product_cat?post=154"},{"taxonomy":"product_tag","embeddable":true,"href":"https:\/\/protelim.com.br\/es\/wp-json\/wp\/v2\/product_tag?post=154"}],"curies":[{"name":"wp","href":"https:\/\/api.w.org\/{rel}","templated":true}]}}