{"id":150,"date":"2021-09-17T17:35:25","date_gmt":"2021-09-17T20:35:25","guid":{"rendered":"https:\/\/protelim.com.br\/?post_type=product&#038;p=150"},"modified":"2024-06-10T19:46:20","modified_gmt":"2024-06-10T22:46:20","slug":"auto-brillo-acabado-automotriz","status":"publish","type":"product","link":"https:\/\/protelim.com.br\/es\/producto\/auto-brillo-acabado-automotriz\/","title":{"rendered":"AUTO GLOSS &#8211; ACABADO AUTOMOTRIZ"},"content":{"rendered":"<p><span style=\"font-weight: 400;\">AUTO BRILHO automotive es un producto de acabado para automoci\u00f3n de alto rendimiento y f\u00e1cil eliminaci\u00f3n. Proporciona un brillo muy elevado y permite la evaporaci\u00f3n del disolvente. Utilizar a mano con franela de algod\u00f3n o Microfibra Protelim, a base de agua y libre de siliconas.<\/span><\/p>\n<p><b>ENVASE: <\/b><span style=\"font-weight: 400;\">500 ml<\/span><\/p>\n<p><b>PRESTACIONES:<\/b><\/p>\n<p><span style=\"font-weight: 400;\">Brillo intenso<\/span><\/p>\n<p><span style=\"font-weight: 400;\">A base de agua<\/span><\/p>\n","protected":false},"excerpt":{"rendered":"<p>AUTO BRILHO automotive es un producto de acabado para automoci\u00f3n de alto rendimiento y f\u00e1cil eliminaci\u00f3n. Proporciona un brillo muy elevado y permite la evaporaci\u00f3n del disolvente. Utilizar a mano con franela de algod\u00f3n o Microfibra Protelim, a base de agua y libre de siliconas. ENVASE: 500 ml PRESTACIONES: Brillo intenso A base de agua<\/p>\n","protected":false},"featured_media":151,"template":"","meta":{"_acf_changed":false},"product_brand":[],"product_cat":[233,239,261,242,289],"product_tag":[],"class_list":{"0":"post-150","1":"product","2":"type-product","3":"status-publish","4":"has-post-thumbnail","6":"product_cat-segmento-automotriz","7":"product_cat-pulido-profesional","8":"product_cat-pulidores","9":"product_cat-categorias","10":"product_cat-pulidores-otros-productos","12":"first","13":"instock","14":"shipping-taxable","15":"product-type-simple"},"acf":[],"_links":{"self":[{"href":"https:\/\/protelim.com.br\/es\/wp-json\/wp\/v2\/product\/150","targetHints":{"allow":["GET"]}}],"collection":[{"href":"https:\/\/protelim.com.br\/es\/wp-json\/wp\/v2\/product"}],"about":[{"href":"https:\/\/protelim.com.br\/es\/wp-json\/wp\/v2\/types\/product"}],"version-history":[{"count":1,"href":"https:\/\/protelim.com.br\/es\/wp-json\/wp\/v2\/product\/150\/revisions"}],"predecessor-version":[{"id":9225,"href":"https:\/\/protelim.com.br\/es\/wp-json\/wp\/v2\/product\/150\/revisions\/9225"}],"wp:featuredmedia":[{"embeddable":true,"href":"https:\/\/protelim.com.br\/es\/wp-json\/wp\/v2\/media\/151"}],"wp:attachment":[{"href":"https:\/\/protelim.com.br\/es\/wp-json\/wp\/v2\/media?parent=150"}],"wp:term":[{"taxonomy":"product_brand","embeddable":true,"href":"https:\/\/protelim.com.br\/es\/wp-json\/wp\/v2\/product_brand?post=150"},{"taxonomy":"product_cat","embeddable":true,"href":"https:\/\/protelim.com.br\/es\/wp-json\/wp\/v2\/product_cat?post=150"},{"taxonomy":"product_tag","embeddable":true,"href":"https:\/\/protelim.com.br\/es\/wp-json\/wp\/v2\/product_tag?post=150"}],"curies":[{"name":"wp","href":"https:\/\/api.w.org\/{rel}","templated":true}]}}