{"id":15,"date":"2021-09-16T10:51:56","date_gmt":"2021-09-16T13:51:56","guid":{"rendered":"https:\/\/protelim.com.br\/?post_type=product&#038;p=15"},"modified":"2024-06-10T19:52:21","modified_gmt":"2024-06-10T22:52:21","slug":"iron-out-descontaminante-ferroso","status":"publish","type":"product","link":"https:\/\/protelim.com.br\/es\/producto\/iron-out-descontaminante-ferroso\/","title":{"rendered":"IRON OUT &#8211; DESCONTAMINANTE FERROSO"},"content":{"rendered":"<p><span style=\"font-weight: 400;\">IRON OUT es un descontaminante ferroso de alta tecnolog\u00eda, indicado para remover y descontaminar holl\u00edn y part\u00edculas de frenos oxidados. El producto tiene una acci\u00f3n profunda, actuando en las capas bajas de diferentes superficies como: llantas, cristales, carrocer\u00eda, barniz, pinzas de freno, motores y piezas met\u00e1licas. Con su alt\u00edsimo poder de limpieza, act\u00faa en profundidad para eliminar las manchas m\u00e1s dif\u00edciles, transform\u00e1ndolas en componentes solubles. IRON OUT tiene un pH neutro y puede utilizarse en una gran variedad de superficies para eliminar part\u00edculas ferrosas.<\/span><\/p>\n<p>ENVASE: <span style=\"font-weight: 400;\">500 ml<\/span><\/p>\n<p>PRESTACIONES:<\/p>\n<p><span style=\"font-weight: 400;\">Alto rendimiento<\/span><\/p>\n<p><span style=\"font-weight: 400;\">Elimina la contaminaci\u00f3n<\/span><\/p>\n<p><span style=\"font-weight: 400;\">Elimina el hierro oxidado<\/span><\/p>\n","protected":false},"excerpt":{"rendered":"<p>IRON OUT es un descontaminante ferroso de alta tecnolog\u00eda, indicado para remover y descontaminar holl\u00edn y part\u00edculas de frenos oxidados. El producto tiene una acci\u00f3n profunda, actuando en las capas bajas de diferentes superficies como: llantas, cristales, carrocer\u00eda, barniz, pinzas de freno, motores y piezas met\u00e1licas. Con su alt\u00edsimo poder de limpieza, act\u00faa en profundidad [&hellip;]<\/p>\n","protected":false},"featured_media":1983,"template":"","meta":{"_acf_changed":false},"product_brand":[],"product_cat":[233,238,242,257,292],"product_tag":[307],"class_list":{"0":"post-15","1":"product","2":"type-product","3":"status-publish","4":"has-post-thumbnail","6":"product_cat-segmento-automotriz","7":"product_cat-lavado-profesional","8":"product_cat-categorias","9":"product_cat-ruedas-cajas-de-ruedas-y-neumaticos","10":"product_cat-descontaminante-ferroso","11":"product_tag-ruedas-y-caja-de-ruedas","13":"first","14":"instock","15":"shipping-taxable","16":"product-type-simple"},"acf":[],"_links":{"self":[{"href":"https:\/\/protelim.com.br\/es\/wp-json\/wp\/v2\/product\/15","targetHints":{"allow":["GET"]}}],"collection":[{"href":"https:\/\/protelim.com.br\/es\/wp-json\/wp\/v2\/product"}],"about":[{"href":"https:\/\/protelim.com.br\/es\/wp-json\/wp\/v2\/types\/product"}],"version-history":[{"count":4,"href":"https:\/\/protelim.com.br\/es\/wp-json\/wp\/v2\/product\/15\/revisions"}],"predecessor-version":[{"id":9357,"href":"https:\/\/protelim.com.br\/es\/wp-json\/wp\/v2\/product\/15\/revisions\/9357"}],"wp:featuredmedia":[{"embeddable":true,"href":"https:\/\/protelim.com.br\/es\/wp-json\/wp\/v2\/media\/1983"}],"wp:attachment":[{"href":"https:\/\/protelim.com.br\/es\/wp-json\/wp\/v2\/media?parent=15"}],"wp:term":[{"taxonomy":"product_brand","embeddable":true,"href":"https:\/\/protelim.com.br\/es\/wp-json\/wp\/v2\/product_brand?post=15"},{"taxonomy":"product_cat","embeddable":true,"href":"https:\/\/protelim.com.br\/es\/wp-json\/wp\/v2\/product_cat?post=15"},{"taxonomy":"product_tag","embeddable":true,"href":"https:\/\/protelim.com.br\/es\/wp-json\/wp\/v2\/product_tag?post=15"}],"curies":[{"name":"wp","href":"https:\/\/api.w.org\/{rel}","templated":true}]}}