{"id":148,"date":"2021-09-17T17:34:16","date_gmt":"2021-09-17T20:34:16","guid":{"rendered":"https:\/\/protelim.com.br\/?post_type=product&#038;p=148"},"modified":"2024-06-10T19:46:29","modified_gmt":"2024-06-10T22:46:29","slug":"lustre-removedor-de-hologramas","status":"publish","type":"product","link":"https:\/\/protelim.com.br\/es\/producto\/lustre-removedor-de-hologramas\/","title":{"rendered":"ABRILLANTADOR &#8211; ELIMINADOR DE HOLOGRAMAS"},"content":{"rendered":"<p><span style=\"font-weight: 400;\">LUSTRADOR es un producto de alto rendimiento y acabado muy fino, un eliminador de hologramas que elimina las marcas dejadas por la boina y peque\u00f1os ara\u00f1azos. Se utiliza con el cap\u00f3 de espuma Protelim, a base de agua y sin silicona.<\/span><\/p>\n<p>ENVASE: <span style=\"font-weight: 400;\">500ml<\/span><\/p>\n<p>PRESTACIONES:<\/p>\n<p><span style=\"font-weight: 400;\">El mejor acabado<\/span><\/p>\n<p><span style=\"font-weight: 400;\">A base de agua<\/span><\/p>\n","protected":false},"excerpt":{"rendered":"<p>LUSTRADOR es un producto de alto rendimiento y acabado muy fino, un eliminador de hologramas que elimina las marcas dejadas por la boina y peque\u00f1os ara\u00f1azos. Se utiliza con el cap\u00f3 de espuma Protelim, a base de agua y sin silicona. ENVASE: 500ml PRESTACIONES: El mejor acabado A base de agua<\/p>\n","protected":false},"featured_media":149,"template":"","meta":{"_acf_changed":false},"product_brand":[],"product_cat":[233,239,261,242,289],"product_tag":[],"class_list":{"0":"post-148","1":"product","2":"type-product","3":"status-publish","4":"has-post-thumbnail","6":"product_cat-segmento-automotriz","7":"product_cat-pulido-profesional","8":"product_cat-pulidores","9":"product_cat-categorias","10":"product_cat-pulidores-otros-productos","12":"first","13":"instock","14":"shipping-taxable","15":"product-type-simple"},"acf":[],"_links":{"self":[{"href":"https:\/\/protelim.com.br\/es\/wp-json\/wp\/v2\/product\/148","targetHints":{"allow":["GET"]}}],"collection":[{"href":"https:\/\/protelim.com.br\/es\/wp-json\/wp\/v2\/product"}],"about":[{"href":"https:\/\/protelim.com.br\/es\/wp-json\/wp\/v2\/types\/product"}],"version-history":[{"count":1,"href":"https:\/\/protelim.com.br\/es\/wp-json\/wp\/v2\/product\/148\/revisions"}],"predecessor-version":[{"id":9226,"href":"https:\/\/protelim.com.br\/es\/wp-json\/wp\/v2\/product\/148\/revisions\/9226"}],"wp:featuredmedia":[{"embeddable":true,"href":"https:\/\/protelim.com.br\/es\/wp-json\/wp\/v2\/media\/149"}],"wp:attachment":[{"href":"https:\/\/protelim.com.br\/es\/wp-json\/wp\/v2\/media?parent=148"}],"wp:term":[{"taxonomy":"product_brand","embeddable":true,"href":"https:\/\/protelim.com.br\/es\/wp-json\/wp\/v2\/product_brand?post=148"},{"taxonomy":"product_cat","embeddable":true,"href":"https:\/\/protelim.com.br\/es\/wp-json\/wp\/v2\/product_cat?post=148"},{"taxonomy":"product_tag","embeddable":true,"href":"https:\/\/protelim.com.br\/es\/wp-json\/wp\/v2\/product_tag?post=148"}],"curies":[{"name":"wp","href":"https:\/\/api.w.org\/{rel}","templated":true}]}}