{"id":1452,"date":"2022-03-11T13:31:58","date_gmt":"2022-03-11T16:31:58","guid":{"rendered":"https:\/\/protelim.com.br\/?post_type=product&#038;p=1452"},"modified":"2024-04-20T22:23:42","modified_gmt":"2024-04-21T01:23:42","slug":"water-guard","status":"publish","type":"product","link":"https:\/\/protelim.com.br\/es\/producto\/water-guard\/","title":{"rendered":"WATER GUARD &#8211; PROTECTOR DE TEJIDOS AL AGUA"},"content":{"rendered":"<p>Water Guard es un protector de tejidos de base acuosa que frena la penetraci\u00f3n de l\u00edquidos acuosos, evitando las manchas en la fibra.<\/p>\n<p>Es muy seguro, no inflamable, f\u00e1cil de aplicar y de bajo olor, y puede aplicarse con seguridad en interiores.<\/p>\n<p>Water Guard es adecuado para tapicer\u00edas, sillones, zapatillas de tela, cojines, sillas, etc.<\/p>\n<p>ENVASE: 5 L<\/p>\n<p>PRESTACIONES:<\/p>\n<p><span style=\"font-weight: 400;\">Producto a base de agua<\/span><\/p>\n<p><span style=\"font-weight: 400;\">No inflamable<\/span><\/p>\n<p><span style=\"font-weight: 400;\">Alta concentraci\u00f3n activa<\/span><\/p>\n<p><span style=\"font-weight: 400;\">Bajo olor<\/span><\/p>\n","protected":false},"excerpt":{"rendered":"<p>Water Guard es un protector de tejidos de base acuosa que frena la penetraci\u00f3n de l\u00edquidos acuosos, evitando las manchas en la fibra. Es muy seguro, no inflamable, f\u00e1cil de aplicar y de bajo olor, y puede aplicarse con seguridad en interiores. Water Guard es adecuado para tapicer\u00edas, sillones, zapatillas de tela, cojines, sillas, etc. [&hellip;]<\/p>\n","protected":false},"featured_media":1596,"template":"","meta":{"_acf_changed":false},"product_brand":[],"product_cat":[233,240,242,275,295],"product_tag":[305],"class_list":{"0":"post-1452","1":"product","2":"type-product","3":"status-publish","4":"has-post-thumbnail","6":"product_cat-segmento-automotriz","7":"product_cat-acabado","8":"product_cat-categorias","9":"product_cat-tecidos","10":"product_cat-shp-sistema-higienizacion-protelim","11":"product_tag-tratamiento-interno","13":"first","14":"instock","15":"shipping-taxable","16":"product-type-simple"},"acf":[],"_links":{"self":[{"href":"https:\/\/protelim.com.br\/es\/wp-json\/wp\/v2\/product\/1452","targetHints":{"allow":["GET"]}}],"collection":[{"href":"https:\/\/protelim.com.br\/es\/wp-json\/wp\/v2\/product"}],"about":[{"href":"https:\/\/protelim.com.br\/es\/wp-json\/wp\/v2\/types\/product"}],"version-history":[{"count":3,"href":"https:\/\/protelim.com.br\/es\/wp-json\/wp\/v2\/product\/1452\/revisions"}],"predecessor-version":[{"id":9180,"href":"https:\/\/protelim.com.br\/es\/wp-json\/wp\/v2\/product\/1452\/revisions\/9180"}],"wp:featuredmedia":[{"embeddable":true,"href":"https:\/\/protelim.com.br\/es\/wp-json\/wp\/v2\/media\/1596"}],"wp:attachment":[{"href":"https:\/\/protelim.com.br\/es\/wp-json\/wp\/v2\/media?parent=1452"}],"wp:term":[{"taxonomy":"product_brand","embeddable":true,"href":"https:\/\/protelim.com.br\/es\/wp-json\/wp\/v2\/product_brand?post=1452"},{"taxonomy":"product_cat","embeddable":true,"href":"https:\/\/protelim.com.br\/es\/wp-json\/wp\/v2\/product_cat?post=1452"},{"taxonomy":"product_tag","embeddable":true,"href":"https:\/\/protelim.com.br\/es\/wp-json\/wp\/v2\/product_tag?post=1452"}],"curies":[{"name":"wp","href":"https:\/\/api.w.org\/{rel}","templated":true}]}}