{"id":144,"date":"2021-09-17T17:29:33","date_gmt":"2021-09-17T20:29:33","guid":{"rendered":"https:\/\/protelim.com.br\/?post_type=product&#038;p=144"},"modified":"2024-06-10T19:46:43","modified_gmt":"2024-06-10T22:46:43","slug":"extra-fine-x3-pulidor-automotriz-3-en-1","status":"publish","type":"product","link":"https:\/\/protelim.com.br\/es\/producto\/extra-fine-x3-pulidor-automotriz-3-en-1\/","title":{"rendered":"EXTRA FINO X3 &#8211; ABRILLANTADOR PARA COCHES 3 EN 1"},"content":{"rendered":"<p><span style=\"font-weight: 400;\">POLISHER EXTRA FINE X3 es un producto 3 en 1, adecuado para pulir, abrillantar y proteger, con excelentes funciones de acabado. Este pulimento de automoci\u00f3n para repintado tiene un rendimiento muy alto con el cambio de cap\u00f3s, recomendado para revitalizar la pintura.<\/span><\/p>\n<p>ENVASES<span style=\"font-weight: 400;\">: 500 ml y 3,6 kg<\/span><\/p>\n<p>PRESTACIONES:<\/p>\n<p><span style=\"font-weight: 400;\">Pulido<\/span><\/p>\n<p><span style=\"font-weight: 400;\">Lustre<\/span><\/p>\n<p><span style=\"font-weight: 400;\">Protecci\u00f3n<\/span><\/p>\n","protected":false},"excerpt":{"rendered":"<p>POLISHER EXTRA FINE X3 es un producto 3 en 1, adecuado para pulir, abrillantar y proteger, con excelentes funciones de acabado. Este pulimento de automoci\u00f3n para repintado tiene un rendimiento muy alto con el cambio de cap\u00f3s, recomendado para revitalizar la pintura. ENVASES: 500 ml y 3,6 kg PRESTACIONES: Pulido Lustre Protecci\u00f3n<\/p>\n","protected":false},"featured_media":145,"template":"","meta":{"_acf_changed":false},"product_brand":[],"product_cat":[233,239,261,242,289],"product_tag":[],"class_list":{"0":"post-144","1":"product","2":"type-product","3":"status-publish","4":"has-post-thumbnail","6":"product_cat-segmento-automotriz","7":"product_cat-pulido-profesional","8":"product_cat-pulidores","9":"product_cat-categorias","10":"product_cat-pulidores-otros-productos","12":"first","13":"instock","14":"shipping-taxable","15":"product-type-simple"},"acf":[],"_links":{"self":[{"href":"https:\/\/protelim.com.br\/es\/wp-json\/wp\/v2\/product\/144","targetHints":{"allow":["GET"]}}],"collection":[{"href":"https:\/\/protelim.com.br\/es\/wp-json\/wp\/v2\/product"}],"about":[{"href":"https:\/\/protelim.com.br\/es\/wp-json\/wp\/v2\/types\/product"}],"version-history":[{"count":3,"href":"https:\/\/protelim.com.br\/es\/wp-json\/wp\/v2\/product\/144\/revisions"}],"predecessor-version":[{"id":9223,"href":"https:\/\/protelim.com.br\/es\/wp-json\/wp\/v2\/product\/144\/revisions\/9223"}],"wp:featuredmedia":[{"embeddable":true,"href":"https:\/\/protelim.com.br\/es\/wp-json\/wp\/v2\/media\/145"}],"wp:attachment":[{"href":"https:\/\/protelim.com.br\/es\/wp-json\/wp\/v2\/media?parent=144"}],"wp:term":[{"taxonomy":"product_brand","embeddable":true,"href":"https:\/\/protelim.com.br\/es\/wp-json\/wp\/v2\/product_brand?post=144"},{"taxonomy":"product_cat","embeddable":true,"href":"https:\/\/protelim.com.br\/es\/wp-json\/wp\/v2\/product_cat?post=144"},{"taxonomy":"product_tag","embeddable":true,"href":"https:\/\/protelim.com.br\/es\/wp-json\/wp\/v2\/product_tag?post=144"}],"curies":[{"name":"wp","href":"https:\/\/api.w.org\/{rel}","templated":true}]}}