{"id":140,"date":"2021-09-17T17:26:10","date_gmt":"2021-09-17T20:26:10","guid":{"rendered":"https:\/\/protelim.com.br\/?post_type=product&#038;p=140"},"modified":"2024-12-03T10:18:41","modified_gmt":"2024-12-03T13:18:41","slug":"carnauba-wax-cera-automotriz","status":"publish","type":"product","link":"https:\/\/protelim.com.br\/es\/producto\/carnauba-wax-cera-automotriz\/","title":{"rendered":"CARNAUBA WAX &#8211; CERA DE AUTOMOCI\u00d3N DE ALTA PROTECCI\u00d3N"},"content":{"rendered":"<p>CERA CARNA\u00daBA es una cera de automoci\u00f3n altamente protectora, de brillo intenso y profundo, que deja un maravilloso acabado en la pintura de su coche, moto y jet-ski al crear una fina pel\u00edcula contra los agentes externos. CARNA\u00daBA CERA tiene un alt\u00edsimo rendimiento y es f\u00e1cil de aplicar y retirar, revitalizando el color original de la pintura. CARNA\u00daBA CERA contiene microabrasivos que ayudan a eliminar peque\u00f1os ara\u00f1azos. Aplique CERA CARNA\u00daBA constantemente para mantener su pintura brillante y protegida.<\/p>\n<p>ENVASES: 500 ml, 1,5 l y 3,6 l<\/p>\n<p>PRESTACIONES:<\/p>\n<p><span style=\"font-weight: 400;\">Brillo profundo<\/span><\/p>\n<p><span style=\"font-weight: 400;\">F\u00e1cil extracci\u00f3n<\/span><\/p>\n","protected":false},"excerpt":{"rendered":"<p>CERA CARNA\u00daBA es una cera de automoci\u00f3n altamente protectora, de brillo intenso y profundo, que deja un maravilloso acabado en la pintura de su coche, moto y jet-ski al crear una fina pel\u00edcula contra los agentes externos. CARNA\u00daBA CERA tiene un alt\u00edsimo rendimiento y es f\u00e1cil de aplicar y retirar, revitalizando el color original de [&hellip;]<\/p>\n","protected":false},"featured_media":1772,"template":"","meta":{"_acf_changed":false},"product_brand":[],"product_cat":[325,233,259,239,240,242,273],"product_tag":[302],"class_list":{"0":"post-140","1":"product","2":"type-product","3":"status-publish","4":"has-post-thumbnail","6":"product_cat-proteccion-de-pinturas-categorias","7":"product_cat-segmento-automotriz","8":"product_cat-ceras-y-revestimientos","9":"product_cat-pulido-profesional","10":"product_cat-acabado","11":"product_cat-categorias","12":"product_cat-proteccion-de-pintura","13":"product_tag-proteccion-de-pintura","15":"first","16":"instock","17":"shipping-taxable","18":"product-type-simple"},"acf":[],"_links":{"self":[{"href":"https:\/\/protelim.com.br\/es\/wp-json\/wp\/v2\/product\/140","targetHints":{"allow":["GET"]}}],"collection":[{"href":"https:\/\/protelim.com.br\/es\/wp-json\/wp\/v2\/product"}],"about":[{"href":"https:\/\/protelim.com.br\/es\/wp-json\/wp\/v2\/types\/product"}],"version-history":[{"count":4,"href":"https:\/\/protelim.com.br\/es\/wp-json\/wp\/v2\/product\/140\/revisions"}],"predecessor-version":[{"id":9635,"href":"https:\/\/protelim.com.br\/es\/wp-json\/wp\/v2\/product\/140\/revisions\/9635"}],"wp:featuredmedia":[{"embeddable":true,"href":"https:\/\/protelim.com.br\/es\/wp-json\/wp\/v2\/media\/1772"}],"wp:attachment":[{"href":"https:\/\/protelim.com.br\/es\/wp-json\/wp\/v2\/media?parent=140"}],"wp:term":[{"taxonomy":"product_brand","embeddable":true,"href":"https:\/\/protelim.com.br\/es\/wp-json\/wp\/v2\/product_brand?post=140"},{"taxonomy":"product_cat","embeddable":true,"href":"https:\/\/protelim.com.br\/es\/wp-json\/wp\/v2\/product_cat?post=140"},{"taxonomy":"product_tag","embeddable":true,"href":"https:\/\/protelim.com.br\/es\/wp-json\/wp\/v2\/product_tag?post=140"}],"curies":[{"name":"wp","href":"https:\/\/api.w.org\/{rel}","templated":true}]}}