{"id":138,"date":"2021-09-17T16:59:43","date_gmt":"2021-09-17T19:59:43","guid":{"rendered":"https:\/\/protelim.com.br\/?post_type=product&#038;p=138"},"modified":"2024-06-10T19:47:04","modified_gmt":"2024-06-10T22:47:04","slug":"cera-nano-wax","status":"publish","type":"product","link":"https:\/\/protelim.com.br\/es\/producto\/cera-nano-wax\/","title":{"rendered":"NANO WAX &#8211; CERA"},"content":{"rendered":"<p><span style=\"font-weight: 400;\">NANO WAX es una cera de acabado de \u00faltima generaci\u00f3n compuesta por part\u00edculas de tama\u00f1o nanom\u00e9trico f\u00e1ciles de aplicar y retirar. A base de agua con excelente brillo y protecci\u00f3n.<\/span><\/p>\n<p>ENVASES: <span style=\"font-weight: 400;\">500 ml y 3,6 kg<\/span><\/p>\n<p>PRESTACIONES:<\/p>\n<p><span style=\"font-weight: 400;\">Con nanoabrasivos<\/span><\/p>\n<p><span style=\"font-weight: 400;\">A base de agua<\/span><\/p>\n","protected":false},"excerpt":{"rendered":"<p>NANO WAX es una cera de acabado de \u00faltima generaci\u00f3n compuesta por part\u00edculas de tama\u00f1o nanom\u00e9trico f\u00e1ciles de aplicar y retirar. A base de agua con excelente brillo y protecci\u00f3n. ENVASES: 500 ml y 3,6 kg PRESTACIONES: Con nanoabrasivos A base de agua<\/p>\n","protected":false},"featured_media":139,"template":"","meta":{"_acf_changed":false},"product_brand":[],"product_cat":[325,233,259,239,240,242,273],"product_tag":[302],"class_list":{"0":"post-138","1":"product","2":"type-product","3":"status-publish","4":"has-post-thumbnail","6":"product_cat-proteccion-de-pinturas-categorias","7":"product_cat-segmento-automotriz","8":"product_cat-ceras-y-revestimientos","9":"product_cat-pulido-profesional","10":"product_cat-acabado","11":"product_cat-categorias","12":"product_cat-proteccion-de-pintura","13":"product_tag-proteccion-de-pintura","15":"first","16":"instock","17":"shipping-taxable","18":"product-type-simple"},"acf":[],"_links":{"self":[{"href":"https:\/\/protelim.com.br\/es\/wp-json\/wp\/v2\/product\/138","targetHints":{"allow":["GET"]}}],"collection":[{"href":"https:\/\/protelim.com.br\/es\/wp-json\/wp\/v2\/product"}],"about":[{"href":"https:\/\/protelim.com.br\/es\/wp-json\/wp\/v2\/types\/product"}],"version-history":[{"count":2,"href":"https:\/\/protelim.com.br\/es\/wp-json\/wp\/v2\/product\/138\/revisions"}],"predecessor-version":[{"id":9224,"href":"https:\/\/protelim.com.br\/es\/wp-json\/wp\/v2\/product\/138\/revisions\/9224"}],"wp:featuredmedia":[{"embeddable":true,"href":"https:\/\/protelim.com.br\/es\/wp-json\/wp\/v2\/media\/139"}],"wp:attachment":[{"href":"https:\/\/protelim.com.br\/es\/wp-json\/wp\/v2\/media?parent=138"}],"wp:term":[{"taxonomy":"product_brand","embeddable":true,"href":"https:\/\/protelim.com.br\/es\/wp-json\/wp\/v2\/product_brand?post=138"},{"taxonomy":"product_cat","embeddable":true,"href":"https:\/\/protelim.com.br\/es\/wp-json\/wp\/v2\/product_cat?post=138"},{"taxonomy":"product_tag","embeddable":true,"href":"https:\/\/protelim.com.br\/es\/wp-json\/wp\/v2\/product_tag?post=138"}],"curies":[{"name":"wp","href":"https:\/\/api.w.org\/{rel}","templated":true}]}}