{"id":131,"date":"2021-09-17T16:55:30","date_gmt":"2021-09-17T19:55:30","guid":{"rendered":"https:\/\/protelim.com.br\/?post_type=product&#038;p=131"},"modified":"2024-06-10T19:47:27","modified_gmt":"2024-06-10T22:47:27","slug":"multi-ecco-apc-limpiador-apc-multiuso","status":"publish","type":"product","link":"https:\/\/protelim.com.br\/es\/producto\/multi-ecco-apc-limpiador-apc-multiuso\/","title":{"rendered":"MULTI ECCO APC &#8211; LIMPIADOR MULTIUSOS APC"},"content":{"rendered":"<p><span style=\"font-weight: 400;\">MULTI ECCO APC es un limpiador APC instant\u00e1neo, superconcentrado y multiusos para autom\u00f3viles con un gran poder de limpieza. Ha sido desarrollado para la limpieza en profundidad de superficies con diversos tipos de suciedad. La perfecta combinaci\u00f3n de componentes de su f\u00f3rmula dispersa las part\u00edculas de suciedad, facilitando la eliminaci\u00f3n de residuos. Al contener un pH equilibrado y respetar las instrucciones de uso, no altera las caracter\u00edsticas originales de las superficies aplicadas. Limpia al instante y sin esfuerzo tapicer\u00edas, moquetas, cuero, vinilo, pl\u00e1sticos, gomas, motores, ruedas y mucho m\u00e1s.<\/span><\/p>\n<p>ENVASES: <span style=\"font-weight: 400;\">1,5L y 5L<\/span><\/p>\n<p>PRESTACIONES:<\/p>\n<p><span style=\"font-weight: 400;\">Superconcentrado<\/span><\/p>\n<p><span style=\"font-weight: 400;\">Limpia sin esfuerzo<\/span><\/p>\n<p><span style=\"font-weight: 400;\">Uso interno y externo<\/span><\/p>\n<p><span style=\"font-weight: 400;\">Limpieza profunda<\/span><\/p>\n","protected":false},"excerpt":{"rendered":"<p>MULTI ECCO APC es un limpiador APC instant\u00e1neo, superconcentrado y multiusos para autom\u00f3viles con un gran poder de limpieza. Ha sido desarrollado para la limpieza en profundidad de superficies con diversos tipos de suciedad. La perfecta combinaci\u00f3n de componentes de su f\u00f3rmula dispersa las part\u00edculas de suciedad, facilitando la eliminaci\u00f3n de residuos. Al contener un [&hellip;]<\/p>\n","protected":false},"featured_media":2309,"template":"","meta":{"_acf_changed":false},"product_brand":[],"product_cat":[233,238,277,241,255,278,240,256,279,242,257,286,258,275,295],"product_tag":[305],"class_list":{"0":"post-131","1":"product","2":"type-product","3":"status-publish","4":"has-post-thumbnail","6":"product_cat-segmento-automotriz","7":"product_cat-lavado-profesional","8":"product_cat-cuero-higiene-general-automotriz","9":"product_cat-higiene-general-automotriz","10":"product_cat-motor","11":"product_cat-limpiadores","12":"product_cat-acabado","13":"product_cat-chassis","14":"product_cat-tejidos-higiene-general-automotriz","15":"product_cat-categorias","16":"product_cat-ruedas-cajas-de-ruedas-y-neumaticos","17":"product_cat-multiuso","18":"product_cat-capota-maritima","19":"product_cat-tecidos","20":"product_cat-shp-sistema-higienizacion-protelim","21":"product_tag-tratamiento-interno","23":"first","24":"instock","25":"shipping-taxable","26":"product-type-simple"},"acf":[],"_links":{"self":[{"href":"https:\/\/protelim.com.br\/es\/wp-json\/wp\/v2\/product\/131","targetHints":{"allow":["GET"]}}],"collection":[{"href":"https:\/\/protelim.com.br\/es\/wp-json\/wp\/v2\/product"}],"about":[{"href":"https:\/\/protelim.com.br\/es\/wp-json\/wp\/v2\/types\/product"}],"version-history":[{"count":2,"href":"https:\/\/protelim.com.br\/es\/wp-json\/wp\/v2\/product\/131\/revisions"}],"predecessor-version":[{"id":9338,"href":"https:\/\/protelim.com.br\/es\/wp-json\/wp\/v2\/product\/131\/revisions\/9338"}],"wp:featuredmedia":[{"embeddable":true,"href":"https:\/\/protelim.com.br\/es\/wp-json\/wp\/v2\/media\/2309"}],"wp:attachment":[{"href":"https:\/\/protelim.com.br\/es\/wp-json\/wp\/v2\/media?parent=131"}],"wp:term":[{"taxonomy":"product_brand","embeddable":true,"href":"https:\/\/protelim.com.br\/es\/wp-json\/wp\/v2\/product_brand?post=131"},{"taxonomy":"product_cat","embeddable":true,"href":"https:\/\/protelim.com.br\/es\/wp-json\/wp\/v2\/product_cat?post=131"},{"taxonomy":"product_tag","embeddable":true,"href":"https:\/\/protelim.com.br\/es\/wp-json\/wp\/v2\/product_tag?post=131"}],"curies":[{"name":"wp","href":"https:\/\/api.w.org\/{rel}","templated":true}]}}