{"id":129,"date":"2021-09-17T16:53:59","date_gmt":"2021-09-17T19:53:59","guid":{"rendered":"https:\/\/protelim.com.br\/?post_type=product&#038;p=129"},"modified":"2024-06-10T19:47:35","modified_gmt":"2024-06-10T22:47:35","slug":"prot-mult-200-desengrasante-multiuso-concentrado","status":"publish","type":"product","link":"https:\/\/protelim.com.br\/es\/producto\/prot-mult-200-desengrasante-multiuso-concentrado\/","title":{"rendered":"PROT MULT 200 &#8211; DESENGRASANTE CONCENTRADO MULTIUSOS"},"content":{"rendered":"<p><span style=\"font-weight: 400;\">PROT MULT 200 es un producto que contiene un tensioactivo biodegradable. Fue desarrollado para ser utilizado como desengrasante alcalino multiuso y su f\u00f3rmula de alta concentraci\u00f3n proporciona altas diluciones y, consecuentemente, un alto rendimiento. Con excelente poder detergente y humectante debido a su alta concentraci\u00f3n, est\u00e1 dise\u00f1ado para eliminar grasas, aceites y grasas de equipos, paredes, suelos y superficies en general dentro de industrias, coches, autobuses, camiones, barcos, aviones, piezas y maquinaria, proporcionando un alto poder de limpieza.<\/span><\/p>\n<p>ENVASES: <span style=\"font-weight: 400;\">1,5L, 5L, 20L y 50L<\/span><\/p>\n<p>PRESTACIONES:<\/p>\n<p><span style=\"font-weight: 400;\">Con tensioactivos biodegradables<\/span><\/p>\n<p><span style=\"font-weight: 400;\">Limpia sin esfuerzo<\/span><\/p>\n<p><span style=\"font-weight: 400;\">Alta diluci\u00f3n<\/span><\/p>\n","protected":false},"excerpt":{"rendered":"<p>PROT MULT 200 es un producto que contiene un tensioactivo biodegradable. Fue desarrollado para ser utilizado como desengrasante alcalino multiuso y su f\u00f3rmula de alta concentraci\u00f3n proporciona altas diluciones y, consecuentemente, un alto rendimiento. Con excelente poder detergente y humectante debido a su alta concentraci\u00f3n, est\u00e1 dise\u00f1ado para eliminar grasas, aceites y grasas de equipos, [&hellip;]<\/p>\n","protected":false},"featured_media":4637,"template":"","meta":{"_acf_changed":false},"product_brand":[],"product_cat":[233,238,241,244,255,278,235,256,242,257,286,281],"product_tag":[311],"class_list":{"0":"post-129","1":"product","2":"type-product","3":"status-publish","4":"has-post-thumbnail","6":"product_cat-segmento-automotriz","7":"product_cat-lavado-profesional","8":"product_cat-higiene-general-automotriz","9":"product_cat-desengrasantes-alcalinos","10":"product_cat-motor","11":"product_cat-limpiadores","12":"product_cat-linea-desincrustante","13":"product_cat-chassis","14":"product_cat-categorias","15":"product_cat-ruedas-cajas-de-ruedas-y-neumaticos","16":"product_cat-multiuso","17":"product_cat-desengrasantes-alcalinos-otros-productos","18":"product_tag-limpieza-de-chasis","20":"first","21":"instock","22":"shipping-taxable","23":"product-type-simple"},"acf":[],"_links":{"self":[{"href":"https:\/\/protelim.com.br\/es\/wp-json\/wp\/v2\/product\/129","targetHints":{"allow":["GET"]}}],"collection":[{"href":"https:\/\/protelim.com.br\/es\/wp-json\/wp\/v2\/product"}],"about":[{"href":"https:\/\/protelim.com.br\/es\/wp-json\/wp\/v2\/types\/product"}],"version-history":[{"count":3,"href":"https:\/\/protelim.com.br\/es\/wp-json\/wp\/v2\/product\/129\/revisions"}],"predecessor-version":[{"id":9201,"href":"https:\/\/protelim.com.br\/es\/wp-json\/wp\/v2\/product\/129\/revisions\/9201"}],"wp:featuredmedia":[{"embeddable":true,"href":"https:\/\/protelim.com.br\/es\/wp-json\/wp\/v2\/media\/4637"}],"wp:attachment":[{"href":"https:\/\/protelim.com.br\/es\/wp-json\/wp\/v2\/media?parent=129"}],"wp:term":[{"taxonomy":"product_brand","embeddable":true,"href":"https:\/\/protelim.com.br\/es\/wp-json\/wp\/v2\/product_brand?post=129"},{"taxonomy":"product_cat","embeddable":true,"href":"https:\/\/protelim.com.br\/es\/wp-json\/wp\/v2\/product_cat?post=129"},{"taxonomy":"product_tag","embeddable":true,"href":"https:\/\/protelim.com.br\/es\/wp-json\/wp\/v2\/product_tag?post=129"}],"curies":[{"name":"wp","href":"https:\/\/api.w.org\/{rel}","templated":true}]}}